{"id":879,"date":"2015-12-25T18:55:22","date_gmt":"2015-12-25T17:55:22","guid":{"rendered":"https:\/\/marielisel.com\/?page_id=879"},"modified":"2015-12-25T18:55:22","modified_gmt":"2015-12-25T17:55:22","slug":"marie-lisel","status":"publish","type":"page","link":"https:\/\/test2.under-construction.work\/index.php\/marie-lisel\/","title":{"rendered":"Parcours"},"content":{"rendered":"<p class=\"western\" lang=\"fr-FR\" style=\"text-align:justify;\" align=\"justify\"><strong>Depuis ma naissance dans les ann\u00e9es 70 en Ardenne belge, j\u2019ai eu plusieurs vies.<\/strong><\/p>\n<p class=\"western\" lang=\"fr-FR\" style=\"text-align:justify;\" align=\"justify\">J\u2019ai chevauch\u00e9 dans les for\u00eats, observ\u00e9 les oiseaux, caress\u00e9 les foug\u00e8res, nag\u00e9 dans les rivi\u00e8res, m\u00e9dit\u00e9 sur la mousse, couru dans les trou\u00e9es, ador\u00e9 les abeilles.<\/p>\n<p class=\"western\" lang=\"fr-FR\" style=\"text-align:justify;\" align=\"justify\">J\u2019ai migr\u00e9 en ville \u00e0 18 ans, d\u00e9vor\u00e9 la culture (un monde s&rsquo;ouvre!), obtenu un master en lettres modernes et un capes pour enseigner le fran\u00e7ais.<\/p>\n<p lang=\"fr-FR\" align=\"justify\">J&rsquo;ai suivi pendant des ann\u00e9es des cours r\u00e9guliers et des stages intensifs amateurs et semi-pro, en danse contemporaine, en th\u00e9\u00e2tre (essentiellement russe et brechtien) et en cin\u00e9ma. J\u2019ai \u00e9cum\u00e9 les expositions d\u2019art contemporain, concerts exp\u00e9rimentaux, sc\u00e8nes de danse et th\u00e9\u00e2tre biblio-vid\u00e9o-BDth\u00e8ques, mus\u00e9es, cin\u00e9mas\u2026<\/p>\n<p class=\"western\" lang=\"fr-FR\" style=\"text-align:justify;\" align=\"justify\">Je me suis investie dans le milieu de l\u2019art contemporain et j\u2019ai enseign\u00e9 l\u2019initiation aux arts \u00e0 de grands adolescents, dans un lyc\u00e9e o\u00f9 j\u2019ai mont\u00e9 un panel de projets scolaires en collaboration avec des artistes et des institutions culturelles.<\/p>\n<p class=\"western\" lang=\"fr-FR\" style=\"text-align:justify;\" align=\"justify\">J\u2019ai fait des rencontres extraordinaires.<\/p>\n<p class=\"western\" lang=\"fr-FR\" style=\"text-align:justify;\" align=\"justify\">J\u2019ai \u00e9crit, dans\u00e9, jou\u00e9, compos\u00e9, cr\u00e9\u00e9, march\u00e9.<\/p>\n<p class=\"western\" lang=\"fr-FR\" style=\"text-align:justify;\" align=\"justify\">J\u2019ai fr\u00e9quent\u00e9 les institutions et rempli des dossiers.<\/p>\n<p class=\"western\" lang=\"fr-FR\" style=\"text-align:justify;\" align=\"justify\">J\u2019ai explor\u00e9 les marges, les paraphilies, les zones libertaires.<\/p>\n<p class=\"western\" lang=\"fr-FR\" style=\"text-align:justify;\" align=\"justify\">Je me suis allong\u00e9e sept ans sur un divan freudien, en lisant toutes les psychanalyseries qui me tombaient sous la main.<\/p>\n<p class=\"western\" lang=\"fr-FR\" style=\"text-align:justify;\" align=\"justify\">J\u2019ai d\u00e9but\u00e9 la cr\u00e9ation radio pour raconter l\u2019histoire de Michael, puis j\u2019ai continu\u00e9.<\/p>\n<p class=\"western\" lang=\"fr-FR\" style=\"text-align:justify;\" align=\"justify\">J\u2019ai ajout\u00e9 la compositrice \u00e0 l\u2019auditrice en musique \u00e9lectroacoustique et j\u2019ai pass\u00e9 l\u2019examen du Conservatoire \u00e0 Rayonnement D\u00e9partemental de Pantin, o\u00f9 j&rsquo;ai suivi un cursus de deux ans.<\/p>\n<p class=\"western\" lang=\"fr-FR\" style=\"text-align:justify;\" align=\"justify\">J\u2019ai connu l\u2019hypnose \u00e9ricksonienne en tant que cliente il y a bien longtemps (d\u00e9but de psychanalyse) puis j\u2019ai commenc\u00e9 \u00e0 l\u2019\u00e9tudier avec passion il y a plusieurs ann\u00e9es, seule et ensuite dans divers instituts, jusqu\u2019\u00e0 devenir Maitre praticienne certifi\u00e9e par <a href=\"http:\/\/www.arche-hypnose.com\/\">l&rsquo;Arche<\/a>. Je suis toujours des formations compl\u00e9mentaires autant th\u00e9oriques que pratiques.<\/p>\n<p lang=\"fr-FR\" align=\"justify\"><img loading=\"lazy\" decoding=\"async\" class=\"alignnone size-full wp-image-12767\" src=\"https:\/\/test2.under-construction.work\/wp-content\/uploads\/2019\/08\/69996859_2495941740634015_6726558297576439808_o.jpg\" alt=\"69996859_2495941740634015_6726558297576439808_o\" width=\"2048\" height=\"1670\" \/><\/p>\n<p class=\"western\" lang=\"fr-FR\" align=\"justify\"><strong>Aujourd\u2019hui, je suis Maitre Praticienne en hypnose et hypnologue (chercheuse en hypnose), artiste,\u00a0 exploratrice du son, de la voix, de la transe, du monde int\u00e9rieur, des connexions singuli\u00e8res, du sensoriel consensuel et hors pistes.<\/strong><\/p>\n<p lang=\"fr-FR\" align=\"justify\">Je suis aussi (dans le d\u00e9sordre et en vrac): f\u00e9ministe (queer, inclusive, propute), licorne&#8230; visc\u00e9ralement amoureuse de la nature et du vivant, cousine de la famille des z\u00e8bres, Belge, f\u00e9e, sorci\u00e8re&#8230;<\/p>\n<p class=\"western\" lang=\"fr-FR\" style=\"text-align:justify;\" align=\"justify\">Depuis de longues ann\u00e9es, je poursuis la recherche de l\u2019ouverture des possibles en accord avec les d\u00e9sirs profonds, autant dans mon approche de l\u2019hypnose que dans mes cr\u00e9ations et autres explorations sensorielles.<\/p>\n<p class=\"western\" lang=\"fr-FR\" style=\"text-align:justify;\" align=\"justify\">A chaque tournant, je m\u2019\u00e9coute, je mets les choses en places, j\u2019y crois totalement et je me lance \u00e0 fond. J\u2019ai aim\u00e9 et v\u00e9cu intens\u00e9ment en donnant le meilleur de moi-m\u00eame dans diff\u00e9rentes villes et diff\u00e9rents champs socio-culturels, sans refuser de m\u2019immerger dans de nouveaux horizons lorsqu\u2019un d\u00e9sir me titille et que je calibre qu\u2019il est positif de le r\u00e9aliser, sans renier ce que je laisse suffisamment t\u00f4t pour poursuivre mon chemin en conservant les liens et bagages essentiels. Je m\u2019enrichis de toutes ces exp\u00e9riences et partages entiers, autant intellectuellement, qu\u2019\u00e9motionnellement, socialement, sensoriellement, intuitivement\u2026 et j\u2019esp\u00e8re l\u2019enrichissement r\u00e9ciproque car je m\u2019emploie beaucoup \u00e0 l\u2019\u00e9change de savoirs, de pratiques, de services, de chaleur, de soutien\u2026 lorsque j\u2019en ressens la justesse.<\/p>\n<p class=\"western\" lang=\"fr-FR\" style=\"text-align:justify;\" align=\"justify\"><strong>J\u2019ai la croyance que rencontrer ses d\u00e9sirs profonds, faire des choix v\u00e9ritables \u2013 que ce soient des ajustements ou de v\u00e9ritables tournants \u2013, d\u00e9velopper sa cr\u00e9ativit\u00e9 pour vivre libre, align\u00e9, centr\u00e9, dans l\u2019ouverture des possibles et la confiance en soi, rend heureux et que cette posture juste rayonne sur l\u2019entourage, la soci\u00e9t\u00e9, le monde.<\/strong><\/p>\n<p class=\"western\" lang=\"fr-FR\" style=\"text-align:justify;\" align=\"justify\"><a href=\"https:\/\/test2.under-construction.work\/seances\/\" target=\"_blank\" rel=\"noopener\">Bienvenue en s\u00e9ance<\/a><\/p>\n<p class=\"western\" lang=\"fr-FR\" style=\"text-align:justify;\" align=\"justify\"><span style=\"color:#000000;font-family:Arial Black;font-size:large;\"><b>\u00a9<\/b><\/span><b><\/b> Marie Lisel<\/p>\n<p class=\"western\" lang=\"fr-FR\" style=\"text-align:justify;\" align=\"justify\"><img loading=\"lazy\" decoding=\"async\" class=\"wp-image-4682\" src=\"https:\/\/test2.under-construction.work\/wp-content\/uploads\/2015\/12\/mg_6523.jpg\" alt=\"_MG_6523\" width=\"320\" height=\"480\" \/><\/p>\n","protected":false},"excerpt":{"rendered":"<p>Depuis ma naissance dans les ann\u00e9es 70 en Ardenne belge, j\u2019ai eu plusieurs vies. J\u2019ai chevauch\u00e9 dans les for\u00eats, observ\u00e9 les oiseaux, caress\u00e9 les foug\u00e8res, nag\u00e9 dans les rivi\u00e8res, m\u00e9dit\u00e9 sur la mousse, couru dans les trou\u00e9es, ador\u00e9 les abeilles. J\u2019ai migr\u00e9 en ville \u00e0 18 ans, d\u00e9vor\u00e9 la culture (un monde s&rsquo;ouvre!), obtenu un [&hellip;]<\/p>\n","protected":false},"author":2,"featured_media":0,"parent":0,"menu_order":0,"comment_status":"closed","ping_status":"closed","template":"","meta":{"footnotes":""},"class_list":["post-879","page","type-page","status-publish","hentry"],"_links":{"self":[{"href":"https:\/\/test2.under-construction.work\/index.php\/wp-json\/wp\/v2\/pages\/879","targetHints":{"allow":["GET"]}}],"collection":[{"href":"https:\/\/test2.under-construction.work\/index.php\/wp-json\/wp\/v2\/pages"}],"about":[{"href":"https:\/\/test2.under-construction.work\/index.php\/wp-json\/wp\/v2\/types\/page"}],"author":[{"embeddable":true,"href":"https:\/\/test2.under-construction.work\/index.php\/wp-json\/wp\/v2\/users\/2"}],"replies":[{"embeddable":true,"href":"https:\/\/test2.under-construction.work\/index.php\/wp-json\/wp\/v2\/comments?post=879"}],"version-history":[{"count":0,"href":"https:\/\/test2.under-construction.work\/index.php\/wp-json\/wp\/v2\/pages\/879\/revisions"}],"wp:attachment":[{"href":"https:\/\/test2.under-construction.work\/index.php\/wp-json\/wp\/v2\/media?parent=879"}],"curies":[{"name":"wp","href":"https:\/\/api.w.org\/{rel}","templated":true}]}}