{"id":893,"date":"2015-12-25T21:59:43","date_gmt":"2015-12-25T20:59:43","guid":{"rendered":"https:\/\/marielisel.com\/seance-hypnose\/etat-hypnotique\/"},"modified":"2015-12-25T21:59:43","modified_gmt":"2015-12-25T20:59:43","slug":"etat-hypnotique","status":"publish","type":"page","link":"https:\/\/test2.under-construction.work\/index.php\/etat-hypnotique\/","title":{"rendered":"Etat hypnotique"},"content":{"rendered":"<p class=\"western\" lang=\"fr-FR\" style=\"text-align:justify;\" align=\"justify\">L\u2019\u00e9tat d\u2019hypnose est un <strong>\u00e9tat modifi\u00e9 de conscience<\/strong> auquel on acc\u00e8de par un proc\u00e9d\u00e9 qui se nomme \u00ab\u00a0<strong>induction<\/strong>\u00a0\u00bb, lors d\u2019un <strong>accompagnement par un hypnotiste ou en autohypnose<\/strong>.<\/p>\n<p class=\"western\" lang=\"fr-FR\" style=\"text-align:justify;\" align=\"justify\"><strong>Chacun vit des \u00e9tats modifi\u00e9s de conscience au quotidien, mais naturels ou du moins plus spontan\u00e9s<\/strong>.<\/p>\n<p class=\"western\" lang=\"fr-FR\" style=\"text-align:justify;\" align=\"justify\">Quel est <strong>le livre ou le film<\/strong> qui vous a embarqu\u00e9 tellement loin que vous avez ressenti un climat particulier, une sensation d\u2019acc\u00e9l\u00e9ration, de vertige, de plong\u00e9e, de ralentissement, d\u2019\u00e9tranget\u00e9\u2026, une \u00e9motion puissante, une impression d\u2019immensit\u00e9, une connexion avec le monde, comme avec davantage de clart\u00e9\u00a0?<\/p>\n<p class=\"western\" lang=\"fr-FR\" style=\"text-align:justify;\" align=\"justify\">Avez-vous d\u00e9j\u00e0 <strong>pass\u00e9 en revue une conversation<\/strong>, un souvenir ou un fantasme avec tellement de concentration que vous avez alors eu l\u2019impression de le vivre\u00a0?<\/p>\n<p class=\"western\" lang=\"fr-FR\" style=\"text-align:justify;\" align=\"justify\">Avec quel degr\u00e9 de surprise avez-vous r\u00e9alis\u00e9 que vous \u00e9tiez dans un endroit et dans une position que vous aviez oubli\u00e9s en <strong>focalisant toute votre attention sur une t\u00e2che<\/strong> manuelle ou intellectuelle extr\u00eamement pr\u00e9cise, jusqu\u2019\u00e0 ce qu\u2019une personne vous adresse la parole ou qu\u2019un bruit soudain vous \u00ab\u00a0ram\u00e8ne\u00a0\u00bb?<\/p>\n<p class=\"western\" lang=\"fr-FR\" style=\"text-align:justify;\" align=\"justify\">Quand est-ce la derni\u00e8re fois que vous avez <strong>march\u00e9 ou roul\u00e9<\/strong> jusqu\u2019\u00e0 votre destination, sans aucune id\u00e9e du chemin parcouru pendant que vous \u00e9tiez psychiquement ailleurs que sur la route\u00a0?<\/p>\n<p class=\"western\" lang=\"fr-FR\" style=\"text-align:justify;\" align=\"justify\">Pouvez-vous vous souvenir d\u2019un instant o\u00f9 <strong>la musique a fait bouger vos jambes<\/strong>, vos bras, votre corps entier, comme une mer de vagues sans que vous vous contr\u00f4liez ?<\/p>\n<p class=\"western\" lang=\"fr-FR\" style=\"text-align:justify;\" align=\"justify\">Connaissez-vous ces instants o\u00f9 <strong>le temps semble se dilater<\/strong>, comme pour laisser \u00e0 la balle le temps de l\u2019immensit\u00e9 ou \u00e0 la sc\u00e8ne le temps d\u2019\u00eatre r\u00e9alis\u00e9e\u00a0?<\/p>\n<p class=\"western\" lang=\"fr-FR\" style=\"text-align:justify;\" align=\"justify\">Reconnaissez-vous avoir exp\u00e9riment\u00e9 cet \u00e9tat d\u2019ici et d\u2019ailleurs, de mouvements spontan\u00e9s, de commandes laiss\u00e9es au copilote pour laisser votre esprit s\u2019occuper d\u2019autres t\u00e2ches, de d\u00e9formations temporelle?<\/p>\n<p class=\"western\" lang=\"fr-FR\" style=\"text-align:justify;\" align=\"justify\"><strong>Les enfants se fabriquent des mondes parall\u00e8les<\/strong> avec quelques objets et brindilles, se donnent des superpouvoirs, transforment leur identit\u00e9\u2026 <strong>Certains adultes conservent cette<\/strong> <strong>facult\u00e9 \u00e0 jouer, rejouer, surjouer, d\u00e9jouer ailleurs les d\u00e9sirs, sensations, manques, tensions, vibrations qui les habitent<\/strong>, gr\u00e2ce \u00e0 leurs voyages imaginaires, aux jeux de r\u00f4les en ligne (testez les oculus rift\u00a0!) ou IRL, \u00e0 la cr\u00e9ation artistique ou simplement gr\u00e2ce \u00e0 leur attitude et fonctionnement dans la vie.<\/p>\n<p class=\"western\" lang=\"fr-FR\" style=\"text-align:justify;\" align=\"justify\"><strong>L\u2019\u00e9tat d\u2019hypnose est semblable \u00e0 ces \u00e9tats modifi\u00e9s de conscience quotidiens, \u00e0 la diff\u00e9rence qu\u2019il n\u2019arrive ni au hasard ni lors d\u2019activit\u00e9s diverses, mais par le proc\u00e9d\u00e9 de l\u2019induction, qui permet de se connecter avec son moi profond en vue d\u2019une interaction particuli\u00e8re, d\u2019un apprentissage, d\u2019un changement.<\/strong><\/p>\n<p class=\"western\" lang=\"fr-FR\" style=\"text-align:justify;\" align=\"justify\"><strong>Certains parlent d\u2019inconscient, d\u2019autres de copilote, moi profond, mon autre, ma partie cach\u00e9e, mon intelligence sup\u00e9rieure<\/strong>\u2026 Certains l\u2019envisagent comme une entit\u00e9 et d\u2019autres comme diff\u00e9rentes entit\u00e9s int\u00e9rieures, qui cohabitent, prennent plus ou moins de place, \u00e9mergent ou restent cach\u00e9es selon les contextes, s\u2019entendent, s\u2019entraident ou se font la guerre.<\/p>\n<p class=\"western\" lang=\"fr-FR\" style=\"text-align:justify;\" align=\"justify\">Les ann\u00e9es 80 ont focalis\u00e9 sur notre <strong>enfant int\u00e9rieur.<\/strong> Est-il bless\u00e9 ou explorateur\u00a0? Nous pouvons aussi \u00eatre attentif \u00e0 la fa\u00e7on dont la partie <strong>soignante<\/strong> prot\u00e8ge et nourrit nous-m\u00eame et notre entourage. Comment notre partie <strong>filoute<\/strong> (voire parfois l\u00e9g\u00e8rement perverse\u00a0?), s\u2019amuse \u00e0 gagner ses jetons. Quel <strong>animal<\/strong> nous repr\u00e9senterait lorsque nous nous sentons joyeux, heureux\u00a0? Quel animal sommes-nous en chasse, en tant que proie ou pr\u00e9dateur ? Comment serait <strong>le ou la sage<\/strong> qui tente de nous faire entendre raison\u00a0? Quelle vigie observe tout ce monde et analyse, prend de la distance, cr\u00e9e des liens, commente, voire donne l\u2019alerte\u00a0? Quel <strong>ado<\/strong> contre tout, timide ou furieusement en vie nous taraude\u00a0? Si j\u2019\u00e9tais des arbres, des fleurs, des animaux marins, des mammif\u00e8res, des oiseaux, des reptiles, des insectes, des h\u00e9ros et h\u00e9ro\u00efnes de BD, de film, de l\u00e9gendes, de contes, des dieux et d\u00e9esses\u00a0?\u2026 si j\u2019\u00e9tais\u2026<\/p>\n<p class=\"western\" lang=\"fr-FR\" style=\"text-align:justify;\" align=\"justify\"><strong>Dans une autre fa\u00e7on de concevoir l\u2019\u00e9tat hypnotique, le moi dans l\u2019\u00e9tat ordinaire n\u2019a de contact avec son psychisme, avec son environnement direct et avec le monde qu\u2019\u00e0 travers des filtres<\/strong> (nos repr\u00e9sentations, paradigmes, repr\u00e9sentations, habitudes, r\u00e9flexes, pr\u00e9suppos\u00e9s\u2026 selon les contextes et selon les lexiques). <strong>La clart\u00e9 est atteinte gr\u00e2ce un certain \u00e9tat modifi\u00e9 de conscience.<\/strong> Le monde appara\u00eet alors diff\u00e9remment, sans les filtres personnels, familiaux, culturels, \u00e9motionnels. Ce serait comme une conscience \u00e9largie, une compr\u00e9hension sensible augment\u00e9e, une illumination intuitive, l\u2019impression de toucher l\u00e0 un point central, comme un aboutissement inopin\u00e9 d\u2019une s\u00e9rie de questionnements.<\/p>\n<p class=\"western\" lang=\"fr-FR\" style=\"text-align:justify;\" align=\"justify\"><strong>Dans cet \u00e9tat modifi\u00e9 de conscience, une connexion, \u00e0 un niveau sup\u00e9rieur, est \u00e9galement possible<\/strong>\u00a0: non seulement avec soi-m\u00eame, mais aussi avec ses racines profondes, son environnement, la soci\u00e9t\u00e9, la nature\u2026 Il permet d\u2019envisager le monde avec un point de vue in\u00e9dit, d\u2019explorer ses pays int\u00e9rieurs, de d\u00e9passer les limitations des m\u00e9canismes appris et reproduits malgr\u00e9 soi, de quitter le pi\u00e8ge de la routine pour avancer librement vers un objectif d\u00e9sir\u00e9, \u00e0 un rythme choisi, par le chemin le plus adapt\u00e9, d\u2019un pas singulier.<\/p>\n<p class=\"western\" lang=\"fr-FR\" style=\"text-align:justify;\" align=\"justify\"><strong>A chacun sa repr\u00e9sentation et ses attentes. L\u2019\u00e9tat d\u2019hypnose n\u2019impose rien de l\u2019ext\u00e9rieur.<\/strong> L\u2019hypnotiste \u00e9ricksonien, contrairement \u00e0 l\u2019hypnotiste classique (que l\u2019on peut croiser en spectacle ou sur les plateaux t\u00e9l\u00e9s), travaille sur et avec les croyances de son client. Le contenu lui importe peu. Les processus \u2013 la place des \u00e9motions, les liens entre un objet et une r\u00e9action, les symbolisations de la personne sous hypnose \u2013 sont la mati\u00e8re de ses s\u00e9ances, pour permettre l\u2019\u00e9volution, la red\u00e9couverte de soi, davantage d\u2019ancrage et de libert\u00e9.<\/p>\n<p class=\"western\" lang=\"fr-FR\" style=\"text-align:justify;\" align=\"justify\">Quoi qu\u2019il en soit, en \u00e9tat hypnotique, <strong>les limites deviennent floues et mall\u00e9ables<\/strong>. Entre le pass\u00e9, le pr\u00e9sent et le futur. Entre diff\u00e9rents contextes. Entre moi et moi l\u00e9g\u00e8rement chang\u00e9, entre le corps et l\u2019esprit, entre la r\u00e9alit\u00e9 partag\u00e9e et l\u2019imaginaire, entre moi et le monde, entre une repr\u00e9sentation nouvelle et une habitude tellement us\u00e9e qu\u2019elle semble naturelle, entre la zone de confort et le champ des possibles\u2026<\/p>\n<p class=\"western\" lang=\"fr-FR\" style=\"text-align:justify;\" align=\"justify\"><strong>Cette clairvoyance dans la compr\u00e9hension sensible et ce flou des limites offrent une palette infinie de possibilit\u00e9s et facilitent le changement.<\/strong><\/p>\n<p class=\"western\" lang=\"fr-FR\" style=\"text-align:justify;\" align=\"justify\">L\u2019hypnose donne le moyen \u00e0 chacun de <strong>transformer sa subjectivit\u00e9, de choisir d\u2019\u00e9voluer selon ses intentions<\/strong> et non coinc\u00e9 dans des sch\u00e9mas cr\u00e9\u00e9s par des trauma-racines (et\/ou accumulations de mini-traumas pass\u00e9s inaper\u00e7us), des routines, des croyances. il s\u2019agit de <strong>r\u00e9orienter l\u2019esprit de changer de cap, d\u2019apprendre \u00e0 se servir de son esprit pour aller dans une direction choisie et de g\u00e9rer les \u00e9motions li\u00e9es \u00e0 ce changement.<\/strong><\/p>\n<p class=\"western\" lang=\"fr-FR\" style=\"text-align:justify;\" align=\"justify\">Dans ce processus, <strong>une dissociation<\/strong> est en place. La personne sous hypnose ne \u00ab\u00a0dort\u00a0\u00bb pas. Une partie d\u2019elle reste consciente et peut parler ou agir volontairement, une autre analyse ce qui se passe dans le voyage de fa\u00e7on diff\u00e9rente du conscient (lib\u00e9r\u00e9 des habitudes et r\u00e9flexes), comme <strong>une vigie, un observateur int\u00e9rieur<\/strong>, qui sait qu\u2019elle est assise en s\u00e9ance, alors que d\u2019autres parties vivent des exp\u00e9riences sous la forme de r\u00eaves \u00e9veill\u00e9s, auxquels participent aussi bien le mental, que les \u00e9motions, les sensations, l\u2019intuition\u2026<\/p>\n<p class=\"western\" lang=\"fr-FR\" style=\"text-align:justify;\" align=\"justify\"><strong>De nombreuses applications s\u2019offrent \u00e0 ce processus<\/strong>: l\u2019hypnose \u00e0 vis\u00e9e th\u00e9rapeutique\u2026 le d\u00e9veloppement personnel par l\u2019hypnose, l\u2019hypnose d\u2019exploration \u00e0 vis\u00e9e exp\u00e9rimentale, artistique, ludique\u2026 le coaching par l\u2019hypnose\u2026 les s\u00e9ances d\u00e9nouent des tensions qui permettent \u00e0 certains troubles physiques et psychiques de s\u2019\u00e9vacuer, ouvrent la cr\u00e9ativit\u00e9 artistique, construisent l\u2019innovation singuli\u00e8re au quotidien, transforment un enjeu en jeu, cr\u00e9e le r\u00eave endormi ou \u00e9veill\u00e9\u2026<\/p>\n<p class=\"western\" lang=\"fr-FR\" style=\"text-align:justify;\" align=\"justify\"><strong>L\u2019hypnose lib\u00e8re des conventions qui restreignent nos existences.<\/strong><\/p>\n<p class=\"western\" lang=\"fr-FR\" style=\"text-align:justify;\" align=\"justify\">D\u00e9passer sa phobie (de l\u2019avion, des ascenseurs, de l\u2019eau, de la foule, des d\u00e9marches administratives\u2026), r\u00e9gler un dysfonctionnement devenu automatique (b\u00e9gaiement, posture inadapt\u00e9e face \u00e0 une personne en particulier\u2026), g\u00e9rer la douleur, moduler un acouph\u00e8ne, d\u00e9velopper la confiance en soi, g\u00e9rer le stress, \u00eatre au top en vue d\u2019un moment important (une comp\u00e9tition sportive, une r\u00e9union primordiale, un entretien d\u2019embauche, un mariage, une naissance\u2026), arr\u00eater de fumer ou de se goinfrer, d\u00e9passer un deuil, d\u00e9velopper une comp\u00e9tence (concentration, \u00e9coute, calme, d\u00e9l\u00e9gation, aprentissage\u2026), faire connaissance avec soi en anticipant un changement (changement de sexe, d\u00e9m\u00e9nagement, tournant de vie), visiter sa biblioth\u00e8que int\u00e9rieure ou la caverne de sa voix, tester un nouveau trait de caract\u00e8re enfoui jusque-l\u00e0, nettoyer la fatigue, tracer les \u00e9motions li\u00e9es \u00e0 un texte de th\u00e9\u00e2tre ou de cin\u00e9ma, conseiller et c\u00e2liner l\u2019enfant que l\u2019on est en soi, suivre une m\u00e9lodie et lui inventer des couleurs, prendre le pli de positiver, r\u00e9tablir ou att\u00e9nuer un lien \u00e9motionnel avec une personne que l\u2019on a du mal \u00e0 aimer, \u00e0 supporter ou \u00e0 quitter, faire \u00e9merger l\u2019envie de se red\u00e9couvrir au travers de nouveaux ressentis, inventer un paysage \u00e0 partir d\u2019un portrait, prendre une d\u00e9cision en toute libert\u00e9 et l\u2019assumer dans la joie, vivre un r\u00eave \u00e9veill\u00e9 en toute s\u00e9curit\u00e9, transformer les vibrations de la fraise du dentiste en recharge pour le chakra du sexe (invent\u00e9, test\u00e9 et waou\u00a0!), se projeter dans l\u2019avenir en tant que prolongation de ce qui est mis en place au pr\u00e9sent et dialoguer avec son \u00eatre int\u00e9rieur plus \u00e2g\u00e9, pour comprendre, apprendre et s\u2019amuser avec soi, jouir du coude, \u00e9crire intuitivement, revivre un souvenir merveilleux, explorer un passage de vie, d\u00e9programmer une association d\u2019id\u00e9e ou de date ou de lieu, transformer un son en mouvement, entrer dans une \u0153uvre d\u2019art et l\u2019explorer, ressentir ses ailes pousser en chrysalide et puis s\u2019envoler\u2026<\/p>\n<p class=\"western\" lang=\"fr-FR\" style=\"text-align:justify;\" align=\"justify\"><strong>Notre monde int\u00e9rieur est profond, mouvant \u2026 et connect\u00e9 directement \u00e0 notre fa\u00e7on de percevoir, de ressentir, de se souvenir, de concevoir, d\u2019agir dans l\u2019ici et maintenant<\/strong>.<\/p>\n<p class=\"western\" lang=\"fr-FR\" style=\"text-align:justify;\" align=\"justify\">Il suffit d\u2019oser.<\/p>\n<p class=\"western\" lang=\"fr-FR\" style=\"text-align:justify;\" align=\"justify\">Bienvenue en s\u00e9ance : https:\/\/test2.under-construction.work\/contact-et-formulaire\/<\/p>\n<p class=\"western\" lang=\"fr-FR\" style=\"text-align:justify;\" align=\"justify\"><span style=\"color:#000000;font-family:Arial Black;font-size:large;\"><b>\u00a9<\/b><\/span><b><\/b> Marie Lisel<\/p>\n<p class=\"western\" lang=\"fr-FR\" style=\"text-align:justify;\" align=\"justify\">\n","protected":false},"excerpt":{"rendered":"<p>L\u2019\u00e9tat d\u2019hypnose est un \u00e9tat modifi\u00e9 de conscience auquel on acc\u00e8de par un proc\u00e9d\u00e9 qui se nomme \u00ab\u00a0induction\u00a0\u00bb, lors d\u2019un accompagnement par un hypnotiste ou en autohypnose. Chacun vit des \u00e9tats modifi\u00e9s de conscience au quotidien, mais naturels ou du moins plus spontan\u00e9s. Quel est le livre ou le film qui vous a embarqu\u00e9 tellement [&hellip;]<\/p>\n","protected":false},"author":2,"featured_media":0,"parent":0,"menu_order":0,"comment_status":"closed","ping_status":"closed","template":"","meta":{"footnotes":""},"class_list":["post-893","page","type-page","status-publish","hentry"],"_links":{"self":[{"href":"https:\/\/test2.under-construction.work\/index.php\/wp-json\/wp\/v2\/pages\/893","targetHints":{"allow":["GET"]}}],"collection":[{"href":"https:\/\/test2.under-construction.work\/index.php\/wp-json\/wp\/v2\/pages"}],"about":[{"href":"https:\/\/test2.under-construction.work\/index.php\/wp-json\/wp\/v2\/types\/page"}],"author":[{"embeddable":true,"href":"https:\/\/test2.under-construction.work\/index.php\/wp-json\/wp\/v2\/users\/2"}],"replies":[{"embeddable":true,"href":"https:\/\/test2.under-construction.work\/index.php\/wp-json\/wp\/v2\/comments?post=893"}],"version-history":[{"count":0,"href":"https:\/\/test2.under-construction.work\/index.php\/wp-json\/wp\/v2\/pages\/893\/revisions"}],"wp:attachment":[{"href":"https:\/\/test2.under-construction.work\/index.php\/wp-json\/wp\/v2\/media?parent=893"}],"curies":[{"name":"wp","href":"https:\/\/api.w.org\/{rel}","templated":true}]}}