{"id":9010,"date":"2018-01-18T13:18:03","date_gmt":"2018-01-18T12:18:03","guid":{"rendered":"https:\/\/marielisel.com\/?page_id=9010"},"modified":"2018-01-18T13:18:03","modified_gmt":"2018-01-18T12:18:03","slug":"atelier-dexploration-avec-les-oiseaux","status":"publish","type":"page","link":"https:\/\/test2.under-construction.work\/index.php\/ateliers-et-stages\/exploration-de-la-nature\/atelier-dexploration-avec-les-oiseaux\/","title":{"rendered":"R\u00eave \u00e9veill\u00e9 dirig\u00e9: \u00ab\u00a0avec les oiseaux\u00a0\u00bb"},"content":{"rendered":"<blockquote>\n<p style=\"text-align:center;\"><strong>LES OISEAUX<\/strong><\/p>\n<\/blockquote>\n<p>J&rsquo;ai choisi ce th\u00e8me suite \u00e0 ma relecture de \u00ab\u00a0<a href=\"http:\/\/www.buchetchastel.fr\/l-oiseau-et-ses-sens-tim-birkhead-9782283027202\" target=\"_blank\" rel=\"noopener\">L&rsquo;oiseau et ses sens<\/a>\u00a0\u00bb (Tim Birkhead), suite \u00e0 ma r\u00e9\u00e9coute de \u00ab\u00a0Birds Cage\u00a0\u00bb (John, Cage),\u00a0suite \u00e0 des rencontres furtives dans les bois gaumais en d\u00e9cembre (grande aigrette, et corbeau) et ailleurs (rouge-gorge et pic \u00e9peiche)&#8230; vive les oiseaux!<\/p>\n<p><strong>Laissez-vous voler dans les mots, les images, les connotations, les madeleines&#8230; et notez les bribes qui passent&#8230; pour rassembler des mat\u00e9riaux du r\u00eaver.<\/strong><\/p>\n<p><em>Oiseaux, aves, voler, plume, bec, orientation, air, eau, oeuf, arbre, nuage, nu\u00e9e, os creux, yeux ind\u00e9pendants, territoire, chant, cri, chasse, fruits, graines, pattes, serres, oreilles&#8230;<\/em><\/p>\n<p><strong>Renseignez-vous, documentez-vous \u00e0 votre rythme et selon vos intuitions<\/strong><\/p>\n<p><a href=\"http:\/\/www.buchetchastel.fr\/l-oiseau-et-ses-sens-tim-birkhead-9782283027202\" target=\"_blank\" rel=\"noopener\">L&rsquo;oiseau et ses sens (Tim Birkhead)<\/a><\/p>\n<p class=\"title style-scope ytd-video-primary-info-renderer\"><a href=\"https:\/\/www.youtube.com\/watch?v=aq6BrQrCajY\" target=\"_blank\" rel=\"noopener\">John Cage: Bird Cage (1972)<\/a><\/p>\n<p><a href=\"http:\/\/www.corif.net\">Corif<\/a>, <a href=\"http:\/\/www.aves.be\" target=\"_blank\" rel=\"noopener\">Aves<\/a>, <a href=\"http:\/\/www.oiseaux.net\/oiseaux\/belgique.html\" target=\"_blank\" rel=\"noopener\">oiseaux de Belgique<\/a><\/p>\n<p><a href=\"https:\/\/fr.wikipedia.org\/wiki\/Cat\u00e9gorie:Oiseau_de_fiction\" target=\"_blank\" rel=\"noopener\">Oiseaux de fiction<\/a><\/p>\n<p><a href=\"https:\/\/www.franceculture.fr\/recherche?q=oiseaux\" target=\"_blank\" rel=\"noopener\">France Culture et les oiseaux<\/a><\/p>\n<p><a href=\"https:\/\/naturophonia.jimdo.com\/accueil\/naturophonia-infos\/audio-naturaliste\/\" target=\"_blank\" rel=\"noopener\">L&rsquo;audionaturalisme<\/a><\/p>\n<p><a href=\"https:\/\/www.arteradio.com\/son\/616447\/noms_d_oiseaux\" target=\"_blank\" rel=\"noopener\">Rodolphe Alexis<\/a><\/p>\n<p><a href=\"https:\/\/www.arteradio.com\/son\/561023\/le_concert_de_l_oiseau\" target=\"_blank\" rel=\"noopener\">Le concert de l&rsquo;oiseau<\/a><\/p>\n<p><a href=\"https:\/\/www.franceculture.fr\/creation-sonore\/memoires-vives-les-oiseaux\" target=\"_blank\" rel=\"noopener\">M\u00e9moires vives<\/a><\/p>\n<p><a href=\"https:\/\/www.franceculture.fr\/emissions\/les-nuits-de-france-culture\/nuits-magnetiques-un-oiseau-au-micro-ou-l-univers-sonore-de\" target=\"_blank\" rel=\"noopener\">Jean-Claude Roch\u00e9<\/a><\/p>\n<p><a href=\"https:\/\/www.youtube.com\/watch?v=7h518W48BgI\" target=\"_blank\" rel=\"noopener\">C\u00e9leste Boursier Mougenot<\/a><\/p>\n<p>&#8230;les mythes et l\u00e9gendes comptent aussi de nombreux oiseaux!<\/p>\n<p>&nbsp;<\/p>\n<p><img loading=\"lazy\" decoding=\"async\" class=\"alignnone size-full wp-image-8967\" src=\"https:\/\/test2.under-construction.work\/wp-content\/uploads\/2018\/01\/capture-d_c3a9cran-2018-01-01-c3a0-15-35-56.png\" alt=\"Capture d_\u00e9cran 2018-01-01 \u00e0 15.35.56\" width=\"643\" height=\"431\" \/><\/p>\n<blockquote>\n<p style=\"text-align:center;\"><strong>ANIMALITE ET INTUITION<\/strong><\/p>\n<\/blockquote>\n<p>L\u2019hypnose permet<strong> l\u2019exp\u00e9rience d\u2019un mode augment\u00e9<\/strong>, bas\u00e9 sur\u00a0l&rsquo;instinct et \u00a0l\u2019intuition. L\u2019animalit\u00e9 de l\u2019humain est ainsi mise en hyper\u00e9veil, tandis que sa rationalit\u00e9 est mise en veille.<\/p>\n<p>L&rsquo;hypnose permet d&rsquo;accueillir<strong> nos repr\u00e9sentations animales,<\/strong> de dialoguer avec elles, de les accueillir, de collaborer, de les laisser transformer.<\/p>\n<p>L&rsquo;hypnose permet de donner une place \u00e0 ces\u00a0repr\u00e9sentations\u00a0dans la<strong> perception interne <\/strong>(comment je me per\u00e7ois, je per\u00e7ois mon corps) et<strong> externe <\/strong>(comment je per\u00e7ois l&rsquo;environnement, l&rsquo;autre), mais aussi dans<strong> les \u00e9motions, les impressions,\u00a0le mouvement, les automatismes, les processus de pens\u00e9es et de comportement&#8230; <\/strong>Car l&rsquo;hypnose permet de mod\u00e9liser un \u00eatre (prendre un mod\u00e8le qui a une ressource que je pense ne pas avoir) et de\u00a0tester le fait de &#8211; &#8230; &#8211; comme -&#8230;-, en ressenti r\u00e9el.<\/p>\n<p>Ces 3h d&rsquo;exploration en atelier ouvrent, d\u00e8s lors, \u00e0 une<strong> connexion avec des parties profondes, \u00e0 la reconnaissance de ressources enfouies <\/strong>pour les rendre disponibles pour cr\u00e9er sa vie, son oeuvre, son monde!<\/p>\n<p><strong>Elles n&rsquo;ont pas pour objectif direct de r\u00e9soudre un probl\u00e8me&#8230; m\u00eame si cela peut arriver de surcro\u00eet!<\/strong><\/p>\n<p>Nous envisagerons une suite animale au fur et \u00e0 mesure (ici, c&rsquo;est le second opus). Au printemps, de toute fa\u00e7on&#8230; hop hop hop dans les bois! \ud83d\ude42<\/p>\n<p><img loading=\"lazy\" decoding=\"async\" class=\"alignnone size-full wp-image-8970\" src=\"https:\/\/test2.under-construction.work\/wp-content\/uploads\/2018\/01\/20110506_093344.jpg\" alt=\"20110506_093344\" width=\"500\" height=\"322\" \/><\/p>\n<p>&nbsp;<\/p>\n<blockquote>\n<p style=\"text-align:center;\"><strong>Quelques explications<\/strong><\/p>\n<p style=\"text-align:center;\"><strong>Enfiler sa croyance? Choisir son mode?<\/strong><\/p>\n<\/blockquote>\n<p>Comme <strong>l\u2019hypnose lib\u00e8re du choix radical impos\u00e9 d\u2019une repr\u00e9sentation qui serait LA v\u00e9rit\u00e9<\/strong> de notre fonctionnement psychique\u2026 je peux me repr\u00e9senter ma discipline favorite de diff\u00e9rentes fa\u00e7ons et l\u2019utiliser efficacement selon des paradigmes vari\u00e9s.<\/p>\n<p>Quelques exemples de repr\u00e9sentations sont pr\u00e9sent\u00e9es dans mes articles. Je peux par exemple, dans une exploration hypnotique (exploration = \u00ab\u00a0cr\u00e9er son monde\u00a0\u00bb):<\/p>\n<ul>\n<li>rencontrer \u00ab\u00a0ciel qui sait\u00a0\u00bb en moi et lui demander de me faire d\u00e9couvrir son territoire<\/li>\n<li>explorer une vie que j&rsquo;imagine avoir v\u00e9cue il y a des centaines d&rsquo;ann\u00e9es<\/li>\n<li>rassembler une \u00e9quipe int\u00e9rieure pour atteindre un objectif de cr\u00e9ation, de tranquillisation, de conciliation, d&rsquo;exp\u00e9rimentation&#8230; que le \u00ab\u00a0moi\u00a0\u00bb rationnel ne parviendrait m\u00eame pas \u00e0 clarifier<\/li>\n<li>visiter mon corps et r\u00e9pondre \u00e0 ses besoins, me pr\u00e9senter en tant qu&rsquo;alli\u00e9.e<\/li>\n<li>jouer \u00e0 devenir la prolongation-proth\u00e8se d&rsquo;un objet, qui guide mon corps selon une t\u00e2che que l&rsquo;objet a \u00e0 effectuer en interaction avec un environnement<\/li>\n<li>capter une mod\u00e9lisation qui me plait chez un.e autre et l&rsquo;int\u00e9grer pour tester cette nouvelle ressource avant de l&rsquo;int\u00e9grer si elle convient ou de jouer dans un cadre avant de l&rsquo;enlever<\/li>\n<li>me connecter avec l&rsquo;une de mes parts (l&rsquo;organisatrice, la position m\u00e9ta, la sorci\u00e8re, le chat, Goldorak, la douce, la spirale ancr\u00e9e, l&rsquo;immat\u00e9rielle&#8230;) et lui laisser de la place<\/li>\n<li>entrer en \u00e9tat d&rsquo;hyperfocalisation et d&rsquo;expansion pour communiquer avec la nature<\/li>\n<li>faire circuler l&rsquo;\u00e9nergie sous diff\u00e9rents modes<\/li>\n<li>transformer des sons en sensations<\/li>\n<li>d&rsquo;autres id\u00e9es dans les articles et <a href=\"https:\/\/test2.under-construction.work\/seance-hypnose\/anecdotes-et-retours-de-seances\/\" target=\"_blank\" rel=\"noopener\">t\u00e9moignages<\/a><\/li>\n<\/ul>\n<p>Ces explorations se basent sur des repr\u00e9sentations diff\u00e9rentes de ma subjectivit\u00e9. <strong>Toutes sont \u00ab\u00a0r\u00e9elles\u00a0\u00bb et compatibles entre elles\u2026 pour moi<\/strong> (\u00e0 chacun sa carte du monde hypnotique!). Je les combine selon le\u00a0 \u00ab\u00a0on dirait qu\u2019on serait\u2026\u00a0\u00bb de\u00a0 l\u2019enfance, \u00ab\u00a0l\u2019accord temporaire de croyances\u00a0\u00bb du th\u00e9\u00e2tre et du cin\u00e9ma, le jeu, le r\u00eave \u00e9veill\u00e9\u2026 qui ouvrent les possibles et transforment vers la cr\u00e9ation de la vie, de l\u2019oeuvre, du monde.<\/p>\n<p>Lorsque l&rsquo;on s&rsquo;entraine r\u00e9guli\u00e8rement, <strong>le champ des possibles est infini<\/strong>, que ce soit guid\u00e9 ou en autohypnose. Et puis&#8230; les exp\u00e9riences s&rsquo;int\u00e8grent \u00e0 la vie quotidienne, \u00e0 la cr\u00e9ation, \u00e0 ce que je suis dans le monde partag\u00e9. Mon \u00ab\u00a0moi\u00a0\u00bb change, s&rsquo;ouvre, se lib\u00e8re, s&rsquo;amplifie!<\/p>\n<p>&nbsp;<\/p>\n<p><img loading=\"lazy\" decoding=\"async\" class=\"alignnone size-full wp-image-8919\" src=\"https:\/\/test2.under-construction.work\/wp-content\/uploads\/2017\/12\/25552244_10156025372874700_3129782191424392607_n.jpg\" alt=\"25552244_10156025372874700_3129782191424392607_n\" width=\"670\" height=\"768\" \/><\/p>\n<blockquote>\n<p style=\"text-align:center;\"><strong>Pourquoi choisir de se rendre sensible \u00e0 son animalit\u00e9?<\/strong><\/p>\n<\/blockquote>\n<p>L\u2019animal est guid\u00e9 dans ses choix par des r\u00e9flexes comportementaux et par son instinct. L\u2019humain paye sa libert\u00e9 de choix bien plus large par l&rsquo;appauvrissement sensoriel, le risque de l\u2019\u00e9garement et le r\u00e9seau d&rsquo;influences \u00ab\u00a0inconscientes\u00a0\u00bb.<\/p>\n<p><strong>M\u00eame la personne la plus passive provoque des r\u00e9actions chez un autre humain (le plus souvent inconscientes, c\u2019est-\u00e0-dire hors du champ de l\u2019attention).<\/strong> Ces r\u00e9actions provoquent des r\u00e9actions et ainsi de suite. Toutes nos interactions sont entrechoqu\u00e9es d\u2019influences r\u00e9ciproques. Pourquoi, entre deux personnes inconnues qui se ressemblent, l&rsquo;une nous appara\u00eet-elle sympathique et l&rsquo;autre antipathique, sans avoir interagi ni avec une ni avec l\u2019autre ? L\u2019influence est une action secr\u00e8te d\u2019un \u00eatre sur un autre. Et nous en sommes sans cesse travers\u00e9s.<\/p>\n<p><strong>L\u2019attitude d\u2019un animal vis-\u00e0-vis d\u2019un humain<\/strong> <strong>est souvent r\u00e9v\u00e9latrice de ces influences<\/strong> dont nous ne soup\u00e7onnons pas l\u2019existence car il ressent les signaux que nous envoyons inconsciemment, surtout si nous nous positionnons en humain utilitariste et con au point de vouloir lui mettre directement la main sur la t\u00eate.<\/p>\n<p>Et lorsque l&rsquo;humain quitte son positionnement habituel pour entrer dans un autre mode de communication, c&rsquo;est magique! <strong>Une autre connexion peut se faire (ou pas!), profonde, intense, augment\u00e9e, ouvrante&#8230; entre moi, l&rsquo;autre et le monde.<\/strong><\/p>\n<p><strong>D&rsquo;ailleurs, les animaux r\u00e9agissent fortement \u00e0 l\u2019\u00e9tat de transe, m\u00eame tr\u00e8s l\u00e9ger.<\/strong> Pour illustrer cela de fa\u00e7on personnelle, je pourrais raconter un grand nombre d\u2019histoires \u00e0 propos de chats qui se collent \u00e0 moi \u00ab\u00a0alors que d\u2019habitude ils se cachent quand un \u00e9tranger entre dans la maison\u00a0\u00bb dixit leur humain ou bien qui d\u00e9boulent en d\u00e9but de s\u00e9ance ou encore de chiens qui sont perplexes face \u00e0 l&rsquo;\u00eatre non identifi\u00e9 que je suis quand je \u00ab\u00a0voyage\u00a0\u00bb dans le bois ou de corvid\u00e9s qui se rapprochent de plus en plus pr\u00e8s. Bref&#8230;<\/p>\n<p>&nbsp;<\/p>\n<p><img loading=\"lazy\" decoding=\"async\" class=\"alignnone size-full wp-image-8968\" src=\"https:\/\/test2.under-construction.work\/wp-content\/uploads\/2018\/01\/capture-d_c3a9cran-2018-01-01-c3a0-17-27-16.png\" alt=\"Capture d_\u00e9cran 2018-01-01 \u00e0 17.27.16\" width=\"449\" height=\"302\" \/><\/p>\n<blockquote>\n<p style=\"text-align:center;\"><strong>Comment se connecter?<\/strong><\/p>\n<\/blockquote>\n<p>A chaque praticien.ne sa m\u00e9thode, selon ses orientations (chamanisme, communication animale, g\u00e9obiologie, totemprocess&#8230;). J&rsquo;en ai approch\u00e9 plusieurs sans m&rsquo;enfermer dans les th\u00e9ories d&rsquo;une approche en particulier.<\/p>\n<p><strong>Personnellement, je choisis de partager les outils de l&rsquo;hypnose \u00e9ricksonienne, avec pragmatisme et non\u00a0<\/strong><strong>dogmatisme.<\/strong> Tout ce que je partage, ce sont des moyens de transformation de la subjectivit\u00e9 et des exp\u00e9riences, surtout pas des th\u00e9ories \u00e9difi\u00e9es en v\u00e9rit\u00e9s. Apr\u00e8s, libre \u00e0 vous de les adapter et de vous en servir selon vos propres syst\u00e8mes de croyances, qui \u00e9voluent selon vos propres exp\u00e9riences.<\/p>\n<p><strong>En gros, nous exp\u00e9rimenterons deux axes: <\/strong><\/p>\n<ul>\n<li>rencontrer son ou ses oiseaux int\u00e9rieurs dans un <strong>r\u00eave \u00e9veill\u00e9.<\/strong><\/li>\n<li>laisser l&rsquo;un des oiseaux prendre de plus en plus de place en moi ou moi en iel pour ressentir, voir, entendre, sentir, go\u00fbter, bouger, <strong>explorer l&rsquo;espace&#8230; avec cet animal<\/strong>.<\/li>\n<\/ul>\n<p>Il ne s&rsquo;agit pas de \u00ab\u00a0montrer\u00a0\u00bb, de mimer, de faire comme si mais bien de <strong>laisser la repr\u00e9sentation int\u00e9rieure prendre corps<\/strong>. Cela peut \u00eatre tout petit (je peux marcher dans la rue ou donner cours avec la pr\u00e9sence de cette repr\u00e9sentation dans mon \u00ab\u00a0Moi\u00a0\u00bb) ou plus grand (je peux me vautrer, m&rsquo;\u00e9tirer, sauter, faire des sons&#8230; comme je ne me le permettrais peut-\u00eatre pas dans un autre contexte).<\/p>\n<p>Je vous propose d\u2019<strong>adopter la croyance de votre animalit\u00e9 et des pouvoirs incroyables<\/strong> qu\u2019elle vous donne! Si vous \u00e9tiez un animal\u2026?<\/p>\n<p>Je n\u2019affirme pas que cette croyance doit \u00eatre impos\u00e9e et en \u00e9liminer d\u2019autres. Elle peut \u00eatre adapt\u00e9e et adopt\u00e9e, temporairement ou \u00e0 long terme, si elle convient, comme une ressource disponible qui peut \u00eatre appel\u00e9e volontairement ou se mettre en place toute seule, selon les intentions.<\/p>\n<p>Parfois, je suis un oiseau. Et vous?<\/p>\n<p>&nbsp;<\/p>\n<p>&nbsp;<\/p>\n<p>&nbsp;<\/p>\n<p>&nbsp;<\/p>\n","protected":false},"excerpt":{"rendered":"<p>LES OISEAUX J&rsquo;ai choisi ce th\u00e8me suite \u00e0 ma relecture de \u00ab\u00a0L&rsquo;oiseau et ses sens\u00a0\u00bb (Tim Birkhead), suite \u00e0 ma r\u00e9\u00e9coute de \u00ab\u00a0Birds Cage\u00a0\u00bb (John, Cage),\u00a0suite \u00e0 des rencontres furtives dans les bois gaumais en d\u00e9cembre (grande aigrette, et corbeau) et ailleurs (rouge-gorge et pic \u00e9peiche)&#8230; vive les oiseaux! Laissez-vous voler dans les mots, les [&hellip;]<\/p>\n","protected":false},"author":2,"featured_media":8806,"parent":9350,"menu_order":0,"comment_status":"closed","ping_status":"closed","template":"","meta":{"footnotes":""},"class_list":["post-9010","page","type-page","status-publish","has-post-thumbnail","hentry"],"_links":{"self":[{"href":"https:\/\/test2.under-construction.work\/index.php\/wp-json\/wp\/v2\/pages\/9010","targetHints":{"allow":["GET"]}}],"collection":[{"href":"https:\/\/test2.under-construction.work\/index.php\/wp-json\/wp\/v2\/pages"}],"about":[{"href":"https:\/\/test2.under-construction.work\/index.php\/wp-json\/wp\/v2\/types\/page"}],"author":[{"embeddable":true,"href":"https:\/\/test2.under-construction.work\/index.php\/wp-json\/wp\/v2\/users\/2"}],"replies":[{"embeddable":true,"href":"https:\/\/test2.under-construction.work\/index.php\/wp-json\/wp\/v2\/comments?post=9010"}],"version-history":[{"count":0,"href":"https:\/\/test2.under-construction.work\/index.php\/wp-json\/wp\/v2\/pages\/9010\/revisions"}],"up":[{"embeddable":true,"href":"https:\/\/test2.under-construction.work\/index.php\/wp-json\/wp\/v2\/pages\/9350"}],"wp:featuredmedia":[{"embeddable":true,"href":"https:\/\/test2.under-construction.work\/index.php\/wp-json\/"}],"wp:attachment":[{"href":"https:\/\/test2.under-construction.work\/index.php\/wp-json\/wp\/v2\/media?parent=9010"}],"curies":[{"name":"wp","href":"https:\/\/api.w.org\/{rel}","templated":true}]}}