{"id":9048,"date":"2018-01-22T18:16:59","date_gmt":"2018-01-22T17:16:59","guid":{"rendered":"https:\/\/marielisel.com\/?page_id=9048"},"modified":"2018-01-22T18:16:59","modified_gmt":"2018-01-22T17:16:59","slug":"mes-creations-et-co-creations","status":"publish","type":"page","link":"https:\/\/test2.under-construction.work\/index.php\/a-propos\/mes-creations-et-co-creations\/","title":{"rendered":"(co-)cr\u00e9ation"},"content":{"rendered":"<blockquote><p><strong>CREATION SONORE ET PERFORMANCE PARTICIPATIVE<\/strong><\/p><\/blockquote>\n<p style=\"text-align:justify;\">Je suis\u00a0exploratrice sensorielle, artiste sonore et maitre praticienne en hypnose \u00e9ricksonienne: s\u00e9ances de th\u00e9rapie, d\u2019exploration, d\u2019accompagnement \u00e0 la cr\u00e9ation, <a href=\"https:\/\/test2.under-construction.work\/temoignages-en-ecole-superieure-dart-participation-detudiants-de-lensa-v-au-projet-de-jerome-poret-pour-la-marechalerie\/\" target=\"_blank\" rel=\"noopener\">workshops en \u00e9cole d\u2019art<\/a> et sur plateau ou en atelier, performances\u2026<\/p>\n<p style=\"text-align:justify;\">Les cr\u00e9ations sonores dont je suis (co-)autrice sont:\u00a0<em><a href=\"https:\/\/test2.under-construction.work\/2015\/12\/03\/recadrage-par-creation-radiophonique\/\" target=\"_blank\" rel=\"noopener\">Merci Madame<\/a><\/em> (27&rsquo;17s, 2013, ACSR), <em><a href=\"https:\/\/test2.under-construction.work\/2015\/12\/03\/creation-radio-hypnotique\/\" target=\"_blank\" rel=\"noopener\">bOa<\/a><\/em> (44&rsquo;33s, 2016, production ACSR, avec l&rsquo;aide du Fonds d&rsquo;aide \u00e0 la cr\u00e9ation radio de la communaut\u00e9-fran\u00e7aise-wallonie-Bruxelles -&gt; FACR), <em><a href=\"https:\/\/test2.under-construction.work\/2017\/07\/24\/agogies\/\" target=\"_blank\" rel=\"noopener\">Agogies<\/a> <\/em>(16&rsquo;50s, 2017, co-autrice avec Daniel Martin-Borret, autoproduction, mention au Prix Phonurgia 2017) et <em><a href=\"https:\/\/test2.under-construction.work\/2018\/05\/08\/creation-radiophonique-fantasmatique\/\" target=\"_blank\" rel=\"noopener\">Fantasmes<\/a><\/em> (52&rsquo;41s, 2018, Halolalune Production, avec l&rsquo;aide du FACR). Mon prochain projet, <em>Voyage en quadrangle<\/em> (Halolalune Production avec l&rsquo;aide de la subvention Gulliver, en partenariat avec la RTBF (Par Ou\u00ef-Dire), la RTS (Le Labo) et France Culture) arrivera en 2019. D&rsquo;autres sont en cours. Dans mes projets radiophoniques, j&rsquo;explore la crois\u00e9e entre la cr\u00e9ation sonore, l&rsquo;hypnose \u00e9ricksonienne et l&rsquo;exploration sensorielle. Mon <a href=\"https:\/\/marielisel.bandcamp.com\" target=\"_blank\" rel=\"noopener\">bandcamp<\/a>\u00a0offre quelques sons en ligne.<\/p>\n<p style=\"text-align:justify;\">Je travaille \u00e9galement en performances participatives, notamment autour des fantasmes, de la sorci\u00e8re, du rituel, des magies&#8230; Mais pas seulement.<\/p>\n<p>Et j&rsquo;ai cr\u00e9\u00e9 une installation sonore pour l&rsquo;exposition Magies Sorcelleries qui se tiendra au Museum de Toulouse de decembre 2020 \u00e0 novembre 2021.<\/p>\n<p style=\"text-align:justify;\">D&rsquo;autre part, je travaille en collaboration avec des artistes, selon divers positionnements. Cette ann\u00e9e s&rsquo;ouvre avec <a href=\"http:\/\/La Mar\u00e9chalerie \u2013 centre d\u2019art contemporain \/ ENSA V\" target=\"_blank\" rel=\"noopener\">J\u00e9r\u00f4me Poret <\/a>\u00e0 la Mar\u00e9chalerie et <a href=\"http:\/\/Conversation hypnotique avec Violaine Lochu, aux Ateliers Vortex (Dijon)\" target=\"_blank\" rel=\"noopener\">Violaine Lochu<\/a> aux Ateliers Vortex. (septembre-d\u00e9cembre et octobre 2019).<\/p>\n<p style=\"text-align:justify;\">Je donne des conf\u00e9rences entre sciences et arts, comme \u00ab\u00a0La transe hypnotique : pratiques et questions de recherche\u00a0\u00bb, lors de l&rsquo;atelier \u00ab\u00a0Etats-limites de l&rsquo;humain\u00a0\u00bb pour l&rsquo;IHEST (Minist\u00e8re de l&rsquo;Enseignement Sup\u00e9rieur, de la Recherche et de l&rsquo;Innovation) et j&rsquo;\u00e9change dans des tables-rondes.<\/p>\n<figure id=\"attachment_11530\" aria-describedby=\"caption-attachment-11530\" style=\"width: 870px\" class=\"wp-caption alignnone\"><img loading=\"lazy\" decoding=\"async\" class=\"alignnone size-full wp-image-11530\" src=\"https:\/\/test2.under-construction.work\/wp-content\/uploads\/2018\/10\/capture-d_c3a9cran-2018-10-26-c3a0-22-56-18.png\" alt=\"Capture d_\u00e9cran 2018-10-26 \u00e0 22.56.18\" width=\"870\" height=\"496\" \/><figcaption id=\"caption-attachment-11530\" class=\"wp-caption-text\">Intervention \u00ab\u00a0La transe hypnotique : pratiques et questions de recherche\u00a0\u00bb, lors de\u00a0l&rsquo;atelier \u00ab\u00a0Etats-limites de l&rsquo;humain\u00a0\u00bb du jeudi 18 octobre, pour l&rsquo;IHEST, l&rsquo;Institut des Hautes Etudes pour la science et la technologie (Minist\u00e8re de l&rsquo;Enseignement Sup\u00e9rieur, de la Recherche et de l&rsquo;Innovation)<\/figcaption><\/figure>\n<blockquote>\n<p style=\"text-align:center;\"><strong>TERRITOIRES DE CREATION<\/strong><\/p>\n<p style=\"text-align:center;\"><strong>ET POSITIONNEMENTS<\/strong><\/p>\n<\/blockquote>\n<p style=\"text-align:justify;\">La justesse des territoires de cr\u00e9ation retient mon attention (pour info, je les organise en auto-hypnose de fa\u00e7on kinesth\u00e9sique et synesth\u00e9sique en sensations-couleurs-m\u00e9taphores dans mon corps. Mes diff\u00e9rents positionnements ne sont pas que conceptuels).<\/p>\n<p><strong>Accompagnante (outil hypnotique humain)<br \/>\n<\/strong><\/p>\n<p style=\"text-align:justify;\">Comme le d\u00e9veloppe la page <a href=\"https:\/\/test2.under-construction.work\/accompagnement-pour-la-creation\/\">accompagnement pour la cr\u00e9ation<\/a>, je peux me positionner clairement en accompagnante en s\u00e9ance individuelle d&rsquo;hypnose, en tant que coach hypnotiste au service d&rsquo;un projet artistique, ou en tant qu&rsquo;accompagnatrice d&rsquo;un groupe en <a href=\"https:\/\/test2.under-construction.work\/accompagnement-pour-la-creation\/workshop-en-ecole-dart\/\" target=\"_blank\" rel=\"noopener\">workshop hypnotique<\/a> (\u00e9cole d&rsquo;art, compagnie&#8230;).<\/p>\n<p style=\"text-align:justify;\">C\u2019est le cas, par exemple, avec une intervention sur plateau dans le projet <em><a href=\"http:\/\/www.kfda.be\/fr\/programme\/boundary-games\" target=\"_blank\" rel=\"noopener noreferrer\">Boundary Games<\/a><\/em> de <a href=\"http:\/\/vaisseau-leadrouet.com\/project\/about\/\">L\u00e9a Drouet <\/a>(2018, Th\u00e9\u00e2tre Les Tanneurs dans le cadre du Kunstenfestivaldesarts), dans une recherche sur plateau pour les d\u00e9buts d\u2019une cr\u00e9ation de <a href=\"http:\/\/nouveauxballets.fr\/le%20junior%20ballet\/marion%20sage.html\">Marion Sage<\/a>\u00a0 (<a href=\"http:\/\/www.levivat.net\/les-residences\/marion-sage\">Le Vivat, Armenti\u00e8re<\/a>) ou dans la performance de dessin sous hypnose de\u00a0<a href=\"https:\/\/www.fabricecazenave.com\" target=\"_blank\" rel=\"noopener noreferrer\">Fabrice Cazenave<\/a>\u00a0dans le cadre du\u00a0programme de recherche DDD \u00ab\u00a0Dessein, Dessin, Design : fabrique m\u00e9diatique de l\u2019histoire\u00a0\u00bb d\u2019Agn\u00e8s Callu (Voir <a href=\"https:\/\/test2.under-construction.work\/2018\/03\/28\/ddd1-de-la-texture-au-present-performance-de-fabrice-cazenave-dessin-sous-hypnose-19-mars-2018\/\" target=\"_blank\" rel=\"noopener noreferrer\">l\u2019article<\/a> sur la performance priv\u00e9e du 19 mars 2018 et le film sur le site de <a href=\"https:\/\/www.fabricecazenave.com\" target=\"_blank\" rel=\"noopener noreferrer\">Fabrice\u00a0<\/a>) ou dans l\u2019\u00e9criture pour une production 2019 du <a href=\"http:\/\/www.theatredelademesure.fr\/\" target=\"_blank\" rel=\"noopener noreferrer\">Th\u00e9\u00e2tre de la mesure<\/a>\u00a0(s\u00e9ance pr\u00e9paratoire \u00e0 \u00ab\u00a0Je suis une poule\u00a0\u00bb, dans \u00ab\u00a0<a href=\"http:\/\/lesplateauxsauvages.fr\/benjamin-abitan\/\" target=\"_blank\" rel=\"noopener noreferrer\">Animalogies<\/a>: Les animaux sont partout\u00a0\u00bb, mise en sc\u00e8ne de Benjamin Abitan, expliqu\u00e9 <a href=\"https:\/\/www.franceculture.fr\/emissions\/les-carnets-de-la-creation\/le-theatre-demesure-de-benjamin-abitan\" target=\"_blank\" rel=\"noopener noreferrer\">ici<\/a> sur France Culture).<\/p>\n<p style=\"text-align:justify;\">Dans cette posture, je suis enti\u00e8rement un outil hypnotique au service d&rsquo;une personne ou d&rsquo;un groupe et non cr\u00e9atrice.<\/p>\n<p><strong>Co-cr\u00e9atrice<\/strong><\/p>\n<p style=\"text-align:justify;\">Mon positionnement peut aussi \u00eatre plus personnel: (co)cr\u00e9atrice<span class=\"text_exposed_show\">, <\/span><span class=\"text_exposed_show\">artiste invit\u00e9e au sein d&rsquo;un projet, comme \u00ab\u00a0<a href=\"https:\/\/test2.under-construction.work\/2018\/05\/12\/workshop-hypnotique-aux-amandiers-nanterre-pour-le-festival-mondes-possibles-le-13-05-2018\/\" target=\"_blank\" rel=\"noopener\">Festival Mondes Possibles<\/a>\u00ab\u00a0, de SPEAP aux Amandiers<\/span> ou avec <a href=\"http:\/\/La Mar\u00e9chalerie \u2013 centre d\u2019art contemporain \/ ENSA V\" target=\"_blank\" rel=\"noopener\">J\u00e9r\u00f4me Poret <\/a>\u00e0 la Mar\u00e9chaerie et <a href=\"http:\/\/Conversation hypnotique avec Violaine Lochu, aux Ateliers Vortex (Dijon)\" target=\"_blank\" rel=\"noopener\">Violaine Lochu<\/a> aux Ateliers Vortex.<\/p>\n<figure id=\"attachment_9147\" aria-describedby=\"caption-attachment-9147\" style=\"width: 4896px\" class=\"wp-caption alignnone\"><img loading=\"lazy\" decoding=\"async\" class=\"alignnone size-full wp-image-9147\" src=\"https:\/\/test2.under-construction.work\/wp-content\/uploads\/2018\/01\/p1090931.jpg\" alt=\"P1090931\" width=\"4896\" height=\"2752\" \/><figcaption id=\"caption-attachment-9147\" class=\"wp-caption-text\">Avec Val\u00e9rie Vivancos, au FRAC Lorraine, \u00ab\u00a0La voix disait \u00e0 peu pr\u00e8s: \u00e9carte les plis\u00a0\u00bb<\/figcaption><\/figure>\n<p style=\"text-align:justify;\">En tant que co-autrice ou co-cr\u00e9atrice, je travaille en partenariat avec un.e ou des artiste.s avec lesquel.le.s je partage un univers.\u00a0C\u2019est le cas avec <a href=\"http:\/\/limagesonore.net\/\">Daniel Martin-Borret<\/a>, pour <a href=\"https:\/\/test2.under-construction.work\/2017\/07\/24\/agogies\/\" target=\"_blank\" rel=\"noopener\"><em>Agogies<\/em><\/a>, mais aussi avec <a href=\"http:\/\/www.oceanvivasilver.com\/\">Val\u00e9rie Vivancos<\/a> (performances participatives au <a href=\"https:\/\/www.fraclorraine.org\" target=\"_blank\" rel=\"noopener\">FRAC Lorraine \u00e0 Metz<\/a>, le 26\/01\/2017: <em><a href=\"https:\/\/test2.under-construction.work\/2018\/01\/18\/reve-fantasmatique-au-frac-lorrahttps:\/\/marielisel.com\/2018\/01\/18\/reve-fantasmatique-au-frac-lorraine-le-26-01-la-voix-disait-a-peu-pres-ecarte-les-plis\/\" target=\"_blank\" rel=\"noopener\">La voix disait \u00e0 peu pr\u00e8s: \u00e9carte les plis<\/a><\/em>).<\/p>\n<p><strong>Artiste invit\u00e9e<\/strong><\/p>\n<p style=\"text-align:justify;\">Je peux aussi \u00eatre invit\u00e9e \u00e0 participer \u00e0 une cr\u00e9ation en tant que\u00a0performeuse, comme <em>Acoustique de l\u2019\u00e9rotisme<\/em>, cr\u00e9ation de <a href=\"http:\/\/franckthoraval.fr\/\">Franck Thoraval <\/a>(en \u00e9coute sur le site de <a href=\"http:\/\/www.franceculture.fr\/emission-creation-on-air-acoustique-de-l-erotisme-2015-11-25\">France Culture<\/a>) ou en tant\u00a0qu\u2019autrice de texte\u00a0dans un catalogue, comme pour \u00ab\u00a0Frictions et cri de soie\u00a0\u00bb (2017), de<a href=\"http:\/\/jvilhena.free.fr\/jvilhena\/perspectives.html\"> Jo\u00e3o Vilhena,<\/a> ou en tant que cr\u00e9atrice sonore, comme dans l&rsquo;exposition <em><a href=\"https:\/\/www.centrepompidou.fr\/cpv\/ressource.action?param.id=FR_R-ac1246dba7c6111a14574efad8eb514&amp;param.idSource=FR_E-4dea875d99761fc463e3633f85a9639\">Goudron Pressage Sillon Tympan<\/a> <\/em>(immersion sonore et visuelle, exposition personnelle, Centre Georges Pompidou, Paris 2016), par <a href=\"https:\/\/www.blanquet.com\/\">St\u00e9phane Blanquet<\/a>, qui a grav\u00e9 l\u2019une de mes miniatures \u00e9lectroacoustiques sur un vinyle \u00e0 mixer.<\/p>\n<p><img loading=\"lazy\" decoding=\"async\" class=\"alignnone size-full wp-image-2412\" src=\"https:\/\/test2.under-construction.work\/wp-content\/uploads\/2015\/11\/p1060402.jpg\" alt=\"p1060402\" width=\"4320\" height=\"3240\" \/><\/p>\n<p style=\"text-align:justify;\">Un autre cas de figure: mes \u00ab\u00a0interviews les paupi\u00e8res closes\u00a0\u00bb interrogent des critiques, commissaires, programmatrices, curateurs, collectionneuses, artistes&#8230; dont le parcours sous hypnose est trait\u00e9 radiophoniquement en trip de personnage. Le premier opus, pr\u00e9sente le r\u00eave de <a href=\"http:\/\/tours.esba-talm.fr\/2013\/06\/13\/tristan-tremeau\/\" target=\"_blank\" rel=\"noopener\">Tristan Tr\u00e9meau ,<\/a>\u00a0\u00e0 partir du<a href=\"https:\/\/www.centrepompidou.fr\/cpv\/resource\/c6b9kRd\/rkGx75\" target=\"_blank\" rel=\"noopener\"> quadrangle noir de Malevitch<\/a><\/p>\n<p style=\"text-align:justify;\">Enfin, j&rsquo;engage \u00e9galement des artistes qui collaborent \u00e0 mes projets, comme ce fut le cas avec mes cr\u00e9ations radiophoniques, dont <a href=\"http:\/\/madamepatate.com\/patate.htm\">Madame Patate<\/a> et <a href=\"http:\/\/www.yannickfranck.com\/\">Yannick Frank <\/a>ont respectivement cr\u00e9\u00e9 la musique et <a href=\"http:\/\/www.actes-sud.fr\/node\/49446\">Dominique Goblet <\/a>les illustrations.\u00a0En ligne: <em><a href=\"https:\/\/test2.under-construction.work\/2015\/12\/03\/recadrage-par-creation-radiophonique\/\" target=\"_blank\" rel=\"noopener\">Merci Madame<\/a><\/em> (27&prime;),\u00a0<em><a href=\"https:\/\/test2.under-construction.work\/2015\/12\/03\/creation-radio-hypnotique\/\" target=\"_blank\" rel=\"noopener\">bOa<\/a> <\/em>(50&prime;) et <a href=\"https:\/\/test2.under-construction.work\/2018\/05\/08\/creation-radiophonique-fantasmatique\/\" target=\"_blank\" rel=\"noopener\"><em>Fantasmes<\/em><\/a> (50&prime;). <a href=\"https:\/\/www.sylvainchauveau.com\" target=\"_blank\" rel=\"noopener\">Sylvain Chauveau<\/a> et <a href=\"http:\/\/www.myriampruvot.com\" target=\"_blank\" rel=\"noopener\">Myriam Pruvot <\/a>collaboreront sur <em>Voyage en Quadrangle<\/em>.<\/p>\n<p>Et il y a aussi la\u00a0programmation, avec le r\u00e9seau <a href=\"https:\/\/test2.under-construction.work\/2015\/12\/04\/polyphones\/\">Fair_Play<\/a>.<\/p>\n<p><img loading=\"lazy\" decoding=\"async\" class=\"alignnone size-full wp-image-232\" src=\"https:\/\/test2.under-construction.work\/wp-content\/uploads\/2015\/12\/1534759_657813954257481_1003815695_o.jpg\" alt=\"1534759_657813954257481_1003815695_o\" width=\"2048\" height=\"1488\" \/><\/p>\n<p style=\"text-align:justify;\">Il est aussi envisageable d&rsquo;\u00eatre en accompagnement de projet avec en plus une zone pr\u00e9cise de cocr\u00e9ation. Tout est envisageable, \u00e0 condition de d\u00e9finir les territoires, les zones, les \u00ab\u00a0d&rsquo;o\u00f9 je parle\u00a0\u00bb, les responsabilit\u00e9s et libert\u00e9s individuelles et collectives dans l&rsquo;architecture du projet.<\/p>\n<p>Tout est possible. Il suffit d\u2019un \u00e9lan!<\/p>\n<p>A lire : <a href=\"https:\/\/test2.under-construction.work\/2016\/02\/11\/stimuler-la-creativite\/\" target=\"_blank\" rel=\"noopener\">sur l&rsquo;hypnose et la cr\u00e9ation.<\/a><\/p>\n<figure id=\"attachment_8707\" aria-describedby=\"caption-attachment-8707\" style=\"width: 2960px\" class=\"wp-caption alignnone\"><img loading=\"lazy\" decoding=\"async\" class=\"alignnone size-full wp-image-8707\" src=\"https:\/\/test2.under-construction.work\/wp-content\/uploads\/2017\/11\/lamour-c3a0-bord.jpeg\" alt=\"L'amour \u00e0 bord\" width=\"2960\" height=\"4000\" \/><figcaption id=\"caption-attachment-8707\" class=\"wp-caption-text\">Joao Vilhena,\u00a0L&rsquo;amour\u00a0\u00e0 bord (2015), dessin \u00e0 propos duquel j&rsquo;ai \u00e9crit (Galerie Alberta Pane Paris)<\/figcaption><\/figure>\n","protected":false},"excerpt":{"rendered":"<p>CREATION SONORE ET PERFORMANCE PARTICIPATIVE Je suis\u00a0exploratrice sensorielle, artiste sonore et maitre praticienne en hypnose \u00e9ricksonienne: s\u00e9ances de th\u00e9rapie, d\u2019exploration, d\u2019accompagnement \u00e0 la cr\u00e9ation, workshops en \u00e9cole d\u2019art et sur plateau ou en atelier, performances\u2026 Les cr\u00e9ations sonores dont je suis (co-)autrice sont:\u00a0Merci Madame (27&rsquo;17s, 2013, ACSR), bOa (44&rsquo;33s, 2016, production ACSR, avec l&rsquo;aide du [&hellip;]<\/p>\n","protected":false},"author":2,"featured_media":8992,"parent":16102,"menu_order":0,"comment_status":"closed","ping_status":"closed","template":"","meta":{"footnotes":""},"class_list":["post-9048","page","type-page","status-publish","has-post-thumbnail","hentry"],"_links":{"self":[{"href":"https:\/\/test2.under-construction.work\/index.php\/wp-json\/wp\/v2\/pages\/9048","targetHints":{"allow":["GET"]}}],"collection":[{"href":"https:\/\/test2.under-construction.work\/index.php\/wp-json\/wp\/v2\/pages"}],"about":[{"href":"https:\/\/test2.under-construction.work\/index.php\/wp-json\/wp\/v2\/types\/page"}],"author":[{"embeddable":true,"href":"https:\/\/test2.under-construction.work\/index.php\/wp-json\/wp\/v2\/users\/2"}],"replies":[{"embeddable":true,"href":"https:\/\/test2.under-construction.work\/index.php\/wp-json\/wp\/v2\/comments?post=9048"}],"version-history":[{"count":0,"href":"https:\/\/test2.under-construction.work\/index.php\/wp-json\/wp\/v2\/pages\/9048\/revisions"}],"up":[{"embeddable":true,"href":"https:\/\/test2.under-construction.work\/index.php\/wp-json\/wp\/v2\/pages\/16102"}],"wp:featuredmedia":[{"embeddable":true,"href":"https:\/\/test2.under-construction.work\/index.php\/wp-json\/"}],"wp:attachment":[{"href":"https:\/\/test2.under-construction.work\/index.php\/wp-json\/wp\/v2\/media?parent=9048"}],"curies":[{"name":"wp","href":"https:\/\/api.w.org\/{rel}","templated":true}]}}