{"id":9341,"date":"2018-02-24T17:33:19","date_gmt":"2018-02-24T16:33:19","guid":{"rendered":"https:\/\/marielisel.com\/?page_id=9341"},"modified":"2018-02-24T17:33:19","modified_gmt":"2018-02-24T16:33:19","slug":"ateliers-et-stages","status":"publish","type":"page","link":"https:\/\/test2.under-construction.work\/index.php\/ateliers-et-stages\/","title":{"rendered":"Ateliers et stages"},"content":{"rendered":"<p style=\"text-align:justify;\">Les ateliers rassemblent un groupe de<strong>\u00a0<\/strong>personnes, dans une intention et dans un contexte particuliers, pour un voyage hypnotique \u00e0 la fois commun et tr\u00e8s singulier pour chacun.e.<\/p>\n<p style=\"text-align:justify;\">J&rsquo;en pr\u00e9sente une vingtaine dans le menu d\u00e9roulant. Ils\u00a0sont class\u00e9s par th\u00e8mes :<\/p>\n<ul style=\"text-align:justify;\">\n<li>Exploration pour la cr\u00e9ation<\/li>\n<li>Exploration queer<\/li>\n<li>Exploration nature<\/li>\n<li>Les classiques du bien-\u00eatre<\/li>\n<\/ul>\n<p style=\"text-align:justify;\"><img loading=\"lazy\" decoding=\"async\" class=\"alignnone size-full wp-image-9442\" src=\"https:\/\/test2.under-construction.work\/wp-content\/uploads\/2018\/02\/capture-d_c3a9cran-2018-02-25-c3a0-11-58-03.png\" alt=\"Capture d_\u00e9cran 2018-02-25 \u00e0 11.58.03\" width=\"462\" height=\"597\" \/><\/p>\n<p style=\"text-align:justify;\">J&rsquo;aime aussi en composer sur mesure, selon votre projet.<\/p>\n<p style=\"text-align:justify;\">Ils peuvent \u00e9galement \u00eatre combin\u00e9s et adapt\u00e9s pour un workshop de plusieurs jours \u00e0 la demande (en \u00e9cole d&rsquo;art, par exemple).<\/p>\n<p style=\"text-align:justify;\">Les stages programm\u00e9s pour 2018 et 2019 apparaissent \u00e0 part.<\/p>\n<blockquote>\n<p style=\"text-align:center;\"><strong>ADAPTABILITE<\/strong><\/p>\n<\/blockquote>\n<p style=\"text-align:justify;\">Libert\u00e9, cr\u00e9ativit\u00e9 et flexibilit\u00e9! Je suis \u00ab\u00a0\u00e0 la crois\u00e9e\u00a0\u00bb des champs&#8230; artiste, chercheuse en hypnose, praticienne de groupe et de s\u00e9ances individuelles, passionn\u00e9e par l&rsquo;\u00e9thologie, la synesth\u00e9sie, les arts contemporains, le genre, la sensorialit\u00e9, les sons&#8230;<\/p>\n<p style=\"text-align:justify;\">J&rsquo;aime partager mes recherches avec un public d&rsquo;hypersp\u00e9cialistes (synesth\u00e8tes, danseurs contemporains, masteurants en \u00e9tudes de genres, musiciens en \u00e9lectroacoustique, ornithologues&#8230;) et aussi rencontrer les habitants d&rsquo;un village pour une initiation \u00e0 la transe-formation et aussi travailler sur le mieux-\u00eatre dans une \u00e9quipe\u00a0et aussi mettre mes outils \u00e0 la disposition d&rsquo;un projet in\u00e9dit.<\/p>\n<p style=\"text-align:justify;\">J&rsquo;ai la croyance qu&rsquo;\u00eatre capable de les adapter permet de maitriser les concepts et les pratiques en profondeur, comme envisag\u00e9s sous autant de facettes, avec autant de mediums. \u00a0Il est d\u00e8s lors \u00e9vident que le contenu th\u00e9orique, le support (musique, objets&#8230;), le langage, la m\u00e9thodologie sont diff\u00e9rents selon les habitus des champs socio-culturels du groupe, mais aussi selon ses\u00a0int\u00e9r\u00eats, exp\u00e9riences, acquis et intentions.<\/p>\n<p style=\"text-align:justify;\">Il peut s&rsquo;agir de communaut\u00e9s rassembl\u00e9es autour d&rsquo;une localit\u00e9, d&rsquo;une activit\u00e9 culturelle, sociale, de d\u00e9veloppement personnel, d&rsquo;une fa\u00e7on de vivre (je pense aux communaut\u00e9s autog\u00e9r\u00e9es)&#8230; Il peut s&rsquo;agir d&rsquo;entreprises priv\u00e9es. Il peut s&rsquo;agir d&rsquo;une \u00e9cole. Il peut s&rsquo;agir de chercheurs (synesth\u00e9sie, genres, modifications corporelles, neurologie, polyamour, \u00e9thologie&#8230;). Il peut s&rsquo;agir d&rsquo;institutions ou de collectifs, dans le champ de l&rsquo;art contemporain, des arts de la sc\u00e8ne, des arts sonores&#8230;\u00a0Il peut s&rsquo;agir de groupes spontan\u00e9s, r\u00e9unis par un \u00e9lan.<\/p>\n<figure id=\"attachment_7550\" aria-describedby=\"caption-attachment-7550\" style=\"width: 642px\" class=\"wp-caption alignnone\"><img loading=\"lazy\" decoding=\"async\" class=\"alignnone size-full wp-image-7550\" src=\"https:\/\/test2.under-construction.work\/wp-content\/uploads\/2017\/10\/capture-d_c3a9cran-2017-10-29-c3a0-19-54-42.png\" alt=\"Capture d_\u00e9cran 2017-10-29 \u00e0 19.54.42\" width=\"642\" height=\"442\" \/><figcaption id=\"caption-attachment-7550\" class=\"wp-caption-text\">Hypnose et cheval-miroir (voyez les stages en Loz\u00e8re)<\/figcaption><\/figure>\n<blockquote>\n<p style=\"text-align:center;\"><strong>EXPLORATION POUR LA CREATION<\/strong><\/p>\n<\/blockquote>\n<p style=\"text-align:justify;\"><strong>Je con\u00e7ois de<\/strong>\u00a0<strong>nombreux ateliers pour des artistes et pour des sp\u00e9cialistes de disciplines qui me passionnent<\/strong>. Les ateliers d\u00e9velopp\u00e9s dans les liens ci-dessous sont des exemples. Mille et une possibilit\u00e9s naissent de rencontres, de lectures, d\u2019exp\u00e9riences et de discussions.<\/p>\n<p style=\"text-align:justify;\">Quelques ateliers :<\/p>\n<ul style=\"text-align:justify;\">\n<li><u><a href=\"https:\/\/test2.under-construction.work\/ateliers-workshops\/ateliers-pour-artistes-et-autres-specialistes\/atelier-sur-mesure-au-sein-de-votre-projet-dart-de-la-scene\/\">Atelier sur mesure au sein de votre projet d\u2019art de la sc\u00e8ne<\/a><\/u><\/li>\n<li><a href=\"https:\/\/test2.under-construction.work\/ateliers-workshops\/atelier-dexploration-connexion\/\">connexion<\/a><\/li>\n<li><a href=\"https:\/\/test2.under-construction.work\/ateliers-workshops\/atelier-dexploration-mouvements-et-sons-spontanes\/\">mouvements (et sons) spontan\u00e9s<\/a><\/li>\n<li><a href=\"https:\/\/test2.under-construction.work\/atelier-dexploration-ecoute-synesthesique-des-sons\/\">\u00e9coute synesth\u00e9sique des sons<\/a><\/li>\n<li><a href=\"https:\/\/test2.under-construction.work\/ateliers-workshops\/ateliers-pour-artistes-et-autres-specialistes\/atelier-dexploration-explorer-une-oeuvre-dart\/\">exploration d\u2019une oeuvre d\u2019art<\/a><\/li>\n<li>&#8230;<\/li>\n<li>suivre le fil d\u2019une image (visuelle, sonore, tactile, olfactive) \u00e0 travers l\u2019imaginal<\/li>\n<li>\u00e9couter un personnage de sc\u00e9nario raconter son histoire<\/li>\n<li>mod\u00e9liser pour cr\u00e9er un personnage (\u00e9criture ou jeu d\u2019acteur)<\/li>\n<li>visiter sa biblioth\u00e8que\/sa sonoth\u00e8que\/son atelier int\u00e9rieure<\/li>\n<li>\u00e9tablir un rapport avec les mati\u00e8res (comme devenir la prolongation\/proth\u00e8se de la mati\u00e8re)<\/li>\n<li>fronti\u00e8res, limites, territoires, processus\u2026<\/li>\n<\/ul>\n<p style=\"text-align:justify;\">Et les autres ateliers, autour de l&rsquo;animalit\u00e9, de la connexion \u00e0 la nature, de la fluidit\u00e9 du genre&#8230; peuvent \u00e9videmment \u00eatre combin\u00e9s aux ateliers sp\u00e9cifiques \u00e0 la cr\u00e9ation, pour un workshop de quelques demi-journ\u00e9es.<\/p>\n<p style=\"text-align:justify;\">A partir d\u2019un axe d\u2019exploration et d\u2019un champ commun, les possibles sont innombrables. Si\u00a0<strong>une question vous titille dans vos recherches<\/strong>, parlons-en!<\/p>\n<p style=\"text-align:justify;\">LIRE AUSSI:<\/p>\n<p style=\"text-align:justify;\"><a href=\"https:\/\/test2.under-construction.work\/accompagnement-pour-la-creation\/\" target=\"_blank\" rel=\"noopener\">Accompagnement pour la cr\u00e9ation<\/a><\/p>\n<p><a href=\"https:\/\/test2.under-construction.work\/accompagnement-pour-la-creation\/workshop-en-ecole-dart\/\" target=\"_blank\" rel=\"noopener\">Workshop en \u00e9cole sup\u00e9rieure d&rsquo;art<\/a><\/p>\n<p style=\"text-align:justify;\"><img loading=\"lazy\" decoding=\"async\" class=\"alignnone size-full wp-image-3090\" src=\"https:\/\/test2.under-construction.work\/wp-content\/uploads\/2016\/03\/649586-lygiaclarkoculos.jpeg\" alt=\"649586-lygiaclarkoculos\" width=\"975\" height=\"658\" \/><\/p>\n<blockquote>\n<p style=\"text-align:center;\"><b>LES CLASSIQUES DU MIEUX-ETRE<\/b><\/p>\n<\/blockquote>\n<p style=\"text-align:justify;\">Les ateliers d\u00e9velopp\u00e9s sur ce site (suivez les liens ci-dessous) sont des\u00a0<strong>exemples d\u2019ateliers originaux<\/strong>\u00a0<strong>que j\u2019imagine<\/strong>\u00a0de toutes pi\u00e8ces. Ceci dit, il y a mille et une possibilit\u00e9s. Les articles du site et les descriptions de \u00ab\u00a0l\u2019hypnose pour cr\u00e9er sa vie, son oeuvre, son monde\u00a0\u00bb peuvent vous donner des id\u00e9es. Je suis ouverte aux suggestions! Quelques ateliers expliqu\u00e9s comme exemples:<\/p>\n<ul style=\"text-align:justify;\">\n<li><a href=\"https:\/\/test2.under-construction.work\/atelier-dintroduction-a-lhypnose\/\">faire la paix avec soi<\/a><\/li>\n<li><a href=\"https:\/\/test2.under-construction.work\/ateliers-workshops\/atelier-dintroduction-etablir-une-communication-confortable-avec-son-symptome\/\">\u00e9tablir une communication confortable avec son sympt\u00f4me<\/a><\/li>\n<li><a href=\"https:\/\/test2.under-construction.work\/ateliers-workshops\/atelier-de-reve-eveille-rechercher-des-ressources-et-lacher-du-leste\/\">rechercher des ressources et l\u00e2cher du leste<\/a><\/li>\n<li><a href=\"https:\/\/test2.under-construction.work\/ateliers-pour-grand-public\/atelier-dintroduction-a-lautohypnose\/\">introduction \u00e0 l\u2019autohypnose<\/a><\/li>\n<li><a href=\"https:\/\/test2.under-construction.work\/ateliers-pour-grand-public\/atelier-dintroduction-a-lautohypnose\/creer-letat-ideal-atelier-mixte\/\" target=\"_blank\" rel=\"noopener\">cr\u00e9er l&rsquo;\u00e9tat id\u00e9al<\/a><\/li>\n<li>&#8230;<\/li>\n<\/ul>\n<p style=\"text-align:justify;\"><img loading=\"lazy\" decoding=\"async\" class=\"alignnone size-full wp-image-3234\" src=\"https:\/\/test2.under-construction.work\/wp-content\/uploads\/2017\/01\/capture-d_ecc81cran-2016-05-25-acc80-12-43-05.png\" alt=\"capture-decran-2016-05-25-a-12-43-05\" width=\"1042\" height=\"456\" \/><\/p>\n<p style=\"text-align:justify;\">En entreprises, j&rsquo;organise ces ateliers \u00e0 la demande, avec ma partenaire\u00a0<a href=\"http:\/\/www.hypnoseinparis.com\/\">A\u00eftana Mac Gowan<\/a>.<\/p>\n<p style=\"text-align:justify;\">De nombreux ateliers ne n\u00e9cessitent pas de pr\u00e9requis. Aitana Mac Gowan et moi en avons pr\u00e9par\u00e9 sp\u00e9cialement pour les groupes au sein d\u2019une \u00e9quipe de travail. Nous pouvons aussi en cr\u00e9er sur mesure pour votre groupe, en fonction de vos besoins.<\/p>\n<p style=\"text-align:justify;\">Quelques exemples:<\/p>\n<ul style=\"text-align:justify;\">\n<li>arr\u00eat du tabac<\/li>\n<li>gestion du stress<\/li>\n<li>gestion de la fatigue et de l\u2019\u00e9nergie<\/li>\n<li>burnout<\/li>\n<li>confiance en soi et image de soi<\/li>\n<li>tournant de vie<\/li>\n<li>peurs et phobies<\/li>\n<li>g\u00eanes et douleurs physiques<\/li>\n<li>gestion des \u00e9motions<\/li>\n<li>prise de d\u00e9cision<\/li>\n<li>concentration et procrastination<\/li>\n<li>prise de parole en public<\/li>\n<li>d\u00e9velopper sa cr\u00e9ativit\u00e9<\/li>\n<li>etc!<\/li>\n<\/ul>\n<p style=\"text-align:justify;\">Votre demande est adapt\u00e9e sur mesure. Demandez-moi des informations \u00e0 l\u2019adresse lisellesil@gmail.com si vous \u00eates int\u00e9ress\u00e9.e d\u2019organiser ensemble un\/des atelier(s), en entreprise priv\u00e9e, dans l\u2019administration publique ou en groupes priv\u00e9s.<\/p>\n<p style=\"text-align:justify;\"><img loading=\"lazy\" decoding=\"async\" class=\" size-full wp-image-3778 aligncenter\" src=\"https:\/\/test2.under-construction.work\/wp-content\/uploads\/2017\/01\/capture-d_ecc81cran-2016-03-26-acc80-12-40-04.png\" alt=\"capture-decran-2016-03-26-a-12-40-04\" width=\"567\" height=\"568\" \/><\/p>\n<blockquote>\n<p style=\"text-align:center;\"><strong>ATELIERS D&rsquo;EXPLORATION QUEER<\/strong><\/p>\n<\/blockquote>\n<p style=\"text-align:justify;\">Dans <a href=\"https:\/\/test2.under-construction.work\/ateliers-queer\/\" target=\"_blank\" rel=\"noopener\">cette s\u00e9rie\u00a0d\u2019ateliers<\/a>, nous chercherons \u00e0 ouvrir\u00a0les possibles de nos repr\u00e9sentations de la fluidit\u00e9 du genre et \u00e0 les explorer par diff\u00e9rents biais, axes, th\u00e9matiques, jeux\u2026 hypnotiques<\/p>\n<blockquote>\n<p style=\"text-align:center;\"><strong>ATELIERS DE CONNEXION AVEC LA NATURE<\/strong><\/p>\n<\/blockquote>\n<p style=\"text-align:justify;\">Balade en transe, connexion avec les arbres, r\u00eave \u00e9veill\u00e9 dirig\u00e9 \u00e0 la rencontre de nos repr\u00e9sentations animales, d\u00e9veloppement de l&rsquo;intuition&#8230; les connexions avec la nature sont nombreuses et passionnantes!<\/p>\n<blockquote>\n<p style=\"text-align:center;\"><strong>STAGES<\/strong><\/p>\n<\/blockquote>\n<p style=\"text-align:justify;\"><a href=\"https:\/\/test2.under-construction.work\/2018\/02\/05\/stages-en-mai-juillet-aout-2018-se-connecter-a-soi-au-cheval-au-monde-cheval-miroir-hypnose-en-lozere\/\">Cheval-miroir et hypnose<\/a><\/p>\n<p style=\"text-align:justify;\"><a href=\"https:\/\/test2.under-construction.work\/2017\/11\/09\/stage-dhypnoyoga-le-weekend-de-lascension-au-monastere-sainte-marie\/\" target=\"_blank\" rel=\"noopener\">Yoga et hypnose<\/a><\/p>\n<p style=\"text-align:justify;\"><a href=\"https:\/\/test2.under-construction.work\/ateliers-et-stages\/exploration-de-la-nature\/stage-reapprendre-a-rever\/\" target=\"_blank\" rel=\"noopener\">Apprendre \u00e0 r\u00eaver<\/a><\/p>\n<p><a href=\"https:\/\/test2.under-construction.work\/2018\/04\/21\/stage-lautohypnose-pour-developper-la-conscience-de-soi-et-le-mieux-etre-saint-germain-de-calberte-cevennes-16-17-juin-2018\/\" target=\"_blank\" rel=\"noopener\">Conscience de soi<\/a><\/p>\n<p><a href=\"https:\/\/test2.under-construction.work\/accompagnement-pour-la-creation\/workshop-en-ecole-dart\/\" target=\"_blank\" rel=\"noopener\">Workshop en \u00e9cole sup\u00e9rieure d&rsquo;art<\/a><\/p>\n<blockquote>\n<p style=\"text-align:center;\"><strong>DES VOYAGES DIFFERENTS<\/strong><\/p>\n<\/blockquote>\n<p style=\"text-align:justify;\">L\u2019hypnose est de plus en plus connue du public, notamment par les shows de Mesmer et consorts, par les op\u00e9rations pratiqu\u00e9es sous hypnose et par les indications relay\u00e9es par la presse, comme l\u2019arr\u00eat du tabac et les phobies.<\/p>\n<p style=\"text-align:justify;\"><strong>L\u2019hypnose de spectacle, l\u2019hypnose m\u00e9dicale et l\u2019hypnose \u00e9ricksonienne ont des objectifs<\/strong> (faire de l\u2019audimat \/ g\u00e9rer la douleur \/ accompagner vers un changement), <strong>des positionnements<\/strong> (dirigiste \/ protocolaire \/ en coh\u00e9rence avec les repr\u00e9sentations des accompagn\u00e9s) <strong>et des m\u00e9thodes<\/strong> (s\u00e9lection, fascination \/ dissociation \/ passage) <strong>diff\u00e9rents.<\/strong><\/p>\n<p style=\"text-align:justify;\"><strong>Ici,<\/strong> <strong>il s&rsquo;agit d&rsquo;accompagner vers un changement, une exploration, une cr\u00e9ation<\/strong> (existence amplifi\u00e9e par la d\u00e9couverte d&rsquo;un pan de soi-m\u00eame, \u00e9mancipation d&rsquo;une addiction, transformation d&rsquo;un lien entretenu avec une personne, d\u00e9passement d&rsquo;un obstacle, ouverture d&rsquo;une voie nouvelle vers la cr\u00e9ativit\u00e9&#8230;), dans un chemin qui respecte les repr\u00e9sentations et les intentions des accompagn\u00e9s, gr\u00e2ce \u00e0 un accompagnement\u00a0alliant la s\u00e9curit\u00e9 et la libert\u00e9.<\/p>\n<p style=\"text-align:justify;\"><img loading=\"lazy\" decoding=\"async\" class=\" size-full wp-image-3447 aligncenter\" src=\"https:\/\/test2.under-construction.work\/wp-content\/uploads\/2017\/01\/15965280_370210380001497_6039153286788906653_n.jpg\" alt=\"15965280_370210380001497_6039153286788906653_n\" width=\"480\" height=\"480\" \/><\/p>\n<p style=\"text-align:justify;\"><strong>L\u2019accompagnante en hypnose \u00e9ricksonienne peut-\u00eatre compar\u00e9e \u00e0 un guide de montagne<\/strong>, qui emm\u00e8ne une personne ou un groupe vers son intention (en ayant v\u00e9rifi\u00e9 au pr\u00e9alable que celle-ci est r\u00e9aliste, positive et claire), en veillant \u00e0 sa s\u00e9curit\u00e9 et en ne for\u00e7ant rien. Elle balise, assure, rassure, donne des outils, sans interpr\u00e9ter ni projeter.<\/p>\n<p style=\"text-align:justify;\">Bien s\u00fbr, <strong>chaque balade est diff\u00e9rente pour chacun(e)<\/strong>. La suggestion \u00ab\u00a0en passant le sommet, un paysage magnifique appara\u00eetra, dans lequel votre sagesse vous attendra, sous la forme d\u2019un \u00eatre bienveillant, humain, animal ou v\u00e9g\u00e9tal qui vous donnera un conseil \u00bb, peut donner naissance \u00e0 des milliers de v\u00e9cus!<\/p>\n<p style=\"text-align:justify;\">Dans les ateliers, dans un cadre tranquille et s\u00e9curisant, <strong>les outils de l\u2019ouverture \u00e0 soi, aux autres et au monde, permettent de faire l\u2019exp\u00e9rience de voyages<\/strong> d\u2019exploration qui m\u00e8nent \u00e0 la connaissance de son propre fonctionnement, aux transformations de sch\u00e9mas r\u00e9p\u00e9titifs, aux d\u00e9couvertes de sa cr\u00e9ation\u2026<\/p>\n<p style=\"text-align:justify;\">Il suffit d&rsquo;oser \ud83d\ude42<\/p>\n<p style=\"text-align:justify;\">\u00a9 Marie Lisel<\/p>\n<p>&nbsp;<\/p>\n","protected":false},"excerpt":{"rendered":"<p>Les ateliers rassemblent un groupe de\u00a0personnes, dans une intention et dans un contexte particuliers, pour un voyage hypnotique \u00e0 la fois commun et tr\u00e8s singulier pour chacun.e. J&rsquo;en pr\u00e9sente une vingtaine dans le menu d\u00e9roulant. Ils\u00a0sont class\u00e9s par th\u00e8mes : Exploration pour la cr\u00e9ation Exploration queer Exploration nature Les classiques du bien-\u00eatre J&rsquo;aime aussi en [&hellip;]<\/p>\n","protected":false},"author":2,"featured_media":3263,"parent":0,"menu_order":0,"comment_status":"closed","ping_status":"closed","template":"","meta":{"footnotes":""},"class_list":["post-9341","page","type-page","status-publish","has-post-thumbnail","hentry"],"_links":{"self":[{"href":"https:\/\/test2.under-construction.work\/index.php\/wp-json\/wp\/v2\/pages\/9341","targetHints":{"allow":["GET"]}}],"collection":[{"href":"https:\/\/test2.under-construction.work\/index.php\/wp-json\/wp\/v2\/pages"}],"about":[{"href":"https:\/\/test2.under-construction.work\/index.php\/wp-json\/wp\/v2\/types\/page"}],"author":[{"embeddable":true,"href":"https:\/\/test2.under-construction.work\/index.php\/wp-json\/wp\/v2\/users\/2"}],"replies":[{"embeddable":true,"href":"https:\/\/test2.under-construction.work\/index.php\/wp-json\/wp\/v2\/comments?post=9341"}],"version-history":[{"count":0,"href":"https:\/\/test2.under-construction.work\/index.php\/wp-json\/wp\/v2\/pages\/9341\/revisions"}],"wp:featuredmedia":[{"embeddable":true,"href":"https:\/\/test2.under-construction.work\/index.php\/wp-json\/"}],"wp:attachment":[{"href":"https:\/\/test2.under-construction.work\/index.php\/wp-json\/wp\/v2\/media?parent=9341"}],"curies":[{"name":"wp","href":"https:\/\/api.w.org\/{rel}","templated":true}]}}