{"id":9346,"date":"2018-02-24T17:42:08","date_gmt":"2018-02-24T16:42:08","guid":{"rendered":"https:\/\/marielisel.com\/?page_id=9346"},"modified":"2018-02-24T17:42:08","modified_gmt":"2018-02-24T16:42:08","slug":"exploration-pour-la-creation","status":"publish","type":"page","link":"https:\/\/test2.under-construction.work\/index.php\/ateliers-et-stages\/exploration-pour-la-creation\/","title":{"rendered":"Exploration pour la cr\u00e9ation"},"content":{"rendered":"<blockquote>\n<p style=\"text-align:center;\"><strong>ATELIERS D&rsquo;EXPLORATION POUR LA CREATION<\/strong><\/p>\n<\/blockquote>\n<p style=\"text-align:justify;\"><strong>Je con\u00e7ois de<\/strong>\u00a0<strong>nombreux ateliers pour des artistes et pour des sp\u00e9cialistes de disciplines qui me passionnent<\/strong>. Les ateliers d\u00e9velopp\u00e9s dans les liens ci-dessous sont des exemples. Mille et une possibilit\u00e9s naissent de rencontres, de lectures, d\u2019exp\u00e9riences et de discussions.<\/p>\n<p style=\"text-align:justify;\">Quelques ateliers :<\/p>\n<ul style=\"text-align:justify;\">\n<li><u><a href=\"https:\/\/test2.under-construction.work\/ateliers-workshops\/ateliers-pour-artistes-et-autres-specialistes\/atelier-sur-mesure-au-sein-de-votre-projet-dart-de-la-scene\/\">Atelier sur mesure au sein de votre projet d\u2019art de la sc\u00e8ne<\/a><\/u><\/li>\n<li><a href=\"https:\/\/test2.under-construction.work\/ateliers-workshops\/atelier-dexploration-connexion\/\">connexion<\/a><\/li>\n<li><a href=\"https:\/\/test2.under-construction.work\/ateliers-workshops\/atelier-dexploration-mouvements-et-sons-spontanes\/\">mouvements (et sons) spontan\u00e9s<\/a><\/li>\n<li><a href=\"https:\/\/test2.under-construction.work\/atelier-dexploration-balade-hypnotique-dans-la-nature\/\">balade hypnotique dans la nature<\/a><\/li>\n<li><a href=\"https:\/\/test2.under-construction.work\/atelier-dexploration-ecoute-synesthesique-des-sons\/\">\u00e9coute synesth\u00e9sique des sons<\/a><\/li>\n<li><a href=\"https:\/\/test2.under-construction.work\/ateliers-workshops\/atelier-dexploration-fluidite-des-genres\/\">fluidit\u00e9 des genres<\/a><\/li>\n<li><a href=\"https:\/\/test2.under-construction.work\/ateliers-workshops\/ateliers-pour-artistes-et-autres-specialistes\/atelier-dexploration-explorer-une-oeuvre-dart\/\">exploration d\u2019une oeuvre d\u2019art<\/a><\/li>\n<li><a href=\"https:\/\/test2.under-construction.work\/ateliers-pour-grand-public\/atelier-dintroduction-a-lautohypnose\/atelier-dexploration-animalite-et-intuition\/\">intuition et animalit\u00e9<\/a><\/li>\n<li>suivre le fil d\u2019une image (visuelle, sonore, tactile, olfactive) \u00e0 travers l\u2019imaginal<\/li>\n<li>\u00e9couter un personnage de sc\u00e9nario raconter son histoire<\/li>\n<li>mod\u00e9liser pour cr\u00e9er un personnage (\u00e9criture ou jeu d\u2019acteur)<\/li>\n<li>visiter sa biblioth\u00e8que\/sa sonoth\u00e8que\/son atelier int\u00e9rieure<\/li>\n<li>\u00e9tablir un rapport avec les mati\u00e8res (comme devenir la prolongation\/proth\u00e8se de la mati\u00e8re)<\/li>\n<li>fronti\u00e8res, limites, territoires, processus\u2026<\/li>\n<\/ul>\n<p style=\"text-align:justify;\">A partir d\u2019un axe d\u2019exploration et d\u2019un champ commun, les possibles sont innombrables. Si\u00a0<strong>une question vous titille dans vos recherches<\/strong>, parlons-en!<\/p>\n<p style=\"text-align:justify;\">LIRE AUSSI:<\/p>\n<p style=\"text-align:justify;\"><a href=\"https:\/\/test2.under-construction.work\/accompagnement-pour-la-creation\/\" target=\"_blank\" rel=\"noopener\">Accompagnement pour la cr\u00e9ation<\/a><\/p>\n<p><a href=\"https:\/\/test2.under-construction.work\/accompagnement-pour-la-creation\/workshop-en-ecole-dart\/\" target=\"_blank\" rel=\"noopener\">Workshop hypnotique en \u00e9cole sup\u00e9rieure d&rsquo;art<\/a><\/p>\n","protected":false},"excerpt":{"rendered":"<p>ATELIERS D&rsquo;EXPLORATION POUR LA CREATION Je con\u00e7ois de\u00a0nombreux ateliers pour des artistes et pour des sp\u00e9cialistes de disciplines qui me passionnent. Les ateliers d\u00e9velopp\u00e9s dans les liens ci-dessous sont des exemples. Mille et une possibilit\u00e9s naissent de rencontres, de lectures, d\u2019exp\u00e9riences et de discussions. Quelques ateliers : Atelier sur mesure au sein de votre projet [&hellip;]<\/p>\n","protected":false},"author":2,"featured_media":3090,"parent":9341,"menu_order":0,"comment_status":"closed","ping_status":"closed","template":"","meta":{"footnotes":""},"class_list":["post-9346","page","type-page","status-publish","has-post-thumbnail","hentry"],"_links":{"self":[{"href":"https:\/\/test2.under-construction.work\/index.php\/wp-json\/wp\/v2\/pages\/9346","targetHints":{"allow":["GET"]}}],"collection":[{"href":"https:\/\/test2.under-construction.work\/index.php\/wp-json\/wp\/v2\/pages"}],"about":[{"href":"https:\/\/test2.under-construction.work\/index.php\/wp-json\/wp\/v2\/types\/page"}],"author":[{"embeddable":true,"href":"https:\/\/test2.under-construction.work\/index.php\/wp-json\/wp\/v2\/users\/2"}],"replies":[{"embeddable":true,"href":"https:\/\/test2.under-construction.work\/index.php\/wp-json\/wp\/v2\/comments?post=9346"}],"version-history":[{"count":0,"href":"https:\/\/test2.under-construction.work\/index.php\/wp-json\/wp\/v2\/pages\/9346\/revisions"}],"up":[{"embeddable":true,"href":"https:\/\/test2.under-construction.work\/index.php\/wp-json\/wp\/v2\/pages\/9341"}],"wp:featuredmedia":[{"embeddable":true,"href":"https:\/\/test2.under-construction.work\/index.php\/wp-json\/"}],"wp:attachment":[{"href":"https:\/\/test2.under-construction.work\/index.php\/wp-json\/wp\/v2\/media?parent=9346"}],"curies":[{"name":"wp","href":"https:\/\/api.w.org\/{rel}","templated":true}]}}