{"id":9350,"date":"2018-02-24T17:51:23","date_gmt":"2018-02-24T16:51:23","guid":{"rendered":"https:\/\/marielisel.com\/?page_id=9350"},"modified":"2018-02-24T17:51:23","modified_gmt":"2018-02-24T16:51:23","slug":"exploration-de-la-nature","status":"publish","type":"page","link":"https:\/\/test2.under-construction.work\/index.php\/ateliers-et-stages\/exploration-de-la-nature\/","title":{"rendered":"Exploration de la nature et connexion animale"},"content":{"rendered":"<p>Balade en transe, connexion avec les arbres, r\u00eave \u00e9veill\u00e9 dirig\u00e9 \u00e0 la rencontre de nos repr\u00e9sentations animales et v\u00e9g\u00e9tales, d\u00e9veloppement de l\u2019intuition, amplification des sens\u2026 les connexions avec la nature et avec sa propre nature sont nombreuses et passionnantes!<\/p>\n\n<p>&nbsp;<\/p>\n<p>Selon les conditions (espace, temps, m\u00e9t\u00e9o, taille du groupe&#8230;) et selon les intentions, j&rsquo;aime\u00a0partager avec un groupe dans la nature:<\/p>\n<ul>\n<li><a href=\"https:\/\/test2.under-construction.work\/2017\/08\/11\/balade-naturaliste-hypnotique-le-dimanche-27-aout-a-martue-gaume-belgique\/\" target=\"_blank\" rel=\"noopener\">simplement marcher<\/a>, en hypnose l\u00e9g\u00e8re avec distorsion tranquille de certains sens (l&rsquo;ou\u00efe s&rsquo;affine! le regard se focalise ou au contraire s&rsquo;expanse&#8230;)<\/li>\n<li>travailler la connexion avec le vivant de fa\u00e7on \u00e0 n&rsquo;abimer aucune plante ni insecte en posant les pieds, puis\u00a0focaliser tous les sens sur un \u00e9l\u00e9ment et le rejoindre (je suis la plante, la fourmi, l&rsquo;eau de la rivi\u00e8re)<\/li>\n<li>interagir dans le respect avec un animal qui le d\u00e9sire (les petits poissons qui mangent les peaux mortes!!!), avec l&rsquo;eau (qui emporte ce que je lui confie au loin), l&rsquo;arbre, le vent, le soleil&#8230;<\/li>\n<li>poser des questions aux arbres et leur demander des ressources, un ancrage<\/li>\n<li>\u00eatre pleinement pr\u00e9sente, ne rien attendre, accueillir ce qui vient<\/li>\n<li><a href=\"https:\/\/test2.under-construction.work\/ateliers-et-stages\/exploration-de-la-nature\/exploration-chanter-pour-les-vaches\/\" target=\"_blank\" rel=\"noopener\">chanter pour les vaches<\/a> (pas dans les bois, laissons les animaux sauvages en paix<\/li>\n<li>&#8230;<\/li>\n<\/ul>\n<p>Et aussi jouer avec notre animalit\u00e9 r\u00e9v\u00e9l\u00e9e par le miroir animal (dans le respect et la complicit\u00e9)<\/p>\n<ul>\n<li>Avec les<a href=\"https:\/\/test2.under-construction.work\/ateliers-workshops\/avec-les-chevaux\/se-connecter-a-soi-au-cheval-au-monde\/\" target=\"_blank\" rel=\"noopener\"> chevaux<\/a><\/li>\n<li>Avec les <a href=\"https:\/\/test2.under-construction.work\/2017\/04\/27\/les-chats-et-lhypnose\/\" target=\"_blank\" rel=\"noopener\">chats<\/a><\/li>\n<li>Avec les<a href=\"https:\/\/test2.under-construction.work\/ateliers-et-stages\/exploration-de-la-nature\/exploration-chanter-pour-les-vaches\/\" target=\"_blank\" rel=\"noopener\">\u00a0vaches<\/a><\/li>\n<li>&#8230;<\/li>\n<\/ul>\n<p><a href=\"https:\/\/test2.under-construction.work\/ateliers-et-stages\/exploration-de-la-nature\/explorer-limaginal-grace-aux-representations-animales\/\" target=\"_blank\" rel=\"noopener\">R\u00eaver<\/a> son monde animal et v\u00e9g\u00e9tal int\u00e9rieur<\/p>\n<p>Mais aussi d\u00e9velopper sa propre animalit\u00e9 (intuition, 6\u00e8me et 7\u00e8me sens&#8230;) de fa\u00e7on \u00e0 ressentir et \u00e0 communiquer autrement que par la t\u00eate. Voyez <a href=\"https:\/\/test2.under-construction.work\/ateliers-workshops\/atelier-dexploration-connexion\/\" target=\"_blank\" rel=\"noopener\">Connexion<\/a><\/p>\n\n","protected":false},"excerpt":{"rendered":"<p>Balade en transe, connexion avec les arbres, r\u00eave \u00e9veill\u00e9 dirig\u00e9 \u00e0 la rencontre de nos repr\u00e9sentations animales et v\u00e9g\u00e9tales, d\u00e9veloppement de l\u2019intuition, amplification des sens\u2026 les connexions avec la nature et avec sa propre nature sont nombreuses et passionnantes! &nbsp; Selon les conditions (espace, temps, m\u00e9t\u00e9o, taille du groupe&#8230;) et selon les intentions, j&rsquo;aime\u00a0partager avec [&hellip;]<\/p>\n","protected":false},"author":2,"featured_media":8824,"parent":9341,"menu_order":0,"comment_status":"closed","ping_status":"closed","template":"","meta":{"footnotes":""},"class_list":["post-9350","page","type-page","status-publish","has-post-thumbnail","hentry"],"_links":{"self":[{"href":"https:\/\/test2.under-construction.work\/index.php\/wp-json\/wp\/v2\/pages\/9350","targetHints":{"allow":["GET"]}}],"collection":[{"href":"https:\/\/test2.under-construction.work\/index.php\/wp-json\/wp\/v2\/pages"}],"about":[{"href":"https:\/\/test2.under-construction.work\/index.php\/wp-json\/wp\/v2\/types\/page"}],"author":[{"embeddable":true,"href":"https:\/\/test2.under-construction.work\/index.php\/wp-json\/wp\/v2\/users\/2"}],"replies":[{"embeddable":true,"href":"https:\/\/test2.under-construction.work\/index.php\/wp-json\/wp\/v2\/comments?post=9350"}],"version-history":[{"count":0,"href":"https:\/\/test2.under-construction.work\/index.php\/wp-json\/wp\/v2\/pages\/9350\/revisions"}],"up":[{"embeddable":true,"href":"https:\/\/test2.under-construction.work\/index.php\/wp-json\/wp\/v2\/pages\/9341"}],"wp:featuredmedia":[{"embeddable":true,"href":"https:\/\/test2.under-construction.work\/index.php\/wp-json\/"}],"wp:attachment":[{"href":"https:\/\/test2.under-construction.work\/index.php\/wp-json\/wp\/v2\/media?parent=9350"}],"curies":[{"name":"wp","href":"https:\/\/api.w.org\/{rel}","templated":true}]}}