{"id":9352,"date":"2018-02-24T17:53:51","date_gmt":"2018-02-24T16:53:51","guid":{"rendered":"https:\/\/marielisel.com\/?page_id=9352"},"modified":"2018-02-24T17:53:51","modified_gmt":"2018-02-24T16:53:51","slug":"les-classiques-du-mieux-etre","status":"publish","type":"page","link":"https:\/\/test2.under-construction.work\/index.php\/ateliers-et-stages\/les-classiques-du-mieux-etre\/","title":{"rendered":"Les classiques du mieux-\u00eatre"},"content":{"rendered":"<blockquote>\n<p style=\"text-align:center;\"><b>LES CLASSIQUES DU MIEUX-ETRE<\/b><\/p>\n<\/blockquote>\n<p>Les ateliers d\u00e9velopp\u00e9s sur ce site (suivez les liens ci-dessous) sont des\u00a0<strong>exemples d\u2019ateliers originaux<\/strong>\u00a0<strong>que j\u2019imagine<\/strong>\u00a0de toutes pi\u00e8ces. Ceci dit, il y a mille et une possibilit\u00e9s. Les articles du site et les descriptions de \u00ab\u00a0l\u2019hypnose pour cr\u00e9er sa vie, son oeuvre, son monde\u00a0\u00bb peuvent vous donner des id\u00e9es. Je suis ouverte aux suggestions! Quelques ateliers expliqu\u00e9s comme exemples:<\/p>\n<ul>\n<li><a href=\"https:\/\/test2.under-construction.work\/atelier-dintroduction-a-lhypnose\/\">faire la paix avec soi<\/a><\/li>\n<li><a href=\"https:\/\/test2.under-construction.work\/ateliers-workshops\/atelier-dintroduction-etablir-une-communication-confortable-avec-son-symptome\/\">\u00e9tablir une communication confortable avec son sympt\u00f4me<\/a><\/li>\n<li><a href=\"https:\/\/test2.under-construction.work\/ateliers-workshops\/atelier-de-reve-eveille-rechercher-des-ressources-et-lacher-du-leste\/\">rechercher des ressources et l\u00e2cher du leste<\/a><\/li>\n<li><a href=\"https:\/\/test2.under-construction.work\/ateliers-pour-grand-public\/atelier-dintroduction-a-lautohypnose\/\">introduction \u00e0 l\u2019autohypnose<\/a><\/li>\n<li><a href=\"https:\/\/test2.under-construction.work\/ateliers-pour-grand-public\/atelier-dintroduction-a-lautohypnose\/creer-letat-ideal-atelier-mixte\/\" target=\"_blank\" rel=\"noopener\">cr\u00e9er l&rsquo;\u00e9tat id\u00e9al<\/a><\/li>\n<li>&#8230;<\/li>\n<\/ul>\n<p><img loading=\"lazy\" decoding=\"async\" class=\"alignnone size-full wp-image-3234\" src=\"https:\/\/test2.under-construction.work\/wp-content\/uploads\/2017\/01\/capture-d_ecc81cran-2016-05-25-acc80-12-43-05.png\" alt=\"capture-decran-2016-05-25-a-12-43-05\" width=\"1042\" height=\"456\" \/><\/p>\n<p>En entreprises, j&rsquo;organise ces ateliers \u00e0 la demande, avec ma partenaire\u00a0<a href=\"http:\/\/www.hypnoseinparis.com\/\">A\u00eftana Mac Gowan<\/a>.<\/p>\n<p>De nombreux ateliers ne n\u00e9cessitent pas de pr\u00e9requis. Aitana Mac Gowan et moi en avons pr\u00e9par\u00e9 sp\u00e9cialement pour les groupes au sein d\u2019une \u00e9quipe de travail. Nous pouvons aussi en cr\u00e9er sur mesure pour votre groupe, en fonction de vos besoins.<\/p>\n<p>Quelques exemples:<\/p>\n<ul>\n<li>arr\u00eat du tabac<\/li>\n<li>gestion du stress<\/li>\n<li>gestion de la fatigue et de l\u2019\u00e9nergie<\/li>\n<li>burnout<\/li>\n<li>confiance en soi et image de soi<\/li>\n<li>tournant de vie<\/li>\n<li>peurs et phobies<\/li>\n<li>g\u00eanes et douleurs physiques<\/li>\n<li>gestion des \u00e9motions<\/li>\n<li>prise de d\u00e9cision<\/li>\n<li>concentration et procrastination<\/li>\n<li>prise de parole en public<\/li>\n<li>d\u00e9velopper sa cr\u00e9ativit\u00e9<\/li>\n<li>etc!<\/li>\n<\/ul>\n<p>Votre demande est adapt\u00e9e sur mesure. Demandez-moi des informations \u00e0 l\u2019adresse lisellesil@gmail.com si vous \u00eates int\u00e9ress\u00e9.e d\u2019organiser ensemble un\/des atelier(s), en entreprise priv\u00e9e, dans l\u2019administration publique ou en groupes priv\u00e9s.<\/p>\n<p><img loading=\"lazy\" decoding=\"async\" class=\" size-full wp-image-3778 aligncenter\" src=\"https:\/\/test2.under-construction.work\/wp-content\/uploads\/2017\/01\/capture-d_ecc81cran-2016-03-26-acc80-12-40-04.png\" alt=\"capture-decran-2016-03-26-a-12-40-04\" width=\"567\" height=\"568\" \/><\/p>\n","protected":false},"excerpt":{"rendered":"<p>LES CLASSIQUES DU MIEUX-ETRE Les ateliers d\u00e9velopp\u00e9s sur ce site (suivez les liens ci-dessous) sont des\u00a0exemples d\u2019ateliers originaux\u00a0que j\u2019imagine\u00a0de toutes pi\u00e8ces. Ceci dit, il y a mille et une possibilit\u00e9s. Les articles du site et les descriptions de \u00ab\u00a0l\u2019hypnose pour cr\u00e9er sa vie, son oeuvre, son monde\u00a0\u00bb peuvent vous donner des id\u00e9es. Je suis ouverte [&hellip;]<\/p>\n","protected":false},"author":2,"featured_media":3447,"parent":9341,"menu_order":0,"comment_status":"closed","ping_status":"closed","template":"","meta":{"footnotes":""},"class_list":["post-9352","page","type-page","status-publish","has-post-thumbnail","hentry"],"_links":{"self":[{"href":"https:\/\/test2.under-construction.work\/index.php\/wp-json\/wp\/v2\/pages\/9352","targetHints":{"allow":["GET"]}}],"collection":[{"href":"https:\/\/test2.under-construction.work\/index.php\/wp-json\/wp\/v2\/pages"}],"about":[{"href":"https:\/\/test2.under-construction.work\/index.php\/wp-json\/wp\/v2\/types\/page"}],"author":[{"embeddable":true,"href":"https:\/\/test2.under-construction.work\/index.php\/wp-json\/wp\/v2\/users\/2"}],"replies":[{"embeddable":true,"href":"https:\/\/test2.under-construction.work\/index.php\/wp-json\/wp\/v2\/comments?post=9352"}],"version-history":[{"count":0,"href":"https:\/\/test2.under-construction.work\/index.php\/wp-json\/wp\/v2\/pages\/9352\/revisions"}],"up":[{"embeddable":true,"href":"https:\/\/test2.under-construction.work\/index.php\/wp-json\/wp\/v2\/pages\/9341"}],"wp:featuredmedia":[{"embeddable":true,"href":"https:\/\/test2.under-construction.work\/index.php\/wp-json\/"}],"wp:attachment":[{"href":"https:\/\/test2.under-construction.work\/index.php\/wp-json\/wp\/v2\/media?parent=9352"}],"curies":[{"name":"wp","href":"https:\/\/api.w.org\/{rel}","templated":true}]}}