{"id":9368,"date":"2018-02-24T18:34:07","date_gmt":"2018-02-24T17:34:07","guid":{"rendered":"https:\/\/marielisel.com\/?page_id=9368"},"modified":"2018-02-24T18:34:07","modified_gmt":"2018-02-24T17:34:07","slug":"riviere-entre-deux-rives","status":"publish","type":"page","link":"https:\/\/test2.under-construction.work\/index.php\/ateliers-et-stages\/exploration-queer\/riviere-entre-deux-rives\/","title":{"rendered":"Rivi\u00e8re entre deux rives"},"content":{"rendered":"<p>Lae rivi\u00e8re est fluide, form\u00e9.e de ruisseaux, de rus, de sources divers qui se m\u00ealent en une eau unique, singuli\u00e8re pour chacun.e.<\/p>\n<p>Les rives, elles, sont s\u00e9par\u00e9es de fa\u00e7on binaire et bien plus fig\u00e9es, selon les repr\u00e9sentations de ce que \u00ab\u00a0doit\u00a0\u00bb \u00eatre une femme (\u00e0 gauche, le c\u00f4t\u00e9 du coeur) \/ un homme (\u00e0 droite, le c\u00f4t\u00e9 de l&rsquo;action), selon la soci\u00e9t\u00e9 dominante et repr\u00e9sentations de ma propre f\u00e9minit\u00e9 \/ masculinit\u00e9.<\/p>\n<p>Dans cet atelier d&rsquo;exploration, nous plongeons et fluctuons dans la rivi\u00e8re et montons tour \u00e0 tour sur chacune des deux rives, pour rencontrer les repr\u00e9sentations actives dans ces territoires\u00a0symboliques, d\u00e9couvrir ce qu&rsquo;il y a \u00e0 d\u00e9couvrir, comprendre ce qu&rsquo;il y a \u00e0 comprendre, int\u00e9grer ce qu&rsquo;il y a \u00e0 int\u00e9grer, transformer ce qu&rsquo;il y a \u00e0 transformer&#8230;\u00a0en toute fluidit\u00e9.<\/p>\n<blockquote><p>A CONSULTER: l&rsquo;introductions aux ateliers queer et les sources sont disponibles dans la page \u00ab\u00a0<a href=\"https:\/\/test2.under-construction.work\/ateliers-et-stages\/exploration-queer\/\" target=\"_blank\" rel=\"noopener\">Ateliers d&rsquo;exploration queer<\/a>\u00ab\u00a0.<\/p><\/blockquote>\n<p>&nbsp;<\/p>\n","protected":false},"excerpt":{"rendered":"<p>Lae rivi\u00e8re est fluide, form\u00e9.e de ruisseaux, de rus, de sources divers qui se m\u00ealent en une eau unique, singuli\u00e8re pour chacun.e. Les rives, elles, sont s\u00e9par\u00e9es de fa\u00e7on binaire et bien plus fig\u00e9es, selon les repr\u00e9sentations de ce que \u00ab\u00a0doit\u00a0\u00bb \u00eatre une femme (\u00e0 gauche, le c\u00f4t\u00e9 du coeur) \/ un homme (\u00e0 droite, [&hellip;]<\/p>\n","protected":false},"author":2,"featured_media":9313,"parent":9348,"menu_order":0,"comment_status":"closed","ping_status":"closed","template":"","meta":{"footnotes":""},"class_list":["post-9368","page","type-page","status-publish","has-post-thumbnail","hentry"],"_links":{"self":[{"href":"https:\/\/test2.under-construction.work\/index.php\/wp-json\/wp\/v2\/pages\/9368","targetHints":{"allow":["GET"]}}],"collection":[{"href":"https:\/\/test2.under-construction.work\/index.php\/wp-json\/wp\/v2\/pages"}],"about":[{"href":"https:\/\/test2.under-construction.work\/index.php\/wp-json\/wp\/v2\/types\/page"}],"author":[{"embeddable":true,"href":"https:\/\/test2.under-construction.work\/index.php\/wp-json\/wp\/v2\/users\/2"}],"replies":[{"embeddable":true,"href":"https:\/\/test2.under-construction.work\/index.php\/wp-json\/wp\/v2\/comments?post=9368"}],"version-history":[{"count":0,"href":"https:\/\/test2.under-construction.work\/index.php\/wp-json\/wp\/v2\/pages\/9368\/revisions"}],"up":[{"embeddable":true,"href":"https:\/\/test2.under-construction.work\/index.php\/wp-json\/wp\/v2\/pages\/9348"}],"wp:featuredmedia":[{"embeddable":true,"href":"https:\/\/test2.under-construction.work\/index.php\/wp-json\/"}],"wp:attachment":[{"href":"https:\/\/test2.under-construction.work\/index.php\/wp-json\/wp\/v2\/media?parent=9368"}],"curies":[{"name":"wp","href":"https:\/\/api.w.org\/{rel}","templated":true}]}}