{"id":9370,"date":"2018-02-24T18:41:26","date_gmt":"2018-02-24T17:41:26","guid":{"rendered":"https:\/\/marielisel.com\/?page_id=9370"},"modified":"2018-02-24T18:41:26","modified_gmt":"2018-02-24T17:41:26","slug":"les-couleurs-de-larc-en-ciel","status":"publish","type":"page","link":"https:\/\/test2.under-construction.work\/index.php\/ateliers-et-stages\/exploration-queer\/les-couleurs-de-larc-en-ciel\/","title":{"rendered":"Les couleurs de l\u2019arc-en-ciel"},"content":{"rendered":"<blockquote>\n<p style=\"text-align:center;\"><strong>L&rsquo;arc-en-ciel<\/strong><\/p>\n<\/blockquote>\n<p><strong>Ph\u00e9nom\u00e8ne optique<\/strong><\/p>\n<p style=\"text-align:justify;\"><strong>Ce photom\u00e9t\u00e9ore<\/strong> (ph\u00e9nom\u00e8ne optique se produisant dans le ciel) rend visible le spectre continu de la lumi\u00e8re blanche du soleil quand il brille pendant la pluie ou dans la ros\u00e9e ou dans les gouttelettes d&rsquo;une cascade, en d\u00e9composant ce spectre, par diffraction.<\/p>\n<p style=\"text-align:justify;\">Il n&rsquo;a <strong>pas de r\u00e9alit\u00e9 mat\u00e9rielle<\/strong>. C&rsquo;est un effet optique dont la position apparente d\u00e9pend de la position du soleil (qui brille derri\u00e8re derri\u00e8re la personne qui regarde l&rsquo;arc en ciel devant). D&rsquo;un avion on peut voir le cercle entier de l&rsquo;arc-en-ciel avec l&rsquo;ombre de l&rsquo;avion (donnant la direction oppos\u00e9e au Soleil) en son centre.<\/p>\n<p><img loading=\"lazy\" decoding=\"async\" class=\"alignnone size-full wp-image-14500\" src=\"https:\/\/test2.under-construction.work\/wp-content\/uploads\/2020\/05\/capture-de28099ecc81cran-2020-05-12-acc80-16.02.06.png\" alt=\"Capture d\u2019e\u0301cran 2020-05-12 a\u0300 16.02.06\" width=\"614\" height=\"461\" \/><\/p>\n<p style=\"text-align:justify;\">Il apparait comme un <strong>arc color\u00e9 avec le rouge \u00e0 l&rsquo;ext\u00e9rieur et le violet \u00e0 l&rsquo;int\u00e9rieur<\/strong> qui pr\u00e9sente un d\u00e9grad\u00e9 de couleurs continu. Selon les cultures, le nombre des couleurs repr\u00e9sent\u00e9es graphiquement varie de <strong>varie de 3 \u00e0 9<\/strong>.<\/p>\n<p style=\"text-align:justify;\">En Occident, Isaac Newton (physicien du 17-18\u00e8me si\u00e8cle) retint sept couleurs\u00a0: rouge, orange, jaune, vert, bleu, indigo et violet. Six sont des couleurs (<a title=\"Champ chromatique\" href=\"https:\/\/fr.wikipedia.org\/wiki\/Champ_chromatique\">champ chromatique<\/a>). Il ajouta l&rsquo;indigo pour que le nombre soit \u00e9gal au <strong>nombre symbolique 7<\/strong> (gamme musicale, 7 jours de la semaine&#8230;). C&rsquo;est cette repr\u00e9sentation que nous avons gard\u00e9e.<\/p>\n<p>D&rsquo;autres cultures gardent aussi les 7 couleurs. En Inde et M\u00e9sopotamie elles repr\u00e9sentent les sept niveaux des cieux.<\/p>\n<p>Un arc-en-ciel se compose de <strong>deux arcs principaux<\/strong>\u00a0: l&rsquo;arc primaire et l&rsquo;arc secondaire. Les deux arcs sont s\u00e9par\u00e9s par la bande sombre d&rsquo;Alexandre.<\/p>\n<p>Il existe deux autres arcs\u00a0: l&rsquo;arc tertiaire et l&rsquo;arc quaternaire, tr\u00e8s difficiles \u00e0 apercevoir.<\/p>\n<p><strong>L&rsquo;arc en terre<\/strong><\/p>\n<p>L&rsquo;arc-en-terre est un ph\u00e9nom\u00e8ne semblable \u00e0 l&rsquo;arc-en-ciel, mais engendr\u00e9 sur la terre par la pluie ou la ros\u00e9e<sup id=\"cite_ref-4\" class=\"reference\"><\/sup>.<\/p>\n<p>Pour aller plus loin: la page <a href=\"https:\/\/fr.wikipedia.org\/wiki\/Arc-en-ciel\" target=\"_blank\" rel=\"noopener\">Wiki<\/a> est pas mal. <a href=\"https:\/\/magazine.ribambel.com\/article\/pourquoi-l-arc-en-ciel-a-t-il-7-couleurs_a3529\/1\" target=\"_blank\" rel=\"noopener\">Indigo<\/a> et <a href=\"https:\/\/www.futura-sciences.com\/sciences\/questions-reponses\/matiere-arcs-ciel-forment-ils-1596\/\" target=\"_blank\" rel=\"noopener\">Futura Science<\/a> expliquent plus simplement.<\/p>\n<p><img loading=\"lazy\" decoding=\"async\" class=\"alignnone size-full wp-image-14494\" src=\"https:\/\/test2.under-construction.work\/wp-content\/uploads\/2020\/05\/capture-de28099ecc81cran-2020-05-12-acc80-15.46.12.png\" alt=\"Capture d\u2019e\u0301cran 2020-05-12 a\u0300 15.46.12\" width=\"981\" height=\"260\" \/><\/p>\n<p><strong>Symbolique LGBTQI+<\/strong><\/p>\n<p style=\"text-align:justify;\">Le premier drapeau\u00a0arc en ciel\u00a0<a href=\"https:\/\/cultures-lgbt.com\/definitions-cultures-lgbt-et-queer\" target=\"_blank\" rel=\"noopener\">LGBTQI+<\/a> comptait 8 couleurs : rose (sexualit\u00e9), rouge (vie), orange (sant\u00e9), jaune (soleil), vert (nature), turquoise (arts), bleu (harmonie), violet (esprit).<\/p>\n<p style=\"text-align:justify;\">Le <a href=\"https:\/\/www.nouvelobs.com\/societe\/20170623.OBS1118\/gay-pride-d-ou-vient-le-drapeau-arc-en-ciel-embleme-de-la-communaute-lgbt.html\" target=\"_blank\" rel=\"noopener\">drapeau actuel<\/a> en compte 6 (le rose et le turquoise ont disparu).<\/p>\n<p style=\"text-align:justify;\">Le fait que ce soit un ph\u00e9nom\u00e8ne naturel et tr\u00e8s color\u00e9 rappelle le c\u00f4t\u00e9 inclusif. Et c&rsquo;est aussi un drapeau aux couleurs psych\u00e9d\u00e9liques (qui rappelle San Francisco) et aussi qui a une signification de paix dans d&rsquo;autres drapeaux \u00e0 bandes color\u00e9es<\/p>\n<p style=\"text-align:justify;\">Les \u00ab\u00a0maisons arc en ciel\u00a0\u00bb d\u00e9signent les QG des LGBTQIA+ dans de nombreuses villes, notamment \u00e0 Bruxelles.<\/p>\n<p><strong>Symboliques des contes et l\u00e9gendes<\/strong><\/p>\n<p style=\"text-align:justify;\"><strong>Tr\u00e9sor<\/strong>: Un tr\u00e9sor est cach\u00e9 au pied de l&rsquo;arc en ciel, mais il est impossible \u00e0 atteindre.<\/p>\n<p style=\"text-align:justify;\"><strong>Pont<\/strong>: L&rsquo;arc en ciel est pr\u00e9sent\u00e9 comme un pont flottant dans le ciel. Il peut \u00eatre emprunt\u00e9 par des dieux, des chamans, sorciers et personnages h\u00e9ro\u00efques, pour circuler entre la terre et un autre monde ou entre deux points \u00e9loign\u00e9s de la terre.<\/p>\n<p style=\"text-align:justify;\"><strong>L&rsquo;arc des divinit\u00e9s:<\/strong> il ressemble \u00e0 l&rsquo;arc de <a title=\"Shiva\" href=\"https:\/\/fr.wikipedia.org\/wiki\/Shiva\">Shiva\u00a0<\/a> et \u00e0 celui d&rsquo;Indra, qui produit la foudre et dispense la pluie).<\/p>\n<p style=\"text-align:justify;\"><strong>Escalier aux 7 couleurs:<\/strong> l \u00e9voque aussi l&rsquo;illumination de Bouddha, qui redescend du ciel par cet <i>escalier<\/i> aux 7 couleurs, dont les rampes sont 2 serpents (n\u00e2ga)<\/p>\n<p style=\"text-align:justify;\"><strong>Les rubans port\u00e9s par les chamans Bouriates<\/strong>, symbolisant la mont\u00e9e de l&rsquo;esprit du chaman vers le ciel, sont appel\u00e9s arc-en-ciel<\/p>\n<p style=\"text-align:justify;\">Au Tibet, il est associ\u00e9 aux <strong>\u00e2mes qui rejoignent le ciel<\/strong><\/p>\n<p style=\"text-align:justify;\">Les Indiens Pueblo nommaient arc-en-ciel <strong>l&rsquo;\u00e9chelle permettant d&rsquo;acc\u00e9der \u00e0 leurs temples souterrains<\/strong>.<\/p>\n<p style=\"text-align:justify;\"><strong>Renouveau<\/strong>: On dit \u00e9galement qu\u2019il annonce le renouveau, la joie, le beau temps apr\u00e8s la pluie.<\/p>\n<p style=\"text-align:justify;\"><strong>Prosp\u00e9rit\u00e9:<\/strong> alliance de la terre et du ciel<\/p>\n<p style=\"text-align:justify;\"><strong>Alliance de Dieu avec les humains<\/strong> \u00e0 la suite du D\u00e9luge (Bible)<\/p>\n<p style=\"text-align:justify;\">Il est le symbole de la femme du dieu <a title=\"Anzar\" href=\"https:\/\/fr.wikipedia.org\/wiki\/Anzar\">Anzar<\/a> (le <strong>dieu de la pluie<\/strong>), dans la mythologie berb\u00e8re.<\/p>\n<p style=\"text-align:justify;\"><strong>Serpent:<\/strong> de nombreux mythes associent aussi l&rsquo;arc-en-ciel \u00e0 un serpent mythique<\/p>\n<p style=\"text-align:justify;\"><strong>Dans le langage po\u00e9tique<\/strong>, l&rsquo;arc-en-ciel est parfois appel\u00e9 \u00ab arc c\u00e9leste \u00bb, \u00ab arc des cieux \u00bb, \u00ab arc lumineux \u00bb, \u00ab arc aux sept couleurs \u00bb ou \u00ab arc d&rsquo;Iris \u00bb<sup id=\"cite_ref-TLFI_31-4\" class=\"reference\"><\/sup> par r\u00e9f\u00e9rence \u00e0 la d\u00e9esse <a title=\"Mythologie grecque\" href=\"https:\/\/fr.wikipedia.org\/wiki\/Mythologie_grecque\">grecque<\/a> <a title=\"Iris (mythologie)\" href=\"https:\/\/fr.wikipedia.org\/wiki\/Iris_(mythologie)\">Iris<\/a>, messag\u00e8re des dieux et personnification de l&rsquo;arc-en-ciel.<\/p>\n<p style=\"text-align:justify;\"><strong>Pouvoir des couleurs<\/strong>:\u00a0 la <a href=\"http:\/\/www.doctissimo.fr\/html\/dossiers\/medecines-douces\/articles\/16243-chromatherapie.htm\" target=\"_blank\" rel=\"noopener\">chromoth\u00e9rapie<\/a> base sa m\u00e9thode sur la croyance du pouvoir des couleurs, qui auraient une influence directe sur l&rsquo;esprit et le corps.Un exemple ici:<\/p>\n<ul style=\"text-align:justify;\">\n<li>Rouge: \u00e9nergie et initiative \/ irritabilit\u00e9, agressivit\u00e9<\/li>\n<li>Jaune: Clart\u00e9, joie, revitalisant, stimulateur, enthousiasme \/ irritabilit\u00e9 et pr\u00e9jug\u00e9s.<\/li>\n<li>Orange : sant\u00e9 \u00e9motionnelle, communication, cr\u00e9ativit\u00e9, encouragement \/ nervosit\u00e9 et agitation.<\/li>\n<li>Bleu: Rafra\u00eechissant, relaxant, antiseptique, intuition \/ m\u00e9lancolie et m\u00e9ditation.<\/li>\n<li>Vert: calme, reconstituant, doux et frais, stimule la croissance et la r\u00e9g\u00e9n\u00e9ration des cellules \/ affaiblissement, d\u00e9prime<\/li>\n<li>Turquoise: calme, aide le syst\u00e8me immunitaire. stimule le discernement, concentration.<\/li>\n<li>Violet : calme, renforce le syst\u00e8me nerveux, augmente le rendement de l&rsquo;activit\u00e9 mentale, d\u00e9sintoxication du sang \/ peine, col\u00e8re<\/li>\n<\/ul>\n<p style=\"text-align:justify;\"><strong>L&rsquo;histoire des couleurs<\/strong> de Michel Pastoureau est disponible en livre \u00ab\u00a0<span id=\"productTitle\" class=\"a-size-extra-large\">Le Petit livre des couleurs<\/span>\u00a0\u00bb est le r\u00e9sum\u00e9, sinon un livre par couleur et <a href=\"https:\/\/www.franceculture.fr\/emissions\/hors-champs\/des-gouts-et-des-couleurs-avec-michel-pastoureau\" target=\"_blank\" rel=\"noopener\">en \u00e9mission radio<\/a>. Sympa aussi pour enrichir nos repr\u00e9sentations.<\/p>\n<p style=\"text-align:justify;\"><img loading=\"lazy\" decoding=\"async\" class=\"alignnone size-full wp-image-9313\" src=\"https:\/\/test2.under-construction.work\/wp-content\/uploads\/2018\/02\/capture-d_c3a9cran-2018-02-22-c3a0-21-25-13.png\" alt=\"Capture d_\u00e9cran 2018-02-22 \u00e0 21.25.13\" width=\"871\" height=\"593\" \/><\/p>\n<div style=\"text-align:justify;\">\n<div>\n<p style=\"text-align:justify;\">Dans cet atelier d&rsquo;exploration par l&rsquo;hypnose, nous jouons avec les innombrables repr\u00e9sentations de l&rsquo;arc-en-ciel et des couleurs pour explorer, transformer, amplifier, ajuster nos paysages int\u00e9rieurs.<\/p>\n<p>Je me demande quelles couleurs composeront votre arc-en-ciel singulier dans votre imaginal et ce qu&rsquo;elles r\u00e9v\u00e9leront en vous.<\/p>\n<p>A CONSULTER: l&rsquo;introductions aux ateliers queer et les sources sont disponibles dans la page \u00ab\u00a0<a href=\"https:\/\/test2.under-construction.work\/ateliers-et-stages\/exploration-queer\/\" target=\"_blank\" rel=\"noopener\">Ateliers d&rsquo;exploration queer<\/a>\u00ab\u00a0.<\/p>\n<\/div>\n<div><\/div>\n<\/div>\n<div>\n<figure id=\"attachment_7552\" aria-describedby=\"caption-attachment-7552\" style=\"width: 611px\" class=\"wp-caption alignnone\"><img loading=\"lazy\" decoding=\"async\" class=\"alignnone size-full wp-image-7552\" src=\"https:\/\/test2.under-construction.work\/wp-content\/uploads\/2017\/10\/capture-d_c3a9cran-2017-10-29-c3a0-19-56-191.png\" alt=\"Capture d_\u00e9cran 2017-10-29 \u00e0 19.56.19\" width=\"611\" height=\"360\" \/><figcaption id=\"caption-attachment-7552\" class=\"wp-caption-text\">Arc-en-ciel de d\u00e9but de stage \u00ab\u00a0se connecter \u00e0 soi, au cheval, au monde\u00a0\u00bb, en Loz\u00e8re (sept 17)<\/figcaption><\/figure>\n<\/div>\n","protected":false},"excerpt":{"rendered":"<p>L&rsquo;arc-en-ciel Ph\u00e9nom\u00e8ne optique Ce photom\u00e9t\u00e9ore (ph\u00e9nom\u00e8ne optique se produisant dans le ciel) rend visible le spectre continu de la lumi\u00e8re blanche du soleil quand il brille pendant la pluie ou dans la ros\u00e9e ou dans les gouttelettes d&rsquo;une cascade, en d\u00e9composant ce spectre, par diffraction. Il n&rsquo;a pas de r\u00e9alit\u00e9 mat\u00e9rielle. C&rsquo;est un effet optique [&hellip;]<\/p>\n","protected":false},"author":2,"featured_media":9371,"parent":9348,"menu_order":0,"comment_status":"closed","ping_status":"closed","template":"","meta":{"footnotes":""},"class_list":["post-9370","page","type-page","status-publish","has-post-thumbnail","hentry"],"_links":{"self":[{"href":"https:\/\/test2.under-construction.work\/index.php\/wp-json\/wp\/v2\/pages\/9370","targetHints":{"allow":["GET"]}}],"collection":[{"href":"https:\/\/test2.under-construction.work\/index.php\/wp-json\/wp\/v2\/pages"}],"about":[{"href":"https:\/\/test2.under-construction.work\/index.php\/wp-json\/wp\/v2\/types\/page"}],"author":[{"embeddable":true,"href":"https:\/\/test2.under-construction.work\/index.php\/wp-json\/wp\/v2\/users\/2"}],"replies":[{"embeddable":true,"href":"https:\/\/test2.under-construction.work\/index.php\/wp-json\/wp\/v2\/comments?post=9370"}],"version-history":[{"count":0,"href":"https:\/\/test2.under-construction.work\/index.php\/wp-json\/wp\/v2\/pages\/9370\/revisions"}],"up":[{"embeddable":true,"href":"https:\/\/test2.under-construction.work\/index.php\/wp-json\/wp\/v2\/pages\/9348"}],"wp:featuredmedia":[{"embeddable":true,"href":"https:\/\/test2.under-construction.work\/index.php\/wp-json\/"}],"wp:attachment":[{"href":"https:\/\/test2.under-construction.work\/index.php\/wp-json\/wp\/v2\/media?parent=9370"}],"curies":[{"name":"wp","href":"https:\/\/api.w.org\/{rel}","templated":true}]}}