{"id":9384,"date":"2018-02-24T19:33:06","date_gmt":"2018-02-24T18:33:06","guid":{"rendered":"https:\/\/marielisel.com\/?page_id=9384"},"modified":"2018-02-24T19:33:06","modified_gmt":"2018-02-24T18:33:06","slug":"explorer-limaginal-grace-aux-representations-animales","status":"publish","type":"page","link":"https:\/\/test2.under-construction.work\/index.php\/ateliers-et-stages\/exploration-de-la-nature\/explorer-limaginal-grace-aux-representations-animales\/","title":{"rendered":"R\u00eave \u00e9veill\u00e9 dirig\u00e9: \u00ab\u00a0explorer l&rsquo;imaginal gr\u00e2ce aux repr\u00e9sentations animales\u00a0\u00bb"},"content":{"rendered":"<p>L\u2019hypnose permet<strong> l\u2019exp\u00e9rience d\u2019un mode augment\u00e9<\/strong>, bas\u00e9 sur\u00a0l&rsquo;instinct et \u00a0l\u2019intuition. L\u2019animalit\u00e9 de l\u2019humain est ainsi mise en hyper\u00e9veil, tandis que sa rationalit\u00e9 est mise en veille.<\/p>\n<p>L&rsquo;hypnose permet d&rsquo;accueillir<strong> nos repr\u00e9sentations animales,<\/strong> de dialoguer avec elles, de les accueillir, de collaborer, de les laisser transformer.<\/p>\n<p>L&rsquo;hypnose permet de donner une place \u00e0 ces\u00a0repr\u00e9sentations\u00a0dans la<strong> perception interne <\/strong>(comment je me per\u00e7ois, je per\u00e7ois mon corps) et<strong> externe <\/strong>(comment je per\u00e7ois l&rsquo;environnement, l&rsquo;autre), mais aussi dans<strong> les \u00e9motions, les impressions,\u00a0le mouvement, les automatismes, les processus de pens\u00e9es et de comportement&#8230; <\/strong>Car l&rsquo;hypnose permet de mod\u00e9liser un \u00eatre (prendre un mod\u00e8le qui a une ressource que je pense ne pas avoir) et de\u00a0tester le fait de &#8211; &#8230; &#8211; comme -&#8230;-, en ressenti r\u00e9el.<\/p>\n<p>Ces 4h d&rsquo;exploration en atelier ouvrent, d\u00e8s lors, \u00e0 une<strong> connexion avec des parties profondes, \u00e0 la reconnaissance de ressources enfouies <\/strong>pour les rendre disponibles pour cr\u00e9er sa vie, son oeuvre, son monde!<\/p>\n<p><strong>Elles n&rsquo;ont pas pour objectif direct de r\u00e9soudre un probl\u00e8me&#8230; m\u00eame si cela peut arriver de surcro\u00eet!<\/strong><\/p>\n<figure id=\"attachment_8802\" aria-describedby=\"caption-attachment-8802\" style=\"width: 870px\" class=\"wp-caption alignnone\"><img loading=\"lazy\" decoding=\"async\" class=\"alignnone size-full wp-image-8802\" src=\"https:\/\/test2.under-construction.work\/wp-content\/uploads\/2017\/12\/claudia-fontes-the-horse-problem-sculpture-argentina-venice-art-biennale-2017-inexhibit-4l.jpg\" alt=\"Claudia-Fontes-The-Horse-Problem-sculpture-Argentina-Venice-Art-Biennale-2017-Inexhibit-4L\" width=\"870\" height=\"598\" \/><figcaption id=\"caption-attachment-8802\" class=\"wp-caption-text\">\u00ab\u00a0The Horse Problem\u00a0\u00bb by Claudia Fontes, the exhibition of Argentina at the Venice Art Biennale 2017<\/figcaption><\/figure>\n<p>Nous envisagerons une suite animale ou pas, selon le d\u00e9roulement de ce jeudi. Au printemps, de toute fa\u00e7on&#8230; hop hop hop dans les bois! \ud83d\ude42<\/p>\n<blockquote><p><strong>En pratique<\/strong><\/p><\/blockquote>\n<p><strong>Qui?<\/strong> Atelier accompagn\u00e9 par Marie Lisel, Maitre Praticienne en hypnose \u00e9ricksonienne.<\/p>\n<p><strong>Pour qui?\u00a0<\/strong>Cr\u00e9ateurs, cr\u00e9atrices, cr\u00e9atures&#8230; bienvenue! Lisez tout de m\u00eame les <a href=\"https:\/\/test2.under-construction.work\/contact-et-formulaire\/contre-indications-et-precautions\/\" target=\"_blank\" rel=\"noopener\">pr\u00e9cautions.<\/a><\/p>\n<p><strong>Qu&rsquo;apporter?\u00a0<\/strong><\/p>\n<ul>\n<li>un objet ou une image ou un son qui a un rapport avec l&rsquo;une de vos parts int\u00e9rieures animales que vous connaissez ou pressentez<\/li>\n<li>un objet ou une image ou un son qui a un rapport avec un animal r\u00e9el<\/li>\n<li>un carnet dans lequel vous prenez d\u00e8s maintenant des notes sur ce sujet (pens\u00e9es, anecdotes, dessins, citations, collages, documentation d&rsquo;\u00e9thologie, de mythologie&#8230;)<\/li>\n<li>feuilles et marqueurs<\/li>\n<li>une couverture, des chaussettes, une bouteille d&rsquo;eau<\/li>\n<li>des v\u00eatements confortables (le serpent en jupette, c&rsquo;est pas \u00e9vident!)<\/li>\n<li>un truc \u00e0 grignoter \u00e0 partager proprement \u00e0 la pause, entre b\u00eates: fruits, fruits secs, noix, chocolat&#8230;?<\/li>\n<\/ul>\n<p>&nbsp;<\/p>\n<figure id=\"attachment_8801\" aria-describedby=\"caption-attachment-8801\" style=\"width: 749px\" class=\"wp-caption alignnone\"><img loading=\"lazy\" decoding=\"async\" class=\"alignnone size-full wp-image-8801\" src=\"https:\/\/test2.under-construction.work\/wp-content\/uploads\/2017\/12\/pierre-huyghe.jpg\" alt=\"Pierre Huyghe\" width=\"749\" height=\"535\" \/><figcaption id=\"caption-attachment-8801\" class=\"wp-caption-text\">Pierre Huyghe<\/figcaption><\/figure>\n<blockquote><p><strong>Enfiler sa croyance? Choisir son mode?<\/strong><\/p><\/blockquote>\n<p>Comme <strong>l\u2019hypnose lib\u00e8re du choix radical impos\u00e9 d\u2019une repr\u00e9sentation qui serait LA v\u00e9rit\u00e9<\/strong> de notre fonctionnement psychique\u2026 je peux me repr\u00e9senter ma discipline favorite de diff\u00e9rentes fa\u00e7ons et l\u2019utiliser efficacement selon des paradigmes vari\u00e9s.<\/p>\n<p>Quelques exemples de repr\u00e9sentations sont pr\u00e9sent\u00e9es dans mes articles. Je peux par exemple, dans une exploration hypnotique (exploration = \u00ab\u00a0cr\u00e9er son monde\u00a0\u00bb):<\/p>\n<ul>\n<li>rencontrer \u00ab\u00a0ciel qui sait\u00a0\u00bb en moi et lui demander de me faire d\u00e9couvrir son territoire<\/li>\n<li>explorer une vie que j&rsquo;imagine avoir v\u00e9cue il y a des centaines d&rsquo;ann\u00e9es<\/li>\n<li>rassembler une \u00e9quipe int\u00e9rieure pour atteindre un objectif de cr\u00e9ation, de tranquillisation, de conciliation, d&rsquo;exp\u00e9rimentation&#8230; que le \u00ab\u00a0moi\u00a0\u00bb rationnel ne parviendrait m\u00eame pas \u00e0 clarifier<\/li>\n<li>visiter mon corps et r\u00e9pondre \u00e0 ses besoins, me pr\u00e9senter en tant qu&rsquo;alli\u00e9.e<\/li>\n<li>jouer \u00e0 devenir la prolongation-proth\u00e8se d&rsquo;un objet, qui guide mon corps selon une t\u00e2che que l&rsquo;objet a \u00e0 effectuer en interaction avec un environnement<\/li>\n<li>capter une mod\u00e9lisation qui me plait chez un.e autre et l&rsquo;int\u00e9grer pour tester cette nouvelle ressource avant de l&rsquo;int\u00e9grer si elle convient ou de jouer dans un cadre avant de l&rsquo;enlever<\/li>\n<li>me connecter avec l&rsquo;une de mes parts (l&rsquo;organisatrice, la position m\u00e9ta, la sorci\u00e8re, le chat, Goldorak, la douce, la spirale ancr\u00e9e, l&rsquo;immat\u00e9rielle&#8230;) et lui laisser de la place<\/li>\n<li>entrer en \u00e9tat d&rsquo;hyperfocalisation et d&rsquo;expansion pour communiquer avec la nature<\/li>\n<li>faire circuler l&rsquo;\u00e9nergie sous diff\u00e9rents modes<\/li>\n<li>transformer des sons en sensations<\/li>\n<li>d&rsquo;autres id\u00e9es dans les articles et <a href=\"https:\/\/test2.under-construction.work\/seance-hypnose\/anecdotes-et-retours-de-seances\/\" target=\"_blank\" rel=\"noopener\">t\u00e9moignages<\/a><\/li>\n<\/ul>\n<p>Ces explorations se basent sur des repr\u00e9sentations diff\u00e9rentes de ma subjectivit\u00e9. <strong>Toutes sont \u00ab\u00a0r\u00e9elles\u00a0\u00bb et compatibles entre elles\u2026 pour moi<\/strong> (\u00e0 chacun sa carte du monde hypnotique!). Je les combine selon le\u00a0 \u00ab\u00a0on dirait qu\u2019on serait\u2026\u00a0\u00bb de\u00a0 l\u2019enfance, \u00ab\u00a0l\u2019accord temporaire de croyances\u00a0\u00bb du th\u00e9\u00e2tre et du cin\u00e9ma, le jeu, le r\u00eave \u00e9veill\u00e9\u2026 qui ouvrent les possibles et transforment vers la cr\u00e9ation de la vie, de l\u2019oeuvre, du monde.<\/p>\n<p>Lorsque l&rsquo;on s&rsquo;entraine r\u00e9guli\u00e8rement, <strong>le champ des possibles est infini<\/strong>, que ce soit guid\u00e9 ou en autohypnose. Et puis&#8230; les exp\u00e9riences s&rsquo;int\u00e8grent \u00e0 la vie quotidienne, \u00e0 la cr\u00e9ation, \u00e0 ce que je suis dans le monde partag\u00e9. Mon \u00ab\u00a0moi\u00a0\u00bb change, s&rsquo;ouvre, se lib\u00e8re, s&rsquo;amplifie!<\/p>\n<p><img loading=\"lazy\" decoding=\"async\" class=\" size-full wp-image-8808 aligncenter\" src=\"https:\/\/test2.under-construction.work\/wp-content\/uploads\/2017\/12\/ecureuil-siberie-japon-11-640x401.jpg\" alt=\"ecureuil-siberie-japon-11-640x401\" width=\"640\" height=\"401\" \/><\/p>\n<blockquote><p><strong>Pourquoi choisir de se rendre sensible \u00e0 son animalit\u00e9?<\/strong><\/p><\/blockquote>\n<p>L\u2019animal est guid\u00e9 dans ses choix par des r\u00e9flexes comportementaux et par son instinct. L\u2019humain paye sa libert\u00e9 de choix bien plus large par l&rsquo;appauvrissement sensoriel, le risque de l\u2019\u00e9garement et le r\u00e9seau d&rsquo;influences \u00ab\u00a0inconscientes\u00a0\u00bb.<\/p>\n<p><strong>M\u00eame la personne la plus passive provoque des r\u00e9actions chez un autre humain (le plus souvent inconscientes, c\u2019est-\u00e0-dire hors du champ de l\u2019attention).<\/strong> Ces r\u00e9actions provoquent des r\u00e9actions et ainsi de suite. Toutes nos interactions sont entrechoqu\u00e9es d\u2019influences r\u00e9ciproques. Pourquoi, entre deux personnes inconnues qui se ressemblent, l&rsquo;une nous appara\u00eet-elle sympathique et l&rsquo;autre antipathique, sans avoir interagi ni avec une ni avec l\u2019autre ? L\u2019influence est une action secr\u00e8te d\u2019un \u00eatre sur un autre. Et nous en sommes sans cesse travers\u00e9s.<\/p>\n<p><strong>L\u2019attitude d\u2019un animal vis-\u00e0-vis d\u2019un humain<\/strong> <strong>est souvent r\u00e9v\u00e9latrice de ces influences<\/strong> dont nous ne soup\u00e7onnons pas l\u2019existence car il ressent les signaux que nous envoyons inconsciemment, surtout si nous nous positionnons en humain utilitariste et con au point de vouloir lui mettre directement la main sur la t\u00eate.<\/p>\n<p>Et lorsque l&rsquo;humain quitte son positionnement habituel pour entrer dans un autre mode de communication, c&rsquo;est magique! <strong>Une autre connexion peut se faire (ou pas!), profonde, intense, augment\u00e9e, ouvrante&#8230; entre moi, l&rsquo;autre et le monde.<\/strong><\/p>\n<p><strong>D&rsquo;ailleurs, les animaux r\u00e9agissent fortement \u00e0 l\u2019\u00e9tat de transe, m\u00eame tr\u00e8s l\u00e9ger.<\/strong> Pour illustrer cela de fa\u00e7on personnelle, je pourrais raconter un grand nombre d\u2019histoires \u00e0 propos de chats qui se collent \u00e0 moi \u00ab\u00a0alors que d\u2019habitude ils se cachent quand un \u00e9tranger entre dans la maison\u00a0\u00bb dixit leur humain ou bien qui d\u00e9boulent en d\u00e9but de s\u00e9ance ou encore de chiens qui sont perplexes face \u00e0 l&rsquo;\u00eatre non identifi\u00e9 que je suis quand je \u00ab\u00a0voyage\u00a0\u00bb dans le bois ou de corvid\u00e9s qui se rapprochent de plus en plus pr\u00e8s. Bref&#8230;<\/p>\n<p><img loading=\"lazy\" decoding=\"async\" class=\" size-full wp-image-8811 aligncenter\" src=\"https:\/\/test2.under-construction.work\/wp-content\/uploads\/2017\/12\/sosh_hippocampe-1346.jpg\" alt=\"SOSH_hippocampe-1346\" width=\"1920\" height=\"1080\" \/><\/p>\n<p>&nbsp;<\/p>\n<blockquote><p><strong>Comment se connecter?<\/strong><\/p><\/blockquote>\n<p>A chaque praticien.ne sa m\u00e9thode, selon ses orientations (chamanisme, communication animale, g\u00e9obiologie, totemprocess&#8230;). J&rsquo;en ai approch\u00e9 plusieurs sans m&rsquo;enfermer dans les th\u00e9ories d&rsquo;une approche en particulier.<\/p>\n<p><strong>Personnellement, je choisis de partager les outils de l&rsquo;hypnose \u00e9ricksonienne, avec pragmatisme et non\u00a0<\/strong><strong>dogmatisme.<\/strong> Tout ce que je partage, ce sont des moyens de transformation de la subjectivit\u00e9 et des exp\u00e9riences, surtout pas des th\u00e9ories \u00e9difi\u00e9es en v\u00e9rit\u00e9s. Apr\u00e8s, libre \u00e0 vous de les adapter et de vous en servir selon vos propres syst\u00e8mes de croyances, qui \u00e9voluent selon vos propres exp\u00e9riences.<\/p>\n<p><strong>En gros, nous exp\u00e9rimenterons deux axes: <\/strong><\/p>\n<ul>\n<li>rencontrer son ou ses animaux int\u00e9rieurs dans un <strong>r\u00eave \u00e9veill\u00e9.<\/strong><\/li>\n<li>laisser l&rsquo;un des animaux prendre de plus en plus de place en moi ou moi en iel pour ressentir, voir, entendre, sentir, go\u00fbter, bouger, <strong>explorer l&rsquo;espace&#8230; avec cet animal<\/strong>.<\/li>\n<\/ul>\n<p>Il ne s&rsquo;agit pas de \u00ab\u00a0montrer\u00a0\u00bb, de mimer, de faire comme si mais bien de <strong>laisser la repr\u00e9sentation int\u00e9rieure prendre corps<\/strong>. Cela peut \u00eatre tout petit (je peux marcher dans la rue ou donner cours avec la pr\u00e9sence de cette repr\u00e9sentation dans mon \u00ab\u00a0Moi\u00a0\u00bb) ou plus grand (je peux me vautrer, m&rsquo;\u00e9tirer, sauter, faire des sons&#8230; comme je ne me le permettrais peut-\u00eatre pas dans un autre contexte).<\/p>\n<p>Je vous propose d\u2019<strong>adopter la croyance de votre animalit\u00e9 et des pouvoirs incroyables<\/strong> qu\u2019elle vous donne! Si vous \u00e9tiez un animal\u2026?<\/p>\n<p>Je n\u2019affirme pas que cette croyance doit \u00eatre impos\u00e9e et en \u00e9liminer d\u2019autres. Elle peut \u00eatre adapt\u00e9e et adopt\u00e9e, temporairement ou \u00e0 long terme, si elle convient, comme une ressource disponible qui peut \u00eatre appel\u00e9e volontairement ou se mettre en place toute seule, selon les intentions.<\/p>\n<p>Parfois, je suis un chat. Et vous?<\/p>\n<p><img loading=\"lazy\" decoding=\"async\" class=\" size-full wp-image-6713 aligncenter\" src=\"https:\/\/test2.under-construction.work\/wp-content\/uploads\/2017\/01\/11205554_1673154576246073_5437087292035857360_n.jpg\" alt=\"11205554_1673154576246073_5437087292035857360_n\" width=\"500\" height=\"333\" \/><\/p>\n<p>&nbsp;<\/p>\n<blockquote>\n<p style=\"text-align:center;\"><strong>TEMOIGNAGES<\/strong><\/p>\n<\/blockquote>\n<p><img loading=\"lazy\" decoding=\"async\" class=\"alignnone size-full wp-image-9496\" src=\"https:\/\/test2.under-construction.work\/wp-content\/uploads\/2018\/02\/attestation-insee-5-e1519729690501.jpeg\" alt=\"attestation-insee-5.jpeg\" width=\"2658\" height=\"1427\" \/><\/p>\n<p>&nbsp;<\/p>\n","protected":false},"excerpt":{"rendered":"<p>L\u2019hypnose permet l\u2019exp\u00e9rience d\u2019un mode augment\u00e9, bas\u00e9 sur\u00a0l&rsquo;instinct et \u00a0l\u2019intuition. L\u2019animalit\u00e9 de l\u2019humain est ainsi mise en hyper\u00e9veil, tandis que sa rationalit\u00e9 est mise en veille. L&rsquo;hypnose permet d&rsquo;accueillir nos repr\u00e9sentations animales, de dialoguer avec elles, de les accueillir, de collaborer, de les laisser transformer. L&rsquo;hypnose permet de donner une place \u00e0 ces\u00a0repr\u00e9sentations\u00a0dans la perception [&hellip;]<\/p>\n","protected":false},"author":2,"featured_media":6684,"parent":9350,"menu_order":0,"comment_status":"closed","ping_status":"closed","template":"","meta":{"footnotes":""},"class_list":["post-9384","page","type-page","status-publish","has-post-thumbnail","hentry"],"_links":{"self":[{"href":"https:\/\/test2.under-construction.work\/index.php\/wp-json\/wp\/v2\/pages\/9384","targetHints":{"allow":["GET"]}}],"collection":[{"href":"https:\/\/test2.under-construction.work\/index.php\/wp-json\/wp\/v2\/pages"}],"about":[{"href":"https:\/\/test2.under-construction.work\/index.php\/wp-json\/wp\/v2\/types\/page"}],"author":[{"embeddable":true,"href":"https:\/\/test2.under-construction.work\/index.php\/wp-json\/wp\/v2\/users\/2"}],"replies":[{"embeddable":true,"href":"https:\/\/test2.under-construction.work\/index.php\/wp-json\/wp\/v2\/comments?post=9384"}],"version-history":[{"count":0,"href":"https:\/\/test2.under-construction.work\/index.php\/wp-json\/wp\/v2\/pages\/9384\/revisions"}],"up":[{"embeddable":true,"href":"https:\/\/test2.under-construction.work\/index.php\/wp-json\/wp\/v2\/pages\/9350"}],"wp:featuredmedia":[{"embeddable":true,"href":"https:\/\/test2.under-construction.work\/index.php\/wp-json\/"}],"wp:attachment":[{"href":"https:\/\/test2.under-construction.work\/index.php\/wp-json\/wp\/v2\/media?parent=9384"}],"curies":[{"name":"wp","href":"https:\/\/api.w.org\/{rel}","templated":true}]}}