{"id":9401,"date":"2018-02-25T10:43:11","date_gmt":"2018-02-25T09:43:11","guid":{"rendered":"https:\/\/marielisel.com\/?page_id=9401"},"modified":"2018-02-25T10:43:11","modified_gmt":"2018-02-25T09:43:11","slug":"rencontre-avec-ma-sorciere-queer-ecofeministe-interieure","status":"publish","type":"page","link":"https:\/\/test2.under-construction.work\/index.php\/ateliers-queer\/rencontre-avec-ma-sorciere-queer-ecofeministe-interieure\/","title":{"rendered":"Rencontre avec ma sorci\u00e8re queer \u00e9cof\u00e9ministe int\u00e9rieure"},"content":{"rendered":"<div dir=\"ltr\">\n<div>\n<div style=\"text-align:justify;\" role=\"button\"><\/div>\n<blockquote>\n<div role=\"button\">A CONSULTER: l&rsquo;introductions aux ateliers queer et les sources sont disponibles dans la page \u00ab\u00a0<a href=\"https:\/\/test2.under-construction.work\/ateliers-et-stages\/exploration-queer\/\" target=\"_blank\" rel=\"noopener\">Ateliers d&rsquo;exploration queer<\/a>\u00ab\u00a0.<\/div>\n<\/blockquote>\n<p style=\"text-align:justify;\"><em>\u00ab Une sorci\u00e8re est un \u00eatre d\u00e9viant qui a r\u00e9ussi \u2013 du point de vue de la survie. Il existe un mod\u00e8le culturel, id\u00e9ologique et social de ce qu\u2019il ne faut pas \u00eatre, qui est, dans chaque soci\u00e9t\u00e9, con\u00e7u comme normal \u00bb (un terme per\u00e7u comme synonyme de naturel, ne l\u2019oublions pas). La plupart des gens survivent parce qu\u2019ils se conforment \u00e0 ces mod\u00e8les, c\u2019est-\u00e0-dire qu\u2019ils se comportent normalement. Cependant, tous ne se comportent pas \u00ab normalement \u00bb et ces personnes ont du mal \u00e0 survivre, \u00e0 cause de leur rejet du syst\u00e8me et de tout ce qui le sous-tend, et habituellement elles s\u2019enfoncent. On les qualifie alors \u00ab d\u2019anormales \u00bb ou de \u00ab m\u00e9sadapt\u00e9es \u00bb ou d\u2019autres adjectifs p\u00e9joratifs au regard de la norme. Puis surgit une personne d\u00e9viante mais qui survit, et puisque celle-ci ne fonde pas son existence sur des mod\u00e8les convenus \u2013 les seuls consid\u00e9r\u00e9s comme naturels par les gens normaux -, il faut donc que cette d\u00e9viance tire sa force vitale de quelque chose \u00ab d\u2019inconnu \u00bb ou de \u00ab surnaturel \u00bb.\u00a0<\/em>Carnet de notes de Maya Deren (1947).<\/p>\n<p style=\"text-align:justify;\">Apr\u00e8s un partage de nos repr\u00e9sentations autour de la \/ des sorci\u00e8re(s) et une br\u00e8ve introduction au <a href=\"https:\/\/test2.under-construction.work\/les-techniques-de-reve-eveille\/\" target=\"_blank\" rel=\"noopener\">REAH<\/a> (le r\u00eave \u00e9veill\u00e9 dirig\u00e9 augment\u00e9 par l&rsquo;hypnose), vous partirez confortablement \u00e0 la recherche de votre arch\u00e9type singulier de la sorci\u00e8re queer \u00e9cof\u00e9ministe qui vit en vous.<\/p>\n<p style=\"text-align:justify;\">Bienvenue dans cette rencontre de l\u2019une de vos alli\u00e9es int\u00e9rieures les plus magiques!<\/p>\n<blockquote>\n<p style=\"text-align:center;\"><strong>T\u00e9moignages<\/strong><\/p>\n<\/blockquote>\n<figure id=\"attachment_7378\" class=\"wp-caption alignnone\" style=\"width:524px;text-align:justify;\"><figcaption class=\"wp-caption-text\"><\/figcaption><\/figure>\n\n<p style=\"text-align:justify;\"><em>\u00ab\u00a0Merci pour m&rsquo;avoir permis cette connexion avec la sorci\u00e8re Lumi\u00e8re. Cette semaine, je suis avec joie et confiance ses conseils re\u00e7us dans la grotte du R\u00eave \u00e9veill\u00e9. Au d\u00e9but, les visions tardaient \u00e0 venir, je m\u2019endormais, je voulais vivre r\u00e9ellement les propositions, pendant longtemps je peinais \u00e0 voir distinctement, en continu et soudain, j\u2019ai vu des images qui ont provoqu\u00e9 des \u00e9motions fortes de retrouvailles. Je me suis revue enfant pr\u00e8s de la grotte, c\u2019est cette enfant qui partait \u00e0 la rencontre de la Sorci\u00e8re. Une v\u00e9ritable connexion a eu lieu. Quelle bienveillance dans ce voyage. Je suis heureuse de t\u2019avoir rencontr\u00e9e et je suis partante pour de nouvelles exp\u00e9riences !\u00a0\u00bb<\/em><\/p>\n<figure id=\"attachment_9493\" aria-describedby=\"caption-attachment-9493\" style=\"width: 1015px\" class=\"wp-caption alignnone\"><img loading=\"lazy\" decoding=\"async\" class=\"alignnone size-full wp-image-9493\" src=\"https:\/\/test2.under-construction.work\/wp-content\/uploads\/2018\/02\/attestation-insee-3.jpeg\" alt=\"Attestation INSEE 3\" width=\"1015\" height=\"1461\" \/><figcaption id=\"caption-attachment-9493\" class=\"wp-caption-text\">Dessin t\u00e9moignage de l&rsquo;atelier \u00ab\u00a0sorci\u00e8re queer\u00a0\u00bb<\/figcaption><\/figure>\n<p style=\"text-align:justify;\"><em>\u00ab\u00a0Merci pour cette exploration ! L\u2019apr\u00e8s-midi fut belle et la parole libre en compagnie de ce cercle de femmes\u2026 Beaucoup d\u2019\u00e9changes, de partages, d\u2019\u00e9motions et de bienveillance, une sorte de pause (r\u00e9)enchant\u00e9e dans le quotidien, avec de belles rencontres \u00e0 la cl\u00e9. Ma sorci\u00e8re violette a ador\u00e9. Moi aussi.\u00a0\u00bb<\/em><\/p>\n<p style=\"text-align:justify;\"><em>\u00ab\u00a0Belles \u00e9nergie dans ce groupe et l\u2019exp\u00e9rience guid\u00e9e, un exercice doux o\u00f9 l\u2019imagination devient cr\u00e9atrice et soignante. Bien appr\u00e9ci\u00e9, aussi, le partage qui a suivi, entre exp\u00e9riences personnelles, conseils \u2018pratiques\u2019 et \u00e9clairage historico-politique.\u00a0\u00bb<\/em><\/p>\n<p style=\"text-align:justify;\"><em>\u00ab\u00a0C\u2019\u00e9tait ma premi\u00e9re s\u00e9ance et ma premi\u00e9re exp\u00e9rience avec l\u2019hypnose . Je me suis retrouv\u00e9e entour\u00e9e de femmes\u00a0tr\u00e8s\u00a0chouettes. Marie nous a guid\u00e9es sur un chemin , pour moi inconnu, avec s\u00e9rieux bienveillance et dans une atmosph\u00e8re confortable et safe . J\u2019ai h\u00e2te de recommencer\u00a0\u00bb<\/em><\/p>\n<p style=\"text-align:justify;\"><em>\u00ab\u00a0Retour perso de ce voyage avec moi m\u00eame, l\u2019\u00e9tape a \u00e9t\u00e9 franchie de la plus belle des mani\u00e8res, je pensais la croiser un peu<\/em><br \/>\n<em>C\u2019est all\u00e9 beaucoup plus loin !<\/em><br \/>\n<em>J\u2019ai enfin compris ce que j\u2019avais laiss\u00e9 derri\u00e8re moi et qui m\u00e9ritais d\u2019\u00eatre reveill\u00e9, je me sens un peu fatigu\u00e9e maintenant<\/em><br \/>\n<em>Mais apais\u00e9e surtout.\u00a0Merci beaucoup pour cette exp\u00e9rience forte en \u00e9motions et douce en accompagnement\u00a0\u00bb<\/em><\/p>\n<figure id=\"attachment_9495\" aria-describedby=\"caption-attachment-9495\" style=\"width: 2174px\" class=\"wp-caption alignnone\"><img loading=\"lazy\" decoding=\"async\" class=\"alignnone size-full wp-image-9495\" src=\"https:\/\/test2.under-construction.work\/wp-content\/uploads\/2018\/02\/attestation-insee-2.jpeg\" alt=\"Attestation INSEE 2\" width=\"2174\" height=\"3193\" \/><figcaption id=\"caption-attachment-9495\" class=\"wp-caption-text\">Dessin t\u00e9moignage de l&rsquo;atelier \u00ab\u00a0sorci\u00e8re queer\u00a0\u00bb<\/figcaption><\/figure>\n<\/div>\n<div style=\"text-align:justify;\">\n<blockquote>\n<p style=\"text-align:center;\"><strong>DETAILS PRATIQUES DE L&rsquo;ATELIER\u00a0<\/strong><\/p>\n<\/blockquote>\n<p><b>L\u2019accompagnante:<\/b>\u00a0Marie Lisel est Maitre Praticienne en hypnose \u00e9ricksonienne, \u00e0 Paris, \u00e0 Bruxelles, en C\u00e9vennes et ailleurs. Sorci\u00e8res et\u00a0<a href=\"https:\/\/test2.under-construction.work\/2017\/07\/31\/licornes-zebres-loutres-nonnes-none-bienvenue\/\">licornes<\/a>\u00a0sont ses amis. Ses \u00e9crits sont en ligne ici:\u00a0<a href=\"https:\/\/test2.under-construction.work\/\" target=\"_blank\" rel=\"noopener\">https:\/\/test2.under-construction.work\/<\/a>\u00a0et ses sons l\u00e0:\u00a0<a href=\"https:\/\/marielisel.bandcamp.com\/\" target=\"_blank\" rel=\"noopener\">https:\/\/marielisel.bandcamp.com\/<\/a><\/p>\n<p>Cet atelier a \u00e9t\u00e9 donn\u00e9 dans plusieurs groupes priv\u00e9s en 2017, mais aussi lors du <a href=\"http:\/\/rainbowhouse.be\/fr\/projet\/l-festival\/\">L-FESTIVAL (Bruxelles)<\/a>,\u00a0le 29 novembre 2017 et lors du Festival Possibles au Th\u00e9\u00e2tre les <a href=\"http:\/\/www.nanterre-amandiers.com\" target=\"_blank\" rel=\"noopener\">Amandiers-Nanterre<\/a> en mai 2018.<\/p>\n<p>Pour la performance participative, contactez-moi pour plus de d\u00e9tails.<\/p>\n<p><strong>Prix:<\/strong><\/p>\n<p><b>Dans des contextes institutionnels, tous les ateliers et performances participatives sont r\u00e9mun\u00e9r\u00e9s. <\/b><\/p>\n<p><b>Cependant, dans des contextes o\u00f9 \u00ab\u00a0les sous sont compliqu\u00e9s \u00e0 trouver par l&rsquo;orga\u00a0\u00bb, je donne cet atelier en particulier au chapeau:\u00a0<\/b>apportez de quoi faire un \u00e9change. Vous recevez un voyage de 2 \u00e0 3h, accompagn\u00e9 par la praticienne. Vous lui offrez pour ce voyage un sac ferm\u00e9 contenant une somme en euros \u00e0 votre convenance et un objet de votre choix, peu encombrant. L\u2019\u00e9change entre l\u2019accompagnante et l\u2019accompagn\u00e9.e fait partie du voyage et du rituel.<\/p>\n<p><b>Le d\u00e9roul\u00e9:<\/b><\/p>\n<ul>\n<li>Sorci\u00e8re queer? partage de nos repr\u00e9sentations<\/li>\n<li>L\u2019hypnose \u00e9ricksonienne? Le RED? Quelques explications<\/li>\n<li>Echange: de l\u2019accompagnante aux accompagn\u00e9.e.s: le voyage<\/li>\n<li>Retour et cercle de paroles<\/li>\n<li>Echange: des accompagn\u00e9.e.s \u00e0 l\u2019accompagnante: le sac (objet uniquement si payement institutionnel, objet et somme choisie par chacun.e en cas de \u00ab\u00a0chapeau\u00a0\u00bb)<\/li>\n<li>Dessins et \u00e9crits comme trace du r\u00eave et hommage \u00e0 votre sorci\u00e8re int\u00e9rieure.<\/li>\n<li>De nombreuses suites sont possibles (rituels, passages&#8230;)<\/li>\n<\/ul>\n<p><b>La pr\u00e9paration:\u00a0<\/b>compilez dans un carnet tout ce qui vient, sans trier, lorsque vous posez l\u2019intention de rencontrer votre sorci\u00e8re queer int\u00e9rieure.\u00a0 Notez, dessinez, collez\u2026<\/p>\n<p><b>Le mat\u00e9riel:\u00a0<\/b>carnet et sac, plaid, coussin, matelas de yoga, bouteille d\u2019eau\u2026 ce qui vous permet de rester couch\u00e9.e tranquillement pour r\u00eaver.<\/p>\n<p>&nbsp;<\/p>\n<\/div>\n<\/div>\n<blockquote>\n<p style=\"text-align:center;\"><strong>QUELQUES LIENS<\/strong><\/p>\n<\/blockquote>\n<div dir=\"ltr\" style=\"text-align:justify;\">\n<div>\n<div>\n<p>Envoyez-moi vos liens : livres, films, autres\u2026 sur\u00a0<a href=\"mailto:lisellesil@gmail.com\" target=\"_blank\" rel=\"noopener\">lisellesil@gmail.com<\/a>\u00a0pour allonger cette liste!<\/p>\n<p><span class=\"im\"><span class=\"m_8373111868150520663gmail-m_-5996101784109138573gmail-UFICommentActorAndBody\"><span class=\"m_8373111868150520663gmail-m_-5996101784109138573gmail-UFICommentBody\"><a href=\"http:\/\/www.maisonpop.fr\/spip.php?article2047\" target=\"_blank\" rel=\"noopener\">SORCI\u00c8RES, POURCHASS\u00c9ES, ASSUM\u00c9ES, PUISSANTES, QUEER<\/a><\/span><\/span><\/span><\/p>\n<div class=\"_5w1r _3_om _5wdf\">\n<div class=\"_4gx_\">\n<div class=\"_1aa6\">\n<div>\n<p><a href=\"http:\/\/Le retour des sorci\u00e8res\" target=\"_blank\" rel=\"noopener\">Le retour des sorci\u00e8res<\/a>, France Culture<\/p>\n<p><a href=\"https:\/\/www.franceculture.fr\/emissions\/lsd-la-serie-documentaire\/sorcieres\" target=\"_blank\" rel=\"noopener\">S\u00e9rie: \u00ab\u00a0Sorci\u00e8res\u00a0\u00bb<\/a>, France Culture<\/p>\n<p><a href=\"https:\/\/www.franceculture.fr\/emissions\/signes-des-temps\/presence-des-sorcieres-du-bucher-a-lecofeminisme\" target=\"_blank\" rel=\"noopener\">Pr\u00e9sence des sorci\u00e8res: du b\u00fbcher \u00e0 l&rsquo;\u00e9cof\u00e9minisme<\/a>, France Culture<\/p>\n<\/div>\n<div><\/div>\n<div class=\"\"><span class=\"_5yl5\">Sorci\u00e8re Queer, 12mn, HD, 2016<\/span><\/div>\n<\/div>\n<\/div>\n<\/div>\n<div class=\"_5wd4 _1nc6\">\n<div class=\"._1dlq _h8t\">\n<div id=\"js_7kw\" class=\"_5wd9 direction_ltr clearfix\" aria-describedby=\"js_9q\">\n<div class=\"_1e-x _n4o\">\n<div class=\"_3_bl\">\n<div class=\"_5w1r _3_om _5wdf\">\n<div class=\"_4gx_\">\n<div class=\"_1aa6\">\n<div class=\"\"><span class=\"_5yl5\">SALVIA &#8211; une s\u00e9rie documentaire de Camille Ducellier en cours d&rsquo;\u00e9criture Pilote de la s\u00e9rie : Sorci\u00e8re Queer<\/span><\/div>\n<div><\/div>\n<\/div>\n<\/div>\n<\/div>\n<\/div>\n<\/div>\n<\/div>\n<\/div>\n<\/div>\n<p><span class=\"m_8373111868150520663gmail-m_-5996101784109138573gmail-UFICommentActorAndBody\"><a href=\"http:\/\/www.becapricious.com\/girls-against-god\" target=\"_blank\" rel=\"noopener\">Girls Against God<\/a><br \/>\n<\/span><span class=\"m_8373111868150520663gmail-m_-5996101784109138573gmail-UFICommentActorAndBody\"><br \/>\nMichelet, La sorci\u00e8re (1862)<\/span><span class=\"m_8373111868150520663gmail-m_-5996101784109138573gmail-UFICommentActorAndBody\">.<br \/>\n<\/span><\/p>\n<\/div>\n<div><a href=\"https:\/\/archive.org\/details\/lasorcire00mich\" target=\"_blank\" rel=\"noopener\"><span class=\"m_8373111868150520663gmail-m_-5996101784109138573gmail-UFICommentActorAndBody\"><span class=\"m_8373111868150520663gmail-m_-5996101784109138573gmail-UFICommentBody\">Texte en ligne <\/span><\/span><\/a><span class=\"m_8373111868150520663gmail-m_-5996101784109138573gmail-UFICommentActorAndBody\"><span class=\"m_8373111868150520663gmail-m_-5996101784109138573gmail-UFICommentBody\"><br \/>\n<\/span><\/span><br \/>\n<span class=\"m_8373111868150520663gmail-m_-5996101784109138573gmail-UFICommentActorAndBody\"><a href=\"http:\/\/www.editionsladecouverte.fr\/catalogue\/index-La_sorcellerie_capitaliste-9782707147813.html\" target=\"_blank\" rel=\"noopener\">La Sorcellerie capitaliste<\/a> \/ Isabelle Stengers \u2013 Philippe Pignarre\u00a0<\/span><\/div>\n<div><\/div>\n<div>Jeanne Favret-Saada, <a href=\"http:\/\/www.editionsdelolivier.fr\/catalogue\/9782879296395-desorceler\" target=\"_blank\" rel=\"noopener\">D\u00e9sorceler,<\/a> L\u2019Olivier, 2009<\/div>\n<\/div>\n<div><\/div>\n<div><span class=\"m_8373111868150520663gmail-m_-5996101784109138573gmail-UFICommentActorAndBody\"><a href=\"http:\/\/editions-b42.com\/books\/lheure-des-sorcieres\/\" target=\"_blank\" rel=\"noopener\">L\u2019heure des sorci\u00e8res<\/a><br \/>\n<\/span><\/div>\n<div><span class=\"m_8373111868150520663gmail-m_-5996101784109138573gmail-UFICommentActorAndBody\"><br \/>\nChlo\u00e9 Delaume, <a href=\"http:\/\/www.seuil.com\/ouvrage\/les-sorcieres-de-la-republique-chloe-delaume\/9782021045611\" target=\"_blank\" rel=\"noopener\">Les Sorci\u00e8res de la R\u00e9publique<\/a><br \/>\n<\/span><\/div>\n<div><\/div>\n<div><span class=\"m_8373111868150520663gmail-m_-5996101784109138573gmail-UFICommentActorAndBody\">M\u00e9decins et sorciers \/ Isabelle Stengers \u2013 Tobie Nathan\u00a0<\/span><\/div>\n<div><\/div>\n<div>\n<p><span class=\"m_8373111868150520663gmail-m_-5996101784109138573gmail-UFICommentActorAndBody\"><span class=\"m_8373111868150520663gmail-m_-5996101784109138573gmail-UFICommentBody\"><a href=\"https:\/\/www.cambourakis.com\/spip.php?article549\" target=\"_blank\" rel=\"noopener\">R\u00eaver l\u2019obscur<\/a>\/ Starhawk <\/span><\/span><\/p>\n<p><span class=\"m_8373111868150520663gmail-m_-5996101784109138573gmail-UFICommentActorAndBody\"><span class=\"m_8373111868150520663gmail-m_-5996101784109138573gmail-UFICommentBody\"><a href=\"https:\/\/www.cambourakis.com\/spip.php?article786\" target=\"_blank\" rel=\"noopener\">Reclaim recueil de textes \u00e9cof\u00e9ministes<\/a> \/ Emilie Hache<\/span><\/span><\/p>\n<\/div>\n<div><\/div>\n<div><a href=\"http:\/\/www.dricot.be\/236-les-pratiques-de-la-medecine-populaire.html\" target=\"_blank\" rel=\"noopener\">Les pratiques de la m\u00e9decine populaire<\/a><\/div>\n<div><\/div>\n<div><span class=\"m_8373111868150520663gmail-m_-5996101784109138573gmail-UFICommentActorAndBody\">Marie NDiaye, <a href=\"http:\/\/www.leseditionsdeminuit.fr\/livre-La_Sorci%C3%A8re%C2%A0-1732-1-1-0-1.html\" target=\"_blank\" rel=\"noopener\">Trois femmes puissantes<\/a>, 2009 et\u00a0 \u00ab\u00a0<span class=\"m_8373111868150520663gmail-m_-5996101784109138573gmail-highlightNode\">La sorci\u00e8re<\/span>\u00a0\u00bb (Minuit, 1996)<\/span><\/div>\n<div><span class=\"m_8373111868150520663gmail-m_-5996101784109138573gmail-UFICommentActorAndBody\">\u00a0<\/span><\/div>\n<div><span class=\"m_8373111868150520663gmail-m_-5996101784109138573gmail-UFICommentActorAndBody\">Olivia Rosenthal, <a href=\"http:\/\/www.gallimard.fr\/Catalogue\/GALLIMARD\/Verticales\/Minimales-Verticales\/Toutes-les-femmes-sont-des-Aliens-suivi-de-Les-oiseaux-reviennent-et-de-Bambi-co\" target=\"_blank\" rel=\"noopener\">Toutes les femmes sont des aliens<\/a>, ed. Verticales<\/span><\/div>\n<div><\/div>\n<p><span class=\"im\"><br \/>\n<span class=\"m_8373111868150520663gmail-m_-5996101784109138573gmail-UFICommentActorAndBody\"><span class=\"m_8373111868150520663gmail-m_-5996101784109138573gmail-UFICommentBody\">Paul B. Preciado \/ <a href=\"http:\/\/www.grasset.fr\/testo-junkie-9782246732716\" target=\"_blank\" rel=\"noopener\">Testo Junkie <\/a><\/span><\/span><\/span><\/p>\n<div class=\"m_8373111868150520663gmail-yj6qo m_8373111868150520663gmail-ajU\">\n<div id=\"m_8373111868150520663gmail-:1tz\" class=\"m_8373111868150520663gmail-ajR\"><img decoding=\"async\" class=\"m_8373111868150520663gmail-ajT CToWUd\" src=\"https:\/\/ci6.googleusercontent.com\/proxy\/RnNZfQn2o2xpggJQqefCOervMbPIci5mujDPJnvl43kv6Rtxjyh5gHN_JKVzeU-aaGz3pePFgxfoAAtZJZNx8mveVTc-11j98EfuAJVcumUenA=s0-d-e1-ft#https:\/\/ssl.gstatic.com\/ui\/v1\/icons\/mail\/images\/cleardot.gif\" \/><\/div>\n<\/div>\n<\/div>\n<div class=\"yj6qo ajU\" style=\"text-align:justify;\">\n<div id=\":1yj\" class=\"ajR\" role=\"button\"><img decoding=\"async\" class=\"ajT\" src=\"https:\/\/ssl.gstatic.com\/ui\/v1\/icons\/mail\/images\/cleardot.gif\" \/><strong>La liste est loin d\u2019\u00eatre termin\u00e9e\u2026<\/strong><\/div>\n<\/div>\n<div style=\"text-align:justify;\" role=\"button\"><\/div>\n<div style=\"text-align:justify;\" role=\"button\">\n<figure id=\"attachment_9494\" aria-describedby=\"caption-attachment-9494\" style=\"width: 3454px\" class=\"wp-caption alignnone\"><img loading=\"lazy\" decoding=\"async\" class=\"alignnone size-full wp-image-9494\" src=\"https:\/\/test2.under-construction.work\/wp-content\/uploads\/2018\/02\/attestation-insee-e1519727522261.jpeg\" alt=\"Attestation INSEE\" width=\"3454\" height=\"2536\" \/><figcaption id=\"caption-attachment-9494\" class=\"wp-caption-text\">Dessin t\u00e9moignage de l&rsquo;atelier \u00ab\u00a0sorci\u00e8re queer\u00a0\u00bb<\/figcaption><\/figure>\n<\/div>\n<p>&nbsp;<\/p>\n","protected":false},"excerpt":{"rendered":"<p>A CONSULTER: l&rsquo;introductions aux ateliers queer et les sources sont disponibles dans la page \u00ab\u00a0Ateliers d&rsquo;exploration queer\u00ab\u00a0. \u00ab Une sorci\u00e8re est un \u00eatre d\u00e9viant qui a r\u00e9ussi \u2013 du point de vue de la survie. Il existe un mod\u00e8le culturel, id\u00e9ologique et social de ce qu\u2019il ne faut pas \u00eatre, qui est, dans chaque soci\u00e9t\u00e9, [&hellip;]<\/p>\n","protected":false},"author":2,"featured_media":7378,"parent":9337,"menu_order":0,"comment_status":"closed","ping_status":"closed","template":"","meta":{"footnotes":""},"class_list":["post-9401","page","type-page","status-publish","has-post-thumbnail","hentry"],"_links":{"self":[{"href":"https:\/\/test2.under-construction.work\/index.php\/wp-json\/wp\/v2\/pages\/9401","targetHints":{"allow":["GET"]}}],"collection":[{"href":"https:\/\/test2.under-construction.work\/index.php\/wp-json\/wp\/v2\/pages"}],"about":[{"href":"https:\/\/test2.under-construction.work\/index.php\/wp-json\/wp\/v2\/types\/page"}],"author":[{"embeddable":true,"href":"https:\/\/test2.under-construction.work\/index.php\/wp-json\/wp\/v2\/users\/2"}],"replies":[{"embeddable":true,"href":"https:\/\/test2.under-construction.work\/index.php\/wp-json\/wp\/v2\/comments?post=9401"}],"version-history":[{"count":0,"href":"https:\/\/test2.under-construction.work\/index.php\/wp-json\/wp\/v2\/pages\/9401\/revisions"}],"up":[{"embeddable":true,"href":"https:\/\/test2.under-construction.work\/index.php\/wp-json\/wp\/v2\/pages\/9337"}],"wp:featuredmedia":[{"embeddable":true,"href":"https:\/\/test2.under-construction.work\/index.php\/wp-json\/"}],"wp:attachment":[{"href":"https:\/\/test2.under-construction.work\/index.php\/wp-json\/wp\/v2\/media?parent=9401"}],"curies":[{"name":"wp","href":"https:\/\/api.w.org\/{rel}","templated":true}]}}