{"id":9542,"date":"2018-03-01T11:42:31","date_gmt":"2018-03-01T10:42:31","guid":{"rendered":"https:\/\/marielisel.com\/?page_id=9542"},"modified":"2018-03-01T11:42:31","modified_gmt":"2018-03-01T10:42:31","slug":"loutre-ours-e-ourson-ne-panda-loup-ve-chat-te-gerboise-crevette-moustique","status":"publish","type":"page","link":"https:\/\/test2.under-construction.work\/index.php\/ateliers-queer\/loutre-ours-e-ourson-ne-panda-loup-ve-chat-te-gerboise-crevette-moustique\/","title":{"rendered":"Loutre, ours.e, ourson.ne, panda, loup.ve, chat.te, gerboise, crevette, moustique&#8230;"},"content":{"rendered":"<p>Parfois, je suis un chat. Et vous?<\/p>\n<p>Cet atelier de r\u00eave \u00e9veill\u00e9 dirig\u00e9 vous emm\u00e8ne \u00e0 la rencontre de \u00a0vos repr\u00e9sentations animales int\u00e9rieures.<\/p>\n<p>En chamanisme, l&rsquo;on parle d&rsquo;animal guide, animal m\u00e9decine, gardien.ne des portes, alli\u00e9.e&#8230; En RED hypnotique, nous accueillons simplement toutes les repr\u00e9sentations animales qui ouvrent des voies, guident, apportent des solutions, collaborent entre elles<\/p>\n<p>&nbsp;<\/p>\n<p><img loading=\"lazy\" decoding=\"async\" class=\"alignnone  wp-image-6713\" src=\"https:\/\/test2.under-construction.work\/wp-content\/uploads\/2017\/01\/11205554_1673154576246073_5437087292035857360_n.jpg\" alt=\"11205554_1673154576246073_5437087292035857360_n\" width=\"495\" height=\"330\" \/><\/p>\n<p>&nbsp;<\/p>\n<p>En outre, cette exploration\u00a0permet\u00a0l\u2019exp\u00e9rience d\u2019un mode augment\u00e9, bas\u00e9 sur\u00a0l\u2019instinct et \u00a0l\u2019intuition. L\u2019animalit\u00e9 de l\u2019humain est ainsi mise en hyper\u00e9veil, tandis que sa rationalit\u00e9 est mise en veille.<\/p>\n<p>L\u2019hypnose permet de donner une place \u00e0 ces\u00a0repr\u00e9sentations animales dans la\u00a0perception interne\u00a0(comment je me per\u00e7ois, je per\u00e7ois mon corps) et\u00a0externe\u00a0(comment je per\u00e7ois l\u2019environnement, l\u2019autre), mais aussi dans\u00a0les \u00e9motions, les impressions,\u00a0le mouvement, les automatismes, les processus de pens\u00e9es et de comportement\u2026\u00a0Car l\u2019hypnose permet de mod\u00e9liser un \u00eatre (prendre un mod\u00e8le qui a une ressource que je pense ne pas avoir) et de\u00a0tester le fait de \u2013 \u2026 \u2013 comme -\u2026-, en ressenti r\u00e9el.<\/p>\n<p>&nbsp;<\/p>\n<p><img loading=\"lazy\" decoding=\"async\" class=\"alignnone  wp-image-8048\" src=\"https:\/\/test2.under-construction.work\/wp-content\/uploads\/2017\/11\/8s8a5112.jpg\" alt=\"8s8a5112\" width=\"495\" height=\"330\" \/><\/p>\n<p>&nbsp;<\/p>\n<p>L\u2019hypnose permet d\u2019accueillir\u00a0nos repr\u00e9sentations animales,\u00a0de dialoguer avec elles, de les accueillir, de collaborer, de les laisser transformer nos sens et m\u00eame notre fonctionnement d&rsquo;action-r\u00e9action.<\/p>\n<p>Ces 3h d\u2019exploration en atelier ouvrent, \u00e0 une\u00a0incroyable connexion avec des parties profondes, pour cr\u00e9er sa vie, son oeuvre, son monde!<\/p>\n<p>&nbsp;<\/p>\n<p><img loading=\"lazy\" decoding=\"async\" class=\"alignnone  wp-image-9314\" src=\"https:\/\/test2.under-construction.work\/wp-content\/uploads\/2018\/02\/capture-d_c3a9cran-2018-02-22-c3a0-21-29-46.png\" alt=\"Capture d_\u00e9cran 2018-02-22 \u00e0 21.29.46\" width=\"530\" height=\"333\" \/><\/p>\n<p class=\"post-title\">\n","protected":false},"excerpt":{"rendered":"<p>Parfois, je suis un chat. Et vous? Cet atelier de r\u00eave \u00e9veill\u00e9 dirig\u00e9 vous emm\u00e8ne \u00e0 la rencontre de \u00a0vos repr\u00e9sentations animales int\u00e9rieures. En chamanisme, l&rsquo;on parle d&rsquo;animal guide, animal m\u00e9decine, gardien.ne des portes, alli\u00e9.e&#8230; En RED hypnotique, nous accueillons simplement toutes les repr\u00e9sentations animales qui ouvrent des voies, guident, apportent des solutions, collaborent entre [&hellip;]<\/p>\n","protected":false},"author":2,"featured_media":7221,"parent":9337,"menu_order":0,"comment_status":"closed","ping_status":"closed","template":"","meta":{"footnotes":""},"class_list":["post-9542","page","type-page","status-publish","has-post-thumbnail","hentry"],"_links":{"self":[{"href":"https:\/\/test2.under-construction.work\/index.php\/wp-json\/wp\/v2\/pages\/9542","targetHints":{"allow":["GET"]}}],"collection":[{"href":"https:\/\/test2.under-construction.work\/index.php\/wp-json\/wp\/v2\/pages"}],"about":[{"href":"https:\/\/test2.under-construction.work\/index.php\/wp-json\/wp\/v2\/types\/page"}],"author":[{"embeddable":true,"href":"https:\/\/test2.under-construction.work\/index.php\/wp-json\/wp\/v2\/users\/2"}],"replies":[{"embeddable":true,"href":"https:\/\/test2.under-construction.work\/index.php\/wp-json\/wp\/v2\/comments?post=9542"}],"version-history":[{"count":0,"href":"https:\/\/test2.under-construction.work\/index.php\/wp-json\/wp\/v2\/pages\/9542\/revisions"}],"up":[{"embeddable":true,"href":"https:\/\/test2.under-construction.work\/index.php\/wp-json\/wp\/v2\/pages\/9337"}],"wp:featuredmedia":[{"embeddable":true,"href":"https:\/\/test2.under-construction.work\/index.php\/wp-json\/"}],"wp:attachment":[{"href":"https:\/\/test2.under-construction.work\/index.php\/wp-json\/wp\/v2\/media?parent=9542"}],"curies":[{"name":"wp","href":"https:\/\/api.w.org\/{rel}","templated":true}]}}