{"id":9576,"date":"2018-03-02T12:11:13","date_gmt":"2018-03-02T11:11:13","guid":{"rendered":"https:\/\/marielisel.com\/?page_id=9576"},"modified":"2018-03-02T12:11:13","modified_gmt":"2018-03-02T11:11:13","slug":"ecriture-et-ou-dessin-sous-hypnose","status":"publish","type":"page","link":"https:\/\/test2.under-construction.work\/index.php\/ecriture-et-ou-dessin-sous-hypnose\/","title":{"rendered":"Ecriture et\/ou dessin sous hypnose"},"content":{"rendered":"<p><strong>L&rsquo;\u00e9criture automatique et le dessin spontan\u00e9, pratiqu\u00e9s sous hypnose les yeux ferm\u00e9s ou en regardant ailleurs, sont des pratiques utilis\u00e9es en th\u00e9rapie, en exploration et en cr\u00e9ation.<\/strong><\/p>\n<blockquote>\n<p style=\"text-align:center;\"><strong>La diff\u00e9rence? <\/strong><\/p>\n<\/blockquote>\n<p><strong>En th\u00e9rapie, <\/strong>c&rsquo;est un moyen pour un.e accompagn\u00e9.e de communiquer avec ses parties profondes, de trouver des solutions \u00e0 un probl\u00e8me. L&rsquo;important, ce sont les compr\u00e9hensions profondes, les ressources et les transformations vers un mieux-\u00eatre.<\/p>\n<figure id=\"attachment_9581\" aria-describedby=\"caption-attachment-9581\" style=\"width: 559px\" class=\"wp-caption alignnone\"><img loading=\"lazy\" decoding=\"async\" class=\"alignnone size-full wp-image-9581\" src=\"https:\/\/test2.under-construction.work\/wp-content\/uploads\/2018\/03\/capture-d_c3a9cran-2018-03-02-c3a0-11-43-20.png\" alt=\"Capture d_\u00e9cran 2018-03-02 \u00e0 11.43.20\" width=\"559\" height=\"360\" \/><figcaption id=\"caption-attachment-9581\" class=\"wp-caption-text\">Travaux de Pierre Janet<\/figcaption><\/figure>\n<p><strong>En exploration<\/strong>, c&rsquo;est un moyen d&rsquo;\u00e9largir la connaissance de l&rsquo;imaginal. L&rsquo;important, c&rsquo;est la d\u00e9couverte. Je l&rsquo;utilise en ce sens au sein de stages de connexion avec la nature ou d&rsquo;exploration queer, par exemple.<\/p>\n<p><strong>En cr\u00e9ation artistique<\/strong>, c&rsquo;est le moyen, pour un artiste, de cr\u00e9er une oeuvre. C&rsquo;est donc un processus de cr\u00e9ation utilis\u00e9 par un.e cr\u00e9atrice.eur. Le processus est utilis\u00e9 ici au service du travail artistique.<\/p>\n<figure id=\"attachment_9580\" aria-describedby=\"caption-attachment-9580\" style=\"width: 482px\" class=\"wp-caption alignnone\"><img loading=\"lazy\" decoding=\"async\" class=\"alignnone size-full wp-image-9580\" src=\"https:\/\/test2.under-construction.work\/wp-content\/uploads\/2018\/03\/capture-d_c3a9cran-2018-03-02-c3a0-11-39-40.png\" alt=\"Capture d_\u00e9cran 2018-03-02 \u00e0 11.39.40\" width=\"482\" height=\"350\" \/><figcaption id=\"caption-attachment-9580\" class=\"wp-caption-text\">Andr\u00e9 Breton<\/figcaption><\/figure>\n<p><strong>Les objectifs sont diff\u00e9rents. Les contextes de ces processus et les personnes qui les utilisent \u00e9galement. <\/strong><\/p>\n<p>C&rsquo;est un peu comme comparer la chanson populaire pour une personne qui se d\u00e9tend en famille et pour une cantatrice qui s&rsquo;\u00e9chauffe. Ou comme comparer les dessins du bloc-note griffonn\u00e9 quand on t\u00e9l\u00e9phone longuement aux esquisses qui pr\u00e9parent une installation d&rsquo;art.<\/p>\n<p>Les pr\u00e9curseurs en hypnose (Pierre Janet, Milton H Erickson&#8230;) ont utilis\u00e9 ces pratiques pour la recherche exp\u00e9rimentale et pour la th\u00e9rapie. Aujourd&rsquo;hui, des th\u00e9rapeutes continuent \u00e0 faire dessiner et \u00e9crire dans leur cabinet, au sein de th\u00e9rapies syst\u00e9miques, analytiques ou autres. Et, en parall\u00e8le, les ateliers et stages d&rsquo;art-th\u00e9rapie fleurissent (je pr\u00e9cise que je ne pratique pas l&rsquo;art-th\u00e9rapie, ce m\u00e9lange ne me convient pas et ses codes ne me correspondent pas).<\/p>\n<figure id=\"attachment_9579\" aria-describedby=\"caption-attachment-9579\" style=\"width: 448px\" class=\"wp-caption alignnone\"><img loading=\"lazy\" decoding=\"async\" class=\"alignnone size-full wp-image-9579\" src=\"https:\/\/test2.under-construction.work\/wp-content\/uploads\/2018\/03\/capture-d_c3a9cran-2018-03-02-c3a0-11-38-17.png\" alt=\"Capture d_\u00e9cran 2018-03-02 \u00e0 11.38.17\" width=\"448\" height=\"194\" \/><figcaption id=\"caption-attachment-9579\" class=\"wp-caption-text\">Recherches de Pierre Janet http:\/\/www.histoiredelafolie.fr\/psychiatrie-neurologie\/pierre-janet-le-spiritisme-contemporain-article-paru-dans-la-revue-philosophique-de-la-france-et-de-letranger-paris-dix-septieme-annee-tome-xxxiii-janvier-juin-1892-pp-413-44<\/figcaption><\/figure>\n<p>Les artistes surr\u00e9alistes sont connus pour leurs dessins et \u00e9critures automatiques. Pour cela, il se privaient de sommeil, jouaient avec des substances ou se mettaient en transe d&rsquo;une fa\u00e7on ou d&rsquo;une autre. Car l&rsquo;hypnose telle qu&rsquo;on la connait aujourd&rsquo;hui n&rsquo;existait pas encore.<\/p>\n<p>Bien d&rsquo;autres artistes ont laiss\u00e9 leurs parties profondes cr\u00e9er sans \u00eatre (totalement) maitris\u00e9es par le \u00ab\u00a0je\u00a0\u00bb. En \u00e9criture-dessin, je pense \u00e0 <a href=\"https:\/\/www.centrepompidou.fr\/cpv\/resource\/cAEqAX\/rErk74\" target=\"_blank\" rel=\"noopener\">Christian Dotremont<\/a>. En dessin contemporain, <a href=\"https:\/\/www.fabricecazenave.com\" target=\"_blank\" rel=\"noopener\">Fabrice Cazenave<\/a>, avec qui je travaille en ce sens (performance de dessin sous hypnose). En \u00e9criture contemporaine, <a href=\"https:\/\/florentine-rey.fr\/\">Florentine Rey<\/a>, avec qui je travaille \u00e9galement (recherche de mat\u00e9riaux d&rsquo;\u00e9criture + performance \u00e9criture sous hypnose).<\/p>\n<figure id=\"attachment_9578\" aria-describedby=\"caption-attachment-9578\" style=\"width: 641px\" class=\"wp-caption alignnone\"><img loading=\"lazy\" decoding=\"async\" class=\"alignnone size-full wp-image-9578\" src=\"https:\/\/test2.under-construction.work\/wp-content\/uploads\/2018\/03\/capture-d_c3a9cran-2018-03-02-c3a0-11-35-16.png\" alt=\"Capture d_\u00e9cran 2018-03-02 \u00e0 11.35.16\" width=\"641\" height=\"453\" \/><figcaption id=\"caption-attachment-9578\" class=\"wp-caption-text\">Jean-Michel Atlan (collaboration COBRA)<\/figcaption><\/figure>\n<blockquote>\n<p style=\"text-align:center;\"><strong>Comment?<\/strong><\/p>\n<\/blockquote>\n<p><strong>Le processus de l&rsquo;\u00e9criture-dessin automatique: <\/strong><\/p>\n<ul>\n<li><strong>une intention:<\/strong> elle peut \u00eatre tr\u00e8s vague, comme \u00ab\u00a0je d\u00e9sire que ce qui cr\u00e9e en moi le fasse librement par mon corps prolong\u00e9 de ma main, prolong\u00e9e du crayon\u00a0\u00bb ou tr\u00e8s pr\u00e9cise, comme \u00ab\u00a0je d\u00e9sire d\u00e9couvrir dans cet \u00e9crit des \u00e9l\u00e9ments qui m&rsquo;aident \u00e0 faire le choix suivant&#8230;\u00a0\u00bb ou \u00ab\u00a0je demande \u00e0 ma gitane de dessiner son voeux\u00a0\u00bb&#8230;<\/li>\n<li><strong>une mise en transe<\/strong> (induction formelle ou informelle), avec une orientation vers une transe dynamique, active (&gt;&lt; relaxation) et soit somnambulique, soit dissociative (deux voies diff\u00e9rentes vers le dessin et l&rsquo;\u00e9criture spontan\u00e9s).<\/li>\n<li><strong>une demande au corps<\/strong> ou \u00e0 ce qui s&rsquo;exprime des profondeurs ou \u00e0 un dividu particulier&#8230; de s&rsquo;exprimer par les mots ou le trait de la main (en changeant de main ou non, \u00e0 tester)<\/li>\n<li><strong>un temps d&rsquo;exp\u00e9rimentation<\/strong> ou le \u00ab\u00a0je\u00a0\u00bb laisse la place \u00e0 ce qui \u00e9crit, dessine en lui\/elle.<\/li>\n<li><strong>une lecture<\/strong>: c&rsquo;est la personne qui a cr\u00e9\u00e9 qui regarde sa pi\u00e8ce et en parle. Personne d&rsquo;autre n&rsquo;interpr\u00e8te son texte ou son dessin. Et cela fait place ou non \u00e0 un texte en regard, \u00e9crit par le \u00ab\u00a0je\u00a0\u00bb, cette fois. Cette \u00e9tape n&rsquo;est pas obligatoire.<\/li>\n<li><strong>une nouvelle intention ou demande<\/strong> (on repart du point 1 ou du 3)<\/li>\n<\/ul>\n<figure id=\"attachment_9115\" aria-describedby=\"caption-attachment-9115\" style=\"width: 2448px\" class=\"wp-caption alignnone\"><img loading=\"lazy\" decoding=\"async\" class=\"alignnone size-full wp-image-9115\" src=\"https:\/\/test2.under-construction.work\/wp-content\/uploads\/2018\/01\/hipstamaticphoto-538786347-190037.jpg\" alt=\"HipstamaticPhoto-538786347.190037\" width=\"2448\" height=\"2448\" \/><figcaption id=\"caption-attachment-9115\" class=\"wp-caption-text\">Dessin r\u00e9alis\u00e9 par un.e participant.e \u00e0 la performance participative que j&rsquo;ai pr\u00e9sent\u00e9e avec Val\u00e9rie Vivancos: \u00ab\u00a0La voix disait \u00e0 peu pr\u00e8s: \u00e9carte les plis\u00a0\u00bb, FRAC Lorraine, 2018<\/figcaption><\/figure>\n<p>Contrairement aux id\u00e9es re\u00e7ues, l&rsquo;hypnose n&rsquo;est pas un \u00e9tat de relaxation proche du sommeil. Elle est un moyen d&rsquo;acc\u00e9der \u00e0 un \u00e9tat modifi\u00e9 de conscience choisi. Et il y en a plusieurs! dans certains EMC, il est possible de marcher en for\u00eat, de danser, de chanter, d&rsquo;\u00e9crire, de dessiner, de souvenir une conversation, de monter \u00e0 cheval&#8230;<\/p>\n<p>Dans cet atelier (ou stage), nous nous cherchons \u00e0 atteindre l&rsquo;EMC id\u00e9al pour \u00e9crire et\/ou dessiner (et hop: ancrage!), nous nous entrainons \u00e0 laisser le crayon ou stylo tracer tout seul, en laissant faire nos parties profondes (ou juste celle \u00e0 qui on l&rsquo;a demand\u00e9), puis nous utilisons cet outil de fa\u00e7on appropri\u00e9e selon l&rsquo;intention (strat\u00e9gie th\u00e9rapeutique \/ exploration profonde \/ cr\u00e9ation d&rsquo;oeuvre).<\/p>\n<p class=\"rtejustify\">Cette pratique peut aussi \u00eatre une \u00e9tape, un passage, dans une travers\u00e9e longue (comme une prise de notes par les parties profondes au sein d&rsquo;un stage de connexion en nature ou de cr\u00e9ation sur plateau ou d&rsquo;exploration queer&#8230;).<\/p>\n<p class=\"rtejustify\">Car elle permet \u00e9galement l&rsquo;approfondissement et la modulation de la transe choisie.<\/p>\n<figure id=\"attachment_2891\" aria-describedby=\"caption-attachment-2891\" style=\"width: 836px\" class=\"wp-caption alignnone\"><img loading=\"lazy\" decoding=\"async\" class=\"alignnone size-full wp-image-2891\" src=\"https:\/\/test2.under-construction.work\/wp-content\/uploads\/2016\/12\/capture-d_c3a9cran-2016-12-25-c3a0-12-26-42.png\" alt=\"capture-decran-2016-12-25-a-12-26-42\" width=\"836\" height=\"475\" \/><figcaption id=\"caption-attachment-2891\" class=\"wp-caption-text\">Trajectoires de gouttes nageuses dans une chambre microfluidique\u2022Cr\u00e9dits : Equipe EC2M, Laboratoire Gulliver, ESPCI Paris<\/figcaption><\/figure>\n<blockquote>\n<p class=\"rtejustify\" style=\"text-align:center;\"><strong>Concr\u00e8tement?<\/strong><\/p>\n<\/blockquote>\n<p class=\"rtejustify\">Je travaille l&rsquo;\u00e9criture et\/ou dessin sous hypnose en <a href=\"https:\/\/test2.under-construction.work\/contact-et-formulaire\/conditions-pratiques-des-seances\/\" target=\"_blank\" rel=\"noopener\">s\u00e9ance individuelle<\/a> ou en ateliers collectifs ou en stages.<\/p>\n<p>Ces ateliers\/stages sont soit:<\/p>\n<ul>\n<li>des explorations pour la cr\u00e9ation, en \u00e9cole d&rsquo;art ou <a href=\"https:\/\/test2.under-construction.work\/accompagnement-pour-la-creation\/\" target=\"_blank\" rel=\"noopener\">con\u00e7us sur mesure<\/a> au service d&rsquo;un projet artistique men\u00e9 par un.e cr\u00e9atrice.eur<\/li>\n<li>des explorations en atelier d&rsquo;\u00e9criture men\u00e9 en collaboration avec un.e \u00e9crivain.e<\/li>\n<li>des explorations de la nature qui comprennent un temps de travail intuitif avec l&rsquo;\u00e9criture-le dessin<\/li>\n<li>des explorations queer\u00a0qui comprennent un temps de travail intuitif avec l&rsquo;\u00e9criture-le dessin<\/li>\n<\/ul>\n<p>N&rsquo;h\u00e9sitez pas \u00e0 proposer d&rsquo;autres formules, j&rsquo;adore adapter mon travail \ud83d\ude42<\/p>\n","protected":false},"excerpt":{"rendered":"<p>L&rsquo;\u00e9criture automatique et le dessin spontan\u00e9, pratiqu\u00e9s sous hypnose les yeux ferm\u00e9s ou en regardant ailleurs, sont des pratiques utilis\u00e9es en th\u00e9rapie, en exploration et en cr\u00e9ation. La diff\u00e9rence? En th\u00e9rapie, c&rsquo;est un moyen pour un.e accompagn\u00e9.e de communiquer avec ses parties profondes, de trouver des solutions \u00e0 un probl\u00e8me. L&rsquo;important, ce sont les compr\u00e9hensions [&hellip;]<\/p>\n","protected":false},"author":2,"featured_media":9496,"parent":0,"menu_order":0,"comment_status":"closed","ping_status":"closed","template":"","meta":{"footnotes":""},"class_list":["post-9576","page","type-page","status-publish","has-post-thumbnail","hentry"],"_links":{"self":[{"href":"https:\/\/test2.under-construction.work\/index.php\/wp-json\/wp\/v2\/pages\/9576","targetHints":{"allow":["GET"]}}],"collection":[{"href":"https:\/\/test2.under-construction.work\/index.php\/wp-json\/wp\/v2\/pages"}],"about":[{"href":"https:\/\/test2.under-construction.work\/index.php\/wp-json\/wp\/v2\/types\/page"}],"author":[{"embeddable":true,"href":"https:\/\/test2.under-construction.work\/index.php\/wp-json\/wp\/v2\/users\/2"}],"replies":[{"embeddable":true,"href":"https:\/\/test2.under-construction.work\/index.php\/wp-json\/wp\/v2\/comments?post=9576"}],"version-history":[{"count":0,"href":"https:\/\/test2.under-construction.work\/index.php\/wp-json\/wp\/v2\/pages\/9576\/revisions"}],"wp:featuredmedia":[{"embeddable":true,"href":"https:\/\/test2.under-construction.work\/index.php\/wp-json\/"}],"wp:attachment":[{"href":"https:\/\/test2.under-construction.work\/index.php\/wp-json\/wp\/v2\/media?parent=9576"}],"curies":[{"name":"wp","href":"https:\/\/api.w.org\/{rel}","templated":true}]}}