{"id":9590,"date":"2018-03-02T12:28:40","date_gmt":"2018-03-02T11:28:40","guid":{"rendered":"https:\/\/marielisel.com\/?page_id=9590"},"modified":"2018-03-02T12:28:40","modified_gmt":"2018-03-02T11:28:40","slug":"narration-litteraire-ou-cinematographique-sous-hypnose","status":"publish","type":"page","link":"https:\/\/test2.under-construction.work\/index.php\/ateliers-et-stages\/exploration-pour-la-creation\/narration-litteraire-ou-cinematographique-sous-hypnose\/","title":{"rendered":"Narration litt\u00e9raire ou cin\u00e9matographique sous hypnose"},"content":{"rendered":"<p>La recherche de construction de personnages, de perceptions et r\u00e9flexions et actions \u00ab\u00a0dans la peau de\u00a0\u00bb&#8230; se pr\u00eate \u00e0 la mod\u00e9lisation sous hypnose.<\/p>\n<p>La recherche narrative s&rsquo;\u00e9lance dans les s\u00e9ances de r\u00eave \u00e9veill\u00e9.<\/p>\n<p>Les questionnements se r\u00e9solvent en explorant l&rsquo;imaginal de la cr\u00e9ation en cours.<\/p>\n<p>L&rsquo;hypnose est l&rsquo;outil id\u00e9al pour jouer autant avec les histoires que l&rsquo;on se raconte qu&rsquo;avec celles que l&rsquo;on d\u00e9sire raconter au monde par l&rsquo;interm\u00e9diaire d&rsquo;une oeuvre.<\/p>\n<p>Les possibles sont infinis. Contactez-moi pour des s\u00e9ances ou un atelier sur mesure!<\/p>\n<p>Pour le moment, je collabore avec <a href=\"http:\/\/www.guldemdurmaz.com\/\" target=\"_blank\" rel=\"noopener\">Guldem Durmaz<\/a> pour la recherche sc\u00e9naristique de son prochain long m\u00e9trage. Je suis une boite \u00e0 outil au service de sa cr\u00e9ation. ici, la pr\u00e9sentation de \u00ab\u00a0Kazarken\u00a0\u00bb, son dernier long m\u00e9trage (2017).<\/p>\n<p><iframe loading=\"lazy\" title=\"&quot;Kazarken&quot; de G\u00fcldem Durmaz\" width=\"500\" height=\"281\" src=\"https:\/\/www.youtube.com\/embed\/NGUMuNq1LdA?feature=oembed\" frameborder=\"0\" allow=\"accelerometer; autoplay; clipboard-write; encrypted-media; gyroscope; picture-in-picture; web-share\" referrerpolicy=\"strict-origin-when-cross-origin\" allowfullscreen><\/iframe><\/p>\n","protected":false},"excerpt":{"rendered":"<p>La recherche de construction de personnages, de perceptions et r\u00e9flexions et actions \u00ab\u00a0dans la peau de\u00a0\u00bb&#8230; se pr\u00eate \u00e0 la mod\u00e9lisation sous hypnose. La recherche narrative s&rsquo;\u00e9lance dans les s\u00e9ances de r\u00eave \u00e9veill\u00e9. Les questionnements se r\u00e9solvent en explorant l&rsquo;imaginal de la cr\u00e9ation en cours. L&rsquo;hypnose est l&rsquo;outil id\u00e9al pour jouer autant avec les histoires [&hellip;]<\/p>\n","protected":false},"author":2,"featured_media":8428,"parent":9346,"menu_order":0,"comment_status":"closed","ping_status":"closed","template":"","meta":{"footnotes":""},"class_list":["post-9590","page","type-page","status-publish","has-post-thumbnail","hentry"],"_links":{"self":[{"href":"https:\/\/test2.under-construction.work\/index.php\/wp-json\/wp\/v2\/pages\/9590","targetHints":{"allow":["GET"]}}],"collection":[{"href":"https:\/\/test2.under-construction.work\/index.php\/wp-json\/wp\/v2\/pages"}],"about":[{"href":"https:\/\/test2.under-construction.work\/index.php\/wp-json\/wp\/v2\/types\/page"}],"author":[{"embeddable":true,"href":"https:\/\/test2.under-construction.work\/index.php\/wp-json\/wp\/v2\/users\/2"}],"replies":[{"embeddable":true,"href":"https:\/\/test2.under-construction.work\/index.php\/wp-json\/wp\/v2\/comments?post=9590"}],"version-history":[{"count":0,"href":"https:\/\/test2.under-construction.work\/index.php\/wp-json\/wp\/v2\/pages\/9590\/revisions"}],"up":[{"embeddable":true,"href":"https:\/\/test2.under-construction.work\/index.php\/wp-json\/wp\/v2\/pages\/9346"}],"wp:featuredmedia":[{"embeddable":true,"href":"https:\/\/test2.under-construction.work\/index.php\/wp-json\/"}],"wp:attachment":[{"href":"https:\/\/test2.under-construction.work\/index.php\/wp-json\/wp\/v2\/media?parent=9590"}],"curies":[{"name":"wp","href":"https:\/\/api.w.org\/{rel}","templated":true}]}}