{"id":9596,"date":"2018-03-02T12:43:40","date_gmt":"2018-03-02T11:43:40","guid":{"rendered":"https:\/\/marielisel.com\/?page_id=9596"},"modified":"2018-03-02T12:43:40","modified_gmt":"2018-03-02T11:43:40","slug":"communication-intuitive","status":"publish","type":"page","link":"https:\/\/test2.under-construction.work\/index.php\/communication-intuitive\/","title":{"rendered":"Communication intuitive"},"content":{"rendered":"<p>Atelier en cours d&rsquo;\u00e9criture&#8230; suspens!<\/p>\n<p align=\"justify\">\n<blockquote>\n<p style=\"text-align:center;\" align=\"justify\"><b>Une stagiaire a pris des notes sur l&rsquo;un des ateliers 2017 et me les as envoy\u00e9es<\/b><\/p>\n<\/blockquote>\n<p align=\"justify\"><em>Marie nous donne les bases pour une s\u00e9ance hypnotique en macro :<\/em><\/p>\n<p align=\"justify\">\u00ab\u00a0Assise dans les herbes hautes du mois de mai, je fixe le sol, et tout d&rsquo;abord je ne vois rien, peu habitu\u00e9e \u00e0 ce niveau de perception. Mais l\u00e0, devant moi, il y a&#8230; mais oui, une toute petite araign\u00e9e perch\u00e9e au bout d&rsquo;une tige de folle avoine. Elle ne bouge pas. Je la fixe, attendant qu\u2019elle fasse quelque chose. Rien. Et juste quand je d\u00e9tourne mon regard une seconde, elle disparait. En fait elle s\u2019est d\u00e9cal\u00e9e vers le bas, et je finis pa rla retrouver. Elle veut me faire \u00e9prouver ma patience, chose pour laquelle je ne suis pas dou\u00e9e naturellement.<\/p>\n<p align=\"justify\">Comme j\u2019ai repris l\u2019effort de la fixer \u00e0 nouveau pendant un long moment, elle m\u2019a r\u00e9compens\u00e9e en tirant le premier fil de sa toile vers l\u2019herbe d\u2019\u00e0 c\u00f4t\u00e9. Bon, me suis-je dit, l\u00e0 elle va tisser toute sa toile devant mes yeux \u00e9blouis\u00a0! Mais elle n\u2019en a rien fait\u2026 Apr\u00e8s cet effort elle s\u2019est repos\u00e9e en restant immobile \u00e0 nouveau. Elle s\u2019est moqu\u00e9e de moi. \u00ab\u00a0je ne vais pas reprendre tout de suite, m\u2019a-t-elle expliqu\u00e9, avant il faut que je prenne soin de moi.\u00a0\u00bb<\/p>\n<p align=\"justify\">Et elle a commenc\u00e9 une petite toilette d\u2019araign\u00e9e, se lissant les poils avec une de ses pattes arri\u00e8res. \u00ab\u00a0tisser une toile est un ouvrage de longue haleine\u00a0\u00bb a-t-elle repris, \u00ab\u00a0et je n\u2019arriverai pas au bout dans la pr\u00e9cipitation. Toi aussi tu dois apprendre \u00e0 construire la tienne tranquillement, en avan\u00e7ant chaque jour un petit peu, sans vouloir rien forcer. Alors les choses se pr\u00e9senteront d\u2019elles m\u00eames, et comme tu seras repos\u00e9e et ouverte, tu les verras. Tu pourras t\u2019en saisir, une \u00e0 une pour tisser la toile de ton projet. Comme cela tu auras quelque chose de bien solide, en plus d\u2019\u00eatre joli. Et tu pourras en profiter \u00e0 fond en toute l\u00e9g\u00e8ret\u00e9.\u00a0\u00bb<\/p>\n<p align=\"justify\">\u00ab\u00a0Maintenant, j\u2019ai fini de te parler\u00a0\u00bb a-t-elle poursuivi, \u00ab\u00a0tu peux me laisser je voudrais me reposer.\u00a0Au revoir, fais attention quand tu verras d\u2019autres araign\u00e9es, il y aura des messages\u00a0\u00bb.<\/p>\n<p align=\"justify\">J\u2019ai clign\u00e9 des yeux, un peu sonn\u00e9e, et je suis revenue dans ce monde que nous croyons \u00eatre la seule r\u00e9alit\u00e9, et reconnaissante envers Marie de m&rsquo;avoir ouvert cet horizon.<\/p>\n<p align=\"justify\">Quelques jours plus tard j\u2019\u00e9tais devant mon bureau au travail, et j\u2019ai soudain l\u00e2ch\u00e9 un gros soupir car je n\u2019avais vraiment pas envie d\u2019\u00eatre l\u00e0 ce matin l\u00e0, cela faisait de moins en moins sens pour moi. En levant mon regard de l\u2019\u00e9cran de l\u2019ordinateur, j\u2019ai regard\u00e9 par la fen\u00eatre qui donne sur les falaises du causse, et l\u00e0 j\u2019ai vu, scintillante dans le soleil, une magnifique toile d\u2019araign\u00e9e qui me faisait un clin d\u2019oeil \u2026 \u00ab\u00a0patience\u00a0!\u00a0\u00bb, me disait-elle.\u00a0\u00bb<\/p>\n","protected":false},"excerpt":{"rendered":"<p>Atelier en cours d&rsquo;\u00e9criture&#8230; suspens! Une stagiaire a pris des notes sur l&rsquo;un des ateliers 2017 et me les as envoy\u00e9es Marie nous donne les bases pour une s\u00e9ance hypnotique en macro : \u00ab\u00a0Assise dans les herbes hautes du mois de mai, je fixe le sol, et tout d&rsquo;abord je ne vois rien, peu habitu\u00e9e [&hellip;]<\/p>\n","protected":false},"author":2,"featured_media":6684,"parent":0,"menu_order":0,"comment_status":"closed","ping_status":"closed","template":"","meta":{"footnotes":""},"class_list":["post-9596","page","type-page","status-publish","has-post-thumbnail","hentry"],"_links":{"self":[{"href":"https:\/\/test2.under-construction.work\/index.php\/wp-json\/wp\/v2\/pages\/9596","targetHints":{"allow":["GET"]}}],"collection":[{"href":"https:\/\/test2.under-construction.work\/index.php\/wp-json\/wp\/v2\/pages"}],"about":[{"href":"https:\/\/test2.under-construction.work\/index.php\/wp-json\/wp\/v2\/types\/page"}],"author":[{"embeddable":true,"href":"https:\/\/test2.under-construction.work\/index.php\/wp-json\/wp\/v2\/users\/2"}],"replies":[{"embeddable":true,"href":"https:\/\/test2.under-construction.work\/index.php\/wp-json\/wp\/v2\/comments?post=9596"}],"version-history":[{"count":0,"href":"https:\/\/test2.under-construction.work\/index.php\/wp-json\/wp\/v2\/pages\/9596\/revisions"}],"wp:featuredmedia":[{"embeddable":true,"href":"https:\/\/test2.under-construction.work\/index.php\/wp-json\/"}],"wp:attachment":[{"href":"https:\/\/test2.under-construction.work\/index.php\/wp-json\/wp\/v2\/media?parent=9596"}],"curies":[{"name":"wp","href":"https:\/\/api.w.org\/{rel}","templated":true}]}}