{"id":9649,"date":"2018-03-10T16:05:47","date_gmt":"2018-03-10T15:05:47","guid":{"rendered":"https:\/\/marielisel.com\/?page_id=9649"},"modified":"2018-03-10T16:05:47","modified_gmt":"2018-03-10T15:05:47","slug":"les-techniques-de-reve-eveille","status":"publish","type":"page","link":"https:\/\/test2.under-construction.work\/index.php\/les-techniques-de-reve-eveille\/","title":{"rendered":"Le r\u00eave \u00e9veill\u00e9"},"content":{"rendered":"<p style=\"text-align:justify;\">Pour moi, r\u00eaver \u00e9veill\u00e9, ce serait comme <em>Fabuler, raconter autrement, ce n&rsquo;est pas rompre avec la r\u00e9alit\u00e9, mais chercher \u00e0 faire penser et sentir des aspects de cette r\u00e9alit\u00e9 qui usuellement sont pris comme accessoires (et donc ne sont pas per\u00e7us).<\/em> Isabelle Stengers cit\u00e9e par Vinciane Despret.<\/p>\n<p style=\"text-align:justify;\">Le r\u00eave \u00e9veill\u00e9 est universel, en tous lieux et de tous temps, cette m\u00e9thode a \u00e9t\u00e9 d\u00e9clin\u00e9e dans diff\u00e9rentes disciplines.<\/p>\n<p style=\"text-align:justify;\">Je d\u00e9veloppe une partie des r\u00eaves \u00e9veill\u00e9s modernes et contemporains dans la page \u00ab\u00a0<a href=\"https:\/\/test2.under-construction.work\/les-techniques-de-reve-eveille\/differents-reves-eveilles\/\" target=\"_blank\" rel=\"noopener\">Diff\u00e9rents r\u00eaves \u00e9veill\u00e9s<\/a>\u00ab\u00a0. Les autres espaces temps sont vastes, du bouddhisme au chamanisme en passant par des chemins bien moins connus. Je r\u00e9digerai ces pages plus tard.<\/p>\n<p style=\"text-align:justify;\">Pour la base de l&rsquo;occident moderne acad\u00e9mique, on s&rsquo;entend sur la m\u00e9thode conceptualis\u00e9e par Robert Desoille \u00e0 partir de diff\u00e9rents r\u00eaves \u00e9veill\u00e9s notamment orientaux: <a href=\"https:\/\/test2.under-construction.work\/les-techniques-de-reve-eveille\/r-e-d-de-robert-desoille\/\" target=\"_blank\" rel=\"noopener noreferrer\">Le R\u00eave \u00e9veill\u00e9 dirig\u00e9 (RED).<\/a> Cette m\u00e9thode a ensuite donn\u00e9 plein de d\u00e9riv\u00e9s, selon les courants de pens\u00e9es. Je ne pratique sa m\u00e9thode qu&rsquo;en formation, car c&rsquo;est une base claire et efficace mais aussi aux repr\u00e9sentations un chou\u00efa vieillotte. Vous trouverez sa description dans la page consacr\u00e9e.<\/p>\n<p style=\"text-align:justify;\">Mon travail personnel d\u00e9veloppe ce que j&rsquo;ai nomm\u00e9 le REAH (r\u00eave \u00e9veill\u00e9 augment\u00e9 par l&rsquo;hypnose), qui utilise la base du RED, en prenant de larges libert\u00e9s et en la m\u00ealant \u00e0 des techniques hypnotiques, ainsi qu&rsquo;\u00e0 divers outils, comme l&rsquo;\u00e9nerg\u00e9tique, le n\u00e9o-chamanisme, <a href=\"https:\/\/test2.under-construction.work\/les-outils-de-la-praticienne\/espace-transitionnel\/\" target=\"_blank\" rel=\"noopener noreferrer\">l&rsquo;espace transitionnel<\/a>, la <a href=\"https:\/\/test2.under-construction.work\/les-outils-de-la-praticienne\/prescription-de-taches\/\" target=\"_blank\" rel=\"noopener noreferrer\">prescription de t\u00e2che<\/a>, le travail de la voix, la <a href=\"https:\/\/test2.under-construction.work\/les-outils-de-la-praticienne\/connexion-avec-la-nature\/\" target=\"_blank\" rel=\"noopener noreferrer\">connexion avec la nature<\/a>, les <a href=\"https:\/\/test2.under-construction.work\/ateliers-workshops\/avec-les-chevaux\/se-connecter-a-soi-au-cheval-au-monde\/\" target=\"_blank\" rel=\"noopener noreferrer\">chevaux miroirs<\/a>&#8230; Je donne <a href=\"https:\/\/test2.under-construction.work\/ateliers-et-stages\/stage-de-reah-pour-praticien-ne-s-en-hypnose\/\" target=\"_blank\" rel=\"noopener\">des formations REAH<\/a> pour partager cette m\u00e9thode qui m&rsquo;enthousiasme avec les accompagnant.e.s.<\/p>\n<p style=\"text-align:justify;\">Il est difficile de s&rsquo;imaginer un voyage avant de l&rsquo;avoir tent\u00e9. Pour un avant-go\u00fbt, rejoignez <a href=\"https:\/\/test2.under-construction.work\/ateliers-pour-grand-public\/atelier-dintroduction-a-lautohypnose\/ateliers-en-visioconference\/\" target=\"_blank\" rel=\"noopener\">les ateliers de r\u00eave \u00e9veill\u00e9 de groupe en visio<\/a>. ou lisez les t\u00e9moignages de groupe sur les pages des ateliers <a href=\"https:\/\/test2.under-construction.work\/ateliers-pour-grand-public\/atelier-dintroduction-a-lautohypnose\/ateliers-en-visioconference\/connexion-onirique-avec-la-nature-serie-dateliers-en-visio-sur-jitsi\/\" target=\"_blank\" rel=\"noopener\">Naturons-nous<\/a> et <a href=\"https:\/\/test2.under-construction.work\/oniroqueer-ateliers-dexploration-en-visio-par-jitsi\/\" target=\"_blank\" rel=\"noopener\">onirO-Queer<\/a> ou <a href=\"https:\/\/test2.under-construction.work\/seance-hypnose\/anecdotes-et-retours-de-seances\/\" target=\"_blank\" rel=\"noopener\">\u00a0de s\u00e9ances individuelles<\/a> sur la page des retours<\/p>\n<p style=\"text-align:justify;\">Enfin, vous trouverez une liste de livres et de liens dans la page <a href=\"https:\/\/test2.under-construction.work\/les-reves\/\" target=\"_blank\" rel=\"noopener\">A lire, \u00e9couter et regarder, sur les\u00a0r\u00eaves<\/a><\/p>\n<p style=\"text-align:justify;\">Bon voyage \u00e0 travers les pages oniriques&#8230;<\/p>\n<ul style=\"text-align:justify;\">\n<li><a href=\"https:\/\/test2.under-construction.work\/les-techniques-de-reve-eveille\/differents-reves-eveilles\/\" target=\"_blank\" rel=\"noopener\">Diff\u00e9rents r\u00eaves \u00e9veill\u00e9s<\/a><\/li>\n<li><a href=\"https:\/\/test2.under-construction.work\/les-techniques-de-reve-eveille\/r-e-d-de-robert-desoille\/\" target=\"_blank\" rel=\"noopener noreferrer\">Le R\u00eave \u00e9veill\u00e9 dirig\u00e9 (RED) de Robert Desoille<\/a><\/li>\n<li><a href=\"https:\/\/test2.under-construction.work\/les-outils-de-la-praticienne\/le-reve-eveille-dirige-du-red-au-reah\/\">Du RED au REAH<\/a><\/li>\n<li><a href=\"https:\/\/test2.under-construction.work\/ateliers-et-stages\/stage-de-reah-pour-praticien-ne-s-en-hypnose\/\" target=\"_blank\" rel=\"noopener\">Les stages de REAH pour accompagnant.e.s<\/a> et les <a href=\"https:\/\/test2.under-construction.work\/temoignage-des-stagiaires-praticien-ne-s-en-hypnose-formation-en-reah\/\" target=\"_blank\" rel=\"noopener\">t\u00e9moignages des stagiaires<\/a><\/li>\n<li><a href=\"https:\/\/test2.under-construction.work\/les-reves\/\" target=\"_blank\" rel=\"noopener\">A lire, \u00e9couter et regarder, sur les\u00a0r\u00eaves<\/a><\/li>\n<li>D&rsquo;autres r\u00eaves (endormis cette fois): <a href=\"https:\/\/test2.under-construction.work\/category\/reve-lucide\/\" target=\"_blank\" rel=\"noopener\">les r\u00eaves lucides de transformation<\/a><\/li>\n<li><a href=\"https:\/\/test2.under-construction.work\/ateliers-pour-grand-public\/atelier-dintroduction-a-lautohypnose\/ateliers-en-visioconference\/\" target=\"_blank\" rel=\"noopener\">Les ateliers de r\u00eave \u00e9veill\u00e9 de groupe en visio<\/a><\/li>\n<li>Les <a href=\"https:\/\/test2.under-construction.work\/seance-hypnose\/anecdotes-et-retours-de-seances\/\" target=\"_blank\" rel=\"noopener\">t\u00e9moignages de s\u00e9ances<\/a> individuelles en REAH (r\u00eave \u00e9veill\u00e9 augment\u00e9 par l&rsquo;hypnose)<\/li>\n<li>Revenir \u00e0 : <a href=\"https:\/\/test2.under-construction.work\/les-outils-de-la-praticienne\/\" target=\"_blank\" rel=\"noopener\">\u00ab\u00a0Tous les outils\u00a0\u00bb<\/a> (hypnose, REAH, prescription de t\u00e2che, m\u00e9diation par la nature&#8230;)<\/li>\n<\/ul>\n<p style=\"text-align:justify;\"><img loading=\"lazy\" decoding=\"async\" class=\"alignnone  wp-image-10518\" src=\"https:\/\/test2.under-construction.work\/wp-content\/uploads\/2018\/07\/capture-d_c3a9cran-2018-07-20-c3a0-22-02-56.png\" alt=\"Capture d_\u00e9cran 2018-07-20 \u00e0 22.02.56\" width=\"669\" height=\"667\" \/><\/p>\n<p style=\"text-align:justify;\"><span style=\"color:#800080;\"><strong>\u00a0<\/strong><\/span><\/p>\n","protected":false},"excerpt":{"rendered":"<p>Pour moi, r\u00eaver \u00e9veill\u00e9, ce serait comme Fabuler, raconter autrement, ce n&rsquo;est pas rompre avec la r\u00e9alit\u00e9, mais chercher \u00e0 faire penser et sentir des aspects de cette r\u00e9alit\u00e9 qui usuellement sont pris comme accessoires (et donc ne sont pas per\u00e7us). Isabelle Stengers cit\u00e9e par Vinciane Despret. Le r\u00eave \u00e9veill\u00e9 est universel, en tous lieux [&hellip;]<\/p>\n","protected":false},"author":2,"featured_media":8925,"parent":0,"menu_order":0,"comment_status":"closed","ping_status":"closed","template":"","meta":{"footnotes":""},"class_list":["post-9649","page","type-page","status-publish","has-post-thumbnail","hentry"],"_links":{"self":[{"href":"https:\/\/test2.under-construction.work\/index.php\/wp-json\/wp\/v2\/pages\/9649","targetHints":{"allow":["GET"]}}],"collection":[{"href":"https:\/\/test2.under-construction.work\/index.php\/wp-json\/wp\/v2\/pages"}],"about":[{"href":"https:\/\/test2.under-construction.work\/index.php\/wp-json\/wp\/v2\/types\/page"}],"author":[{"embeddable":true,"href":"https:\/\/test2.under-construction.work\/index.php\/wp-json\/wp\/v2\/users\/2"}],"replies":[{"embeddable":true,"href":"https:\/\/test2.under-construction.work\/index.php\/wp-json\/wp\/v2\/comments?post=9649"}],"version-history":[{"count":0,"href":"https:\/\/test2.under-construction.work\/index.php\/wp-json\/wp\/v2\/pages\/9649\/revisions"}],"wp:featuredmedia":[{"embeddable":true,"href":"https:\/\/test2.under-construction.work\/index.php\/wp-json\/"}],"wp:attachment":[{"href":"https:\/\/test2.under-construction.work\/index.php\/wp-json\/wp\/v2\/media?parent=9649"}],"curies":[{"name":"wp","href":"https:\/\/api.w.org\/{rel}","templated":true}]}}