{"id":9661,"date":"2018-03-10T16:20:20","date_gmt":"2018-03-10T15:20:20","guid":{"rendered":"https:\/\/marielisel.com\/?page_id=9661"},"modified":"2018-03-10T16:20:20","modified_gmt":"2018-03-10T15:20:20","slug":"les-reves","status":"publish","type":"page","link":"https:\/\/test2.under-construction.work\/index.php\/les-reves\/","title":{"rendered":"A lire, \u00e9couter et regarder, sur les r\u00eaves"},"content":{"rendered":"<div class=\"text_exposed_show\">\n<p style=\"text-align:justify;\">\u00ab Le r\u00eave n&rsquo;est pas li\u00e9 au seul \u00e9tat c\u00e9r\u00e9bral qu&rsquo;est le sommeil&#8230;Il est plut\u00f4t li\u00e9 au niveau d&rsquo;activation c\u00e9r\u00e9brale.Les r\u00eaves sont des simulations imaginatives, mais largement r\u00e9alistes de la vie \u00e9veill\u00e9e. \u00bb Ils prennent naissance dans les m\u00eames parties du cerveau qui constituent le r\u00e9seau dit par d\u00e9faut, connues pour \u00eatre les plus actives pendant le vagabondage de l&rsquo;esprit ou la r\u00eaverie diurne (\u00ab daydreaming \u00bb)&#8230;.<br \/>\nLa transition vers le r\u00eave, explique-t-il, se fait par \u00e9tapes, au fur et \u00e0 mesure que l&rsquo;on cesse de pr\u00eater attention au monde ext\u00e9rieur&#8230;\u00a0\u00bb <a href=\"http:\/\/www.psychomedia.qc.ca\/psychologie\/2018-08-25\/similitudes-reves-reveries-diurnes\" target=\"_blank\" rel=\"noopener\">Psychomedia<\/a><\/p>\n<\/div>\n<p>&nbsp;<\/p>\n<p>Cette page est en cours&#8230; envoyez-moi des liens?<\/p>\n<p>&nbsp;<\/p>\n<div class=\"text_exposed_show\">\n<blockquote>\n<p style=\"text-align:center;\"><strong>R\u00eave nocturne et r\u00eave nocturne lucide<\/strong><\/p>\n<\/blockquote>\n<p><strong>Sur le r\u00eave nocturne<\/strong><\/p>\n<ul class=\"texte\">\n<li><a href=\"http:\/\/sommeil.univ-lyon1.fr\/articles\/listes\/fr\/SA.php\" target=\"_blank\" rel=\"noopener\">Nombreux articles<\/a> de l&rsquo;universit\u00e9 de Lyon sur les r\u00eaves, pour Sciences et Avenir<\/li>\n<li>Futurasciences, <a href=\"https:\/\/www.futura-sciences.com\/sante\/dossiers\/sommeil-rever-monde-fascinant-reves-1281\/\" target=\"_blank\" rel=\"noopener\">enqu\u00eate sur les r\u00eaves<\/a><\/li>\n<li><a href=\"http:\/\/www.sommeil-mg.net\/spip\/spip.php?article126\" target=\"_blank\" rel=\"noopener\">Sommeil et m\u00e9decine g\u00e9n\u00e9rale<\/a><\/li>\n<li><a href=\"http:\/\/twasha.webobo.biz\/journal2.php?id_journal=264742&amp;id_menu=760509\" target=\"_blank\" rel=\"noopener\">Th\u00e9orie moderne sur le sens du r\u00eave<\/a>,\u00a0Par Jean-Michel Gaillard, docteur en m\u00e9decine, sp\u00e9cialiste en psychiatrie, \u00e0 Gen\u00e8ve.<\/li>\n<li><a class=\"spip_out\" href=\"http:\/\/aejcpp.free.fr\/articles\/prefaceintro.htm\" rel=\"external\">\u00ab\u00a0L\u2019interpr\u00e9tation du r\u00eave\u00a0\u00bb de Freud. Une philosophie de l\u2019esprit inconscient.<\/a>\u00a0Pierre-Henri Castel,PUF, coll. \u00ab\u00a0Les grands textes de la philosophie\u00a0\u00bb, Paris, 1998.<\/li>\n<li><a class=\"spip_out\" href=\"http:\/\/www.pseudo-sciences.org\/spip.php?article544\" rel=\"external\">Le point sur l\u2019interdiction de l\u2019interpr\u00e9tation des r\u00eaves<\/a>. AFIS, Association Fran\u00e7aise pour l\u2019information scientifique.<\/li>\n<li><a class=\"spip_out\" href=\"http:\/\/ura1195-6.univ-lyon1.fr\/articles\/savenir\/rneuronal\/as.html\" rel=\"external\">L\u2019hypoth\u00e8se de l\u2019activation-synth\u00e8se<\/a>\u00a0John Allan Hobson . \u00ab\u00a0Durant le sommeil, le cerveau fait de son mieux pour attribuer un sens \u00e0 des signaux issus de\u00a0<i>l\u2019activation al\u00e9atoire<\/i>\u00a0des neurones dans le cortex c\u00e9r\u00e9bral\u00a0\u00bb.<\/li>\n<li><a class=\"spip_out\" href=\"http:\/\/www.canalacademie.com\/Le-sommeil-et-le-reve-decryptage-2.html\" rel=\"external\">Pr M JOUVET\u00a0: connaissances et hypoth\u00e8ses actuelles sur le sens du r\u00eave<\/a>\u00a0(Canal acad\u00e9mie.com) Interview passionnante \u00e0 \u00e9couter en Mp3.<\/li>\n<li><a class=\"spip_out\" href=\"http:\/\/www.jtkresearch.com\/DreamLab\/index.htm\" rel=\"external\">Le Laboratoire des r\u00eaves et cauchemars de l\u2019H\u00f4pital du Sacr\u00e9-C\u0153ur de Montr\u00e9al<\/a>\u00a0 \u00ab\u00a0cherche \u00e0 informer le public de l\u2019importance des r\u00eaves et de l\u2019incidence des cauchemars sur la sant\u00e9 mentale\u00a0\u00bb.<\/li>\n<li><a class=\"spip_out\" href=\"http:\/\/www.dreams.ca\/apps2.htm\" rel=\"external\">Applications pratique des r\u00eaves<\/a>\u00a0de La Fondation Canadienne R.E.P.O.S. : Recherche Exp\u00e9rimentale sur les Processus Oniriques et le Sommeil<\/li>\n<li><a class=\"spip_out\" href=\"http:\/\/inconscient.fr\/\" rel=\"external\">Les \u00e9tats de conscience modifi\u00e9s au cours du sommeil<\/a>\u00a0Forum d\u2019information et de t\u00e9moignages sur les r\u00eaves et les hallucinations du sommeil<\/li>\n<li><a class=\"spip_out\" href=\"http:\/\/www.reves.ca\/theorie\/20.html\" rel=\"external\">L.-F. Alfred Maury\u00a0; Le sommeil et les r\u00eaves,<\/a>\u00a0(hallucinations hypnagogiques,\u00a0\u00a0<b>1865<\/b>).<\/li>\n<li><a class=\"spip_out\" href=\"http:\/\/www.reves.ca\/theorie\/47.htm\" rel=\"external\">Platon, des turpitude du r\u00eaves<\/a>\u00a0(\u00ab\u00a0pour des r\u00eaves sains\u00a0\u00bb La R\u00e9publique, Gr\u00e8ce,\u00a0<b>&#8211; 380<\/b>).<\/li>\n<li><a class=\"spip_out\" href=\"http:\/\/www.3d-synthesis.com\/My_Books\/OU_ALLONS-NOUS_LA_NUIT.pdf\" rel=\"external\">\u00ab\u00a0O\u00f9 allons nous la nuit\u00a0\u00bb<\/a>\u00a0Philippe Roubal un ebook en Pdf. sur le r\u00eave.<\/li>\n<li><a class=\"spip_out\" href=\"http:\/\/membres.lycos.fr\/dispapa\/dprep15a.htm\" rel=\"external\">Dis Papa, pourquoi on r\u00eave\u00a0?<\/a>\u00a0\u00ab\u00a0Dis Papa&#8230;\u00a0\u00bb 66 r\u00e9ponses pour les enfants<\/li>\n<li><span id=\"ws-author\"><a class=\"new\" title=\"Camille M\u00e9linand (page inexistante)\" href=\"https:\/\/fr.wikisource.org\/w\/index.php?title=https:\/\/fr.wikisource.org\/wiki\/Le_R\u00eave_et_la_R\u00e9alit\u00e9\">Camille M\u00e9linand,<em>\u00a0Le r\u00eave et la r\u00e9alit\u00e9<\/em><\/a>,\u00a0<\/span>Revue des Deux Mondes\u00a0tome 145, 1898<\/li>\n<\/ul>\n<p><strong>Sur les r\u00eaves lucides<\/strong><\/p>\n<ul>\n<li>Une <a href=\"https:\/\/www.franceculture.fr\/conferences\/palais-de-la-decouverte-et-cite-des-sciences-et-de-lindustrie\/controler-ses-reves-pour\" target=\"_blank\" rel=\"noopener\">conf\u00e9rence <\/a>de la Cit\u00e9 des sciences<\/li>\n<li>Les livres de <a href=\"http:\/\/www.philosophie.uni-mainz.de\/metzinger\/publikationen\/\" target=\"_blank\" rel=\"noopener\">Thomas Metzinger <\/a><\/li>\n<li><a href=\"https:\/\/occidere.wordpress.com\/tag\/reve-lucide\/page\/2\/\" target=\"_blank\" rel=\"noopener\">Blog occidere\u00a0<\/a><\/li>\n<li><a href=\"https:\/\/tel.archives-ouvertes.fr\/tel-01691533\/document\" target=\"_blank\" rel=\"noopener\">Th\u00e8se<\/a> de\u00a0Ludwig CRESPIN<\/li>\n<li><a href=\"http:\/\/fr.psy.co\/rve-et-ralit.html\" target=\"_blank\" rel=\"noopener\">Monde de psychologie<\/a><\/li>\n<li><a href=\"http:\/\/docplayer.fr\/20744559-Reve-lucide-definitions.html\" target=\"_blank\" rel=\"noopener\">Wikipedia<\/a><\/li>\n<li>Plusieurs articles th\u00e9oriques de <a href=\"http:\/\/sommeil.univ-lyon1.fr\/articles\/savenir\/lucide\/lucide.php\" target=\"_blank\" rel=\"noopener\">l&rsquo;universit\u00e9 de Lyon\u00a0<\/a><\/li>\n<li>Des m\u00e9thodes sont disponibles sur le web, fruits de forums et autres. Exemples: <a href=\"https:\/\/lecorpsastral.files.wordpress.com\/2013\/05\/onironaute.pdf\" target=\"_blank\" rel=\"noopener\">Onironaute<\/a>, <a href=\"http:\/\/jean-paul.lacharme.pagesperso-orange.fr\/ext\/Intro-RL.pdf\" target=\"_blank\" rel=\"noopener\">introduction par un passionn\u00e9<\/a>, ou <a href=\"http:\/\/www.attrape-songes.com\/reves-lucides\/les-differents-niveaux-de-lucidite\" target=\"_blank\" rel=\"noopener\">attrappe-songes<\/a>, il y a aussi des ebooks&#8230;<\/li>\n<li>HERVEY DE SAINT DENYS, Marie Jean L\u00e9on (de). Les r\u00eaves et les moyens de les diriger : observations pratiques,\u00a0Paris : Amyot, 1867. <a href=\"https:\/\/fr.wikisource.org\/wiki\/Les_R\u00eaves_et_les_moyens_de_les_diriger\" target=\"_blank\" rel=\"noopener\">Texte en ligne<\/a><\/li>\n<li><a href=\"https:\/\/test2.under-construction.work\/category\/reve-lucide\/\" target=\"_blank\" rel=\"noopener\">Mes t\u00e9moignages d&rsquo;exp\u00e9riences personnelles<\/a><\/li>\n<\/ul>\n<\/div>\n<p>&nbsp;<\/p>\n<blockquote>\n<p style=\"text-align:center;\"><strong>R\u00eaves \u00e9veill\u00e9s\u00a0<\/strong><\/p>\n<\/blockquote>\n<div class=\"text_exposed_show\">\n<p><strong>Sur les techniques de r\u00eave \u00e9veill\u00e9<\/strong><\/p>\n<p>&#8230;les contes, les mythes, les l\u00e9gendes et des r\u00e9cits comme Alice au pays des merveilles, de Lewis Carroll (<a href=\"https:\/\/fr.wikisource.org\/wiki\/Alice_au_pays_des_merveilles\/Texte_entier\" target=\"_blank\" rel=\"noopener\">texte en ligne<\/a>), Peter Pan et bien d&rsquo;autres.<\/p>\n<p>REAH (r\u00eave \u00e9veill\u00e9 augment\u00e9 par l&rsquo;hypnose, appellation personnelle) et autres r\u00eaves \u00e9veill\u00e9s,\u00a0voir les liens sur la page \u00ab\u00a0<a href=\"https:\/\/test2.under-construction.work\/les-techniques-de-reve-eveille\/\" target=\"_blank\" rel=\"noopener\">Les techniques de r\u00eave \u00e9veill\u00e9<\/a>\u00a0\u00bb<\/p>\n<figure id=\"attachment_9703\" aria-describedby=\"caption-attachment-9703\" style=\"width: 698px\" class=\"wp-caption alignnone\"><img loading=\"lazy\" decoding=\"async\" class=\"alignnone size-full wp-image-9703\" src=\"https:\/\/test2.under-construction.work\/wp-content\/uploads\/2018\/03\/capture-d_c3a9cran-2018-03-11-c3a0-11-37-47.png\" alt=\"Capture d_\u00e9cran 2018-03-11 \u00e0 11.37.47\" width=\"698\" height=\"377\" \/><figcaption id=\"caption-attachment-9703\" class=\"wp-caption-text\">Alice Liddell by Lewis Carroll.<\/figcaption><\/figure>\n<p>&nbsp;<\/p>\n<p><strong>Sur la r\u00eaverie<\/strong><\/p>\n<ul>\n<li>Le Figaro, <a href=\"http:\/\/sante.lefigaro.fr\/actualite\/2016\/07\/14\/25210-apprendre-profiter-bienfaits-reverie\" target=\"_blank\" rel=\"noopener\">Les bienfaits de la r\u00eaverie<\/a><\/li>\n<li><a href=\"http:\/\/poesie.webnet.fr\/lesgrandsclassiques\/poemes\/victor_hugo\/reverie.html\" target=\"_blank\" rel=\"noopener\">R\u00eaverie<\/a>, po\u00e8me de Victor Hugo<\/li>\n<li style=\"text-align:justify;\"><span class=\"tlf_cdefinition\"><a href=\"http:\/\/www.cnrtl.fr\/definition\/r%C3%AAverie\" target=\"_blank\" rel=\"noopener\">D\u00e9finition cnrtl<\/a>: \u00ab\u00a0\u00c9tat de conscience passif et g\u00e9n\u00e9ralement agr\u00e9able dans lequel l&rsquo;esprit se laisse captiver par une impression, un souvenir, un sentiment, une pens\u00e9e et laisse aller son imagination au hasard des associations d&rsquo;id\u00e9es.\u00a0\u00bb<\/span><\/li>\n<li style=\"text-align:justify;\"><span class=\"tlf_csyntagme\"><i>R\u00eaverie d\u00e9licieuse, heureuse; douce, tendre r\u00eaverie; se laisser aller \u00e0 la r\u00eaverie, \u00eatre perdu dans une r\u00eaverie.<\/i><\/span> <span class=\"tlf_cexemple\"><i>Le moindre fait me plonge dans des r\u00eaveries sans fin. Je m&rsquo;en vais de pens\u00e9es en pens\u00e9es, comme une herbe dess\u00e9ch\u00e9e sur un fleuve, et qui descend le courant flot \u00e0 flot<\/i> (<span class=\"tlf_cauteur\"><span class=\"tlf_smallcaps\">Flaub.<\/span><\/span><span class=\"tlf_ctitre\">, <i>Corresp.<\/i><\/span><span class=\"tlf_cdate\">, 1850<\/span>, p. 281).<\/span><\/li>\n<li style=\"text-align:justify;\"><span class=\"tlf_cexemple\"><i>La r\u00eaverie (&#8230;) nourrie par les images de la douceur de vivre, par les illusions du bonheur (&#8230;) Ainsi la r\u00eaverie n&rsquo;est pas un vide d&rsquo;esprit. Elle est bien plut\u00f4t le don d&rsquo;une heure qui conna\u00eet la pl\u00e9nitude de l&rsquo;\u00e2me<\/i> (<span class=\"tlf_cauteur\"><span class=\"tlf_smallcaps\">Bachelard<\/span><\/span><span class=\"tlf_ctitre\">, <i>La Po\u00e9tique de la r\u00eaverie<\/i><\/span><span class=\"tlf_cdate\">, 1960<\/span>, pp. 54-55).<\/span><\/li>\n<\/ul>\n<p>&nbsp;<\/p>\n<p><strong>Sur le cin\u00e9ma int\u00e9rieur limitant<\/strong><\/p>\n<ul>\n<li><a href=\"https:\/\/test2.under-construction.work\/2016\/06\/08\/rever-pour-mieux-vivre\/\" target=\"_blank\" rel=\"noopener\">R\u00eaver pour mieux vivre<\/a><\/li>\n<li><a href=\"https:\/\/test2.under-construction.work\/2016\/01\/15\/moi-je-me-fais-un-film\/\" target=\"_blank\" rel=\"noopener\">R\u00e9aliser son film sous hypnose<\/a><\/li>\n<li><a href=\"https:\/\/test2.under-construction.work\/lhypnose-comme-outil-daccompagnement-vers-la-solution-et-le-changement\/\" target=\"_blank\" rel=\"noopener\">Cr\u00e9er sa vie<\/a><\/li>\n<\/ul>\n<p>&nbsp;<\/p>\n<p><strong>Sur le fantasme en tant que r\u00eave diurne<\/strong><\/p>\n<p><a href=\"http:\/\/psycha.ru\/fr\/dictionnaires\/laplanche_et_pontalis\/voc108.html\" target=\"_blank\" rel=\"noopener\">Th\u00e9orie freudienne\u00a0<\/a><\/p>\n<p>J-D Nasio, Le fantasme, Payot, 1992<\/p>\n<p><a href=\"https:\/\/test2.under-construction.work\/2018\/05\/08\/creation-radiophonique-fantasmatique\/\"><em>Fantasmes<\/em><\/a>, cr\u00e9ation radiophonique (53 minutes)<\/p>\n<figure id=\"attachment_1745\" aria-describedby=\"caption-attachment-1745\" style=\"width: 390px\" class=\"wp-caption alignnone\"><img loading=\"lazy\" decoding=\"async\" class=\"alignnone size-full wp-image-1745\" src=\"https:\/\/test2.under-construction.work\/wp-content\/uploads\/2015\/12\/capture-d_ecc81cran-2016-03-06-acc80-13-36-20.png\" alt=\"Capture d\u2019\u00e9cran 2016-03-06 \u00e0 13.36.20\" width=\"390\" height=\"562\" \/><figcaption id=\"caption-attachment-1745\" class=\"wp-caption-text\">Mirka Lugosi<\/figcaption><\/figure>\n<p>&nbsp;<\/p>\n<p><strong>Sur le r\u00eave-projet-id\u00e9al<\/strong><\/p>\n<p><img loading=\"lazy\" decoding=\"async\" class=\"alignnone size-full wp-image-9704\" src=\"https:\/\/test2.under-construction.work\/wp-content\/uploads\/2018\/03\/capture-d_c3a9cran-2018-03-11-c3a0-11-49-06.png\" alt=\"Capture d\u2019\u00e9cran 2018-03-11 \u00e0 11.49.06.png\" width=\"378\" height=\"380\" \/><\/p>\n<p><em>Le bonheur est un r\u00eave d&rsquo;enfant r\u00e9alis\u00e9 dans l&rsquo;\u00e2ge adulte. <\/em>Sigmund<em>\u00a0<\/em>Freud<\/p>\n<p>Boris Cyrulnik : <a href=\"http:\/\/mobile.lemonde.fr\/o21\/article\/2016\/12\/12\/boris-cyrulnik-ce-qui-peut-aider-un-jeune-a-trouver-sa-voie-c-est-son-pouvoir-de-reve_5047373_5014018.html?xtref=http%3A%2F%2Fm.facebook.com\" target=\"_blank\" rel=\"noopener\">article <\/a>\u00ab Ce qui peut aider un jeune \u00e0 trouver sa voie, c\u2019est son pouvoir de r\u00eave \u00bb<\/p>\n<p>&nbsp;<\/p>\n<p><strong>Sur le r\u00eave collectif politique<\/strong><\/p>\n<p class=\"title style-scope ytd-video-primary-info-renderer\">Discours de Martin Luther King,<em> <a href=\"https:\/\/www.youtube.com\/watch?v=8ryy7eP0kks\" target=\"_blank\" rel=\"noopener\">I have a dream<\/a>, <\/em>1963.<\/p>\n<p>Starhawk, <em><a href=\"http:\/\/www.telerama.fr\/livres\/rever-lobscur.-femmes,-magie-et-politique,123548.php\" target=\"_blank\" rel=\"noopener\">R\u00eaver l&rsquo;obscur<\/a>,<\/em> <em>Femmes, magie et politique<\/em>, 1982 pour la version am\u00e9ricaine.<\/p>\n<p><img loading=\"lazy\" decoding=\"async\" class=\"alignnone size-full wp-image-9705\" src=\"https:\/\/test2.under-construction.work\/wp-content\/uploads\/2018\/03\/capture-d_c3a9cran-2018-03-11-c3a0-11-51-06.png\" alt=\"Capture d_\u00e9cran 2018-03-11 \u00e0 11.51.06\" width=\"537\" height=\"377\" \/><\/p>\n<blockquote>\n<p style=\"text-align:center;\"><strong>Sur l&rsquo;interpr\u00e9tation des r\u00eaves et des symboles<\/strong><\/p>\n<\/blockquote>\n<ul>\n<li>Gaston Bachelard, dans une <a href=\"https:\/\/www.franceculture.fr\/emissions\/les-nuits-de-france-culture\/gaston-bachelard-nous-sommes-des-dormeurs-eveilles-des-reveurs-lucides\" target=\"_blank\" rel=\"noopener\">\u00e9mission<\/a> de France Culture + nombreux livres<\/li>\n<li>Roland Barthes, <em>L&rsquo;air et les songes<\/em><\/li>\n<li>Guillaume Durant, <em>L&rsquo;imagination symbolique<\/em>, P.U.F., 1993<\/li>\n<li>Mircea Eliade, <em>Mythes, r\u00eaves et myst\u00e8res<\/em>, Gallimard, 1957<\/li>\n<li>Sigmund Freud, <em>L&rsquo;interpr\u00e9tation des r\u00eaves<\/em>, <a href=\"http:\/\/classiques.uqac.ca\/classiques\/freud_sigmund\/reve_et_son_interpretation\/le_reve_et_son_interpretation.pdf\" target=\"_blank\" rel=\"noopener\">texte en pdf<\/a><\/li>\n<li>Carl Gusta Jung, <a href=\"https:\/\/www.cgjung.net\/oeuvre\/textes\/symboles.htm\" target=\"_blank\" rel=\"noopener\">explications sur les symboles selon Jung par un passionn\u00e9<\/a>, liste de <a href=\"https:\/\/www.cgjung.net\/oeuvre\/index.htm\" target=\"_blank\" rel=\"noopener\">ses publications<\/a> (notamment sur les symboles)<\/li>\n<li>Tobie Nathan: <a href=\"https:\/\/www.youtube.com\/watch?v=TQ7-De9eMMg\" target=\"_blank\" rel=\"noopener\">\u00ab\u00a0R\u00eaver, c&rsquo;est rencontrer quelqu&rsquo;un\u00a0\u00bb<\/a><\/li>\n<li><a href=\"https:\/\/www.franceculture.fr\/emissions\/la-fabrique-de-lhistoire\/histoire-des-reves-34-oracles-divinations-et-revelations?utm_campaign=Echobox&amp;utm_medium=Social&amp;utm_source=Facebook\" target=\"_blank\" rel=\"noopener\">Interpr\u00e9tation des r\u00eaves au Moyen Age<\/a> par France Culture (Fabrique de l&rsquo;histoire)<\/li>\n<li>Aujourd&rsquo;hui, les m\u00e9thodes d&rsquo;interpr\u00e9tation des r\u00eaves fleurissent partout sur le web et dans des livres, stages divers. A prendre avec des pincettes&#8230;<\/li>\n<\/ul>\n<p>Jung r\u00eava \u00ab <em>qu&rsquo;au lieu de parler, assis dans son bureau, avec les grands docteurs et les psychiatres qui venaient le voir du monde entier, il se trouvait sur une place publique, et s&rsquo;adressait \u00e0 une foule qui l&rsquo;\u00e9coutait avec une profonde attention, et\u00a0<\/em><i>comprenait ce qu&rsquo;il disait &#8230;\u00a0<\/i>\u00bb<\/p>\n<p><img loading=\"lazy\" decoding=\"async\" class=\"alignnone  wp-image-8427\" src=\"https:\/\/test2.under-construction.work\/wp-content\/uploads\/2017\/11\/un-tramway-nommc3a9-dc3a9sir-vivien-leigh.jpg\" alt=\"Un tramway nomm\u00e9 D\u00e9sir (Vivien Leigh)\" width=\"735\" height=\"551\" \/><\/p>\n<p>&nbsp;<\/p>\n<blockquote>\n<p style=\"text-align:justify;\">Si vous d\u00e9sirez <a href=\"https:\/\/test2.under-construction.work\/2018\/04\/21\/stage-lautohypnose-pour-developper-la-conscience-de-soi-et-le-mieux-etre-saint-germain-de-calberte-cevennes-16-17-juin-2018\/\" target=\"_blank\" rel=\"noopener\">organiser une formation dans laquelle j&rsquo;interviens\u00a0<\/a>(il suffit d&rsquo;une dizaine d&rsquo;hypnopraticien.ne.s et d&rsquo;une salle), je me d\u00e9place avec plaisir pour le RED et le REAH dans votre r\u00e9gion. Ecrivez-moi pour convenir des conditions.<\/p>\n<\/blockquote>\n<p><span style=\"color:#800080;\"><strong>\u00a9 Marie Lisel<\/strong><\/span><\/p>\n<\/div>\n","protected":false},"excerpt":{"rendered":"<p>\u00ab Le r\u00eave n&rsquo;est pas li\u00e9 au seul \u00e9tat c\u00e9r\u00e9bral qu&rsquo;est le sommeil&#8230;Il est plut\u00f4t li\u00e9 au niveau d&rsquo;activation c\u00e9r\u00e9brale.Les r\u00eaves sont des simulations imaginatives, mais largement r\u00e9alistes de la vie \u00e9veill\u00e9e. \u00bb Ils prennent naissance dans les m\u00eames parties du cerveau qui constituent le r\u00e9seau dit par d\u00e9faut, connues pour \u00eatre les plus actives [&hellip;]<\/p>\n","protected":false},"author":2,"featured_media":8962,"parent":0,"menu_order":0,"comment_status":"closed","ping_status":"closed","template":"","meta":{"footnotes":""},"class_list":["post-9661","page","type-page","status-publish","has-post-thumbnail","hentry"],"_links":{"self":[{"href":"https:\/\/test2.under-construction.work\/index.php\/wp-json\/wp\/v2\/pages\/9661","targetHints":{"allow":["GET"]}}],"collection":[{"href":"https:\/\/test2.under-construction.work\/index.php\/wp-json\/wp\/v2\/pages"}],"about":[{"href":"https:\/\/test2.under-construction.work\/index.php\/wp-json\/wp\/v2\/types\/page"}],"author":[{"embeddable":true,"href":"https:\/\/test2.under-construction.work\/index.php\/wp-json\/wp\/v2\/users\/2"}],"replies":[{"embeddable":true,"href":"https:\/\/test2.under-construction.work\/index.php\/wp-json\/wp\/v2\/comments?post=9661"}],"version-history":[{"count":0,"href":"https:\/\/test2.under-construction.work\/index.php\/wp-json\/wp\/v2\/pages\/9661\/revisions"}],"wp:featuredmedia":[{"embeddable":true,"href":"https:\/\/test2.under-construction.work\/index.php\/wp-json\/"}],"wp:attachment":[{"href":"https:\/\/test2.under-construction.work\/index.php\/wp-json\/wp\/v2\/media?parent=9661"}],"curies":[{"name":"wp","href":"https:\/\/api.w.org\/{rel}","templated":true}]}}